{"id":1235,"date":"2020-05-14T14:59:45","date_gmt":"2020-05-14T10:59:45","guid":{"rendered":"http:\/\/agorah.com\/?page_id=1235"},"modified":"2025-08-12T08:06:36","modified_gmt":"2025-08-12T04:06:36","slug":"gouvernance","status":"publish","type":"page","link":"https:\/\/www.agorah.com\/index.php\/gouvernance\/","title":{"rendered":"gouvernance"},"content":{"rendered":"<p>[et_pb_section fb_built=\u00a0\u00bb1&Prime; fullwidth=\u00a0\u00bbon\u00a0\u00bb _builder_version=\u00a0\u00bb4.16&Prime; custom_padding=\u00a0\u00bb0px|0px|0px|0px\u00a0\u00bb global_colors_info=\u00a0\u00bb{}\u00a0\u00bb][et_pb_fullwidth_image src=\u00a0\u00bbhttp:\/\/www.agorah.com\/wp-content\/uploads\/2023\/06\/bandeau.png\u00a0\u00bb title_text=\u00a0\u00bbbandeau\u00a0\u00bb _builder_version=\u00a0\u00bb4.21.0&Prime; global_colors_info=\u00a0\u00bb{}\u00a0\u00bb][\/et_pb_fullwidth_image][\/et_pb_section][et_pb_section fb_built=\u00a0\u00bb1&Prime; _builder_version=\u00a0\u00bb4.16&Prime; custom_padding=\u00a0\u00bb0px|0px|0px|0px\u00a0\u00bb global_colors_info=\u00a0\u00bb{}\u00a0\u00bb][et_pb_row _builder_version=\u00a0\u00bb4.16&Prime; custom_padding=\u00a0\u00bb0px|0px|0px|0px\u00a0\u00bb global_colors_info=\u00a0\u00bb{}\u00a0\u00bb][et_pb_column type=\u00a0\u00bb4_4&Prime; _builder_version=\u00a0\u00bb4.16&Prime; custom_padding=\u00a0\u00bb|||\u00a0\u00bb global_colors_info=\u00a0\u00bb{}\u00a0\u00bb custom_padding__hover=\u00a0\u00bb|||\u00a0\u00bb][et_pb_text _builder_version=\u00a0\u00bb4.16&Prime; global_colors_info=\u00a0\u00bb{}\u00a0\u00bb]<\/p>\n<blockquote>\n<h2><b>LA GOUVERNANCE<\/b><\/h2>\n<\/blockquote>\n<p>[\/et_pb_text][\/et_pb_column][\/et_pb_row][et_pb_row _builder_version=\u00a0\u00bb4.16&Prime; global_colors_info=\u00a0\u00bb{}\u00a0\u00bb][et_pb_column type=\u00a0\u00bb4_4&Prime; _builder_version=\u00a0\u00bb4.16&Prime; custom_padding=\u00a0\u00bb|||\u00a0\u00bb global_colors_info=\u00a0\u00bb{}\u00a0\u00bb custom_padding__hover=\u00a0\u00bb|||\u00a0\u00bb][et_pb_cta title=\u00a0\u00bbPr\u00e9sidence\u00a0\u00bb button_text=\u00a0\u00bbPlus\u00a0\u00bb _builder_version=\u00a0\u00bb4.16&Prime; background_color=\u00a0\u00bb#ffffff\u00a0\u00bb background_layout=\u00a0\u00bblight\u00a0\u00bb global_colors_info=\u00a0\u00bb{}\u00a0\u00bb button_text_size__hover_enabled=\u00a0\u00bboff\u00a0\u00bb button_one_text_size__hover_enabled=\u00a0\u00bboff\u00a0\u00bb button_two_text_size__hover_enabled=\u00a0\u00bboff\u00a0\u00bb button_text_color__hover_enabled=\u00a0\u00bboff\u00a0\u00bb button_one_text_color__hover_enabled=\u00a0\u00bboff\u00a0\u00bb button_two_text_color__hover_enabled=\u00a0\u00bboff\u00a0\u00bb button_border_width__hover_enabled=\u00a0\u00bboff\u00a0\u00bb button_one_border_width__hover_enabled=\u00a0\u00bboff\u00a0\u00bb button_two_border_width__hover_enabled=\u00a0\u00bboff\u00a0\u00bb button_border_color__hover_enabled=\u00a0\u00bboff\u00a0\u00bb button_one_border_color__hover_enabled=\u00a0\u00bboff\u00a0\u00bb button_two_border_color__hover_enabled=\u00a0\u00bboff\u00a0\u00bb button_border_radius__hover_enabled=\u00a0\u00bboff\u00a0\u00bb button_one_border_radius__hover_enabled=\u00a0\u00bboff\u00a0\u00bb button_two_border_radius__hover_enabled=\u00a0\u00bboff\u00a0\u00bb button_letter_spacing__hover_enabled=\u00a0\u00bboff\u00a0\u00bb button_one_letter_spacing__hover_enabled=\u00a0\u00bboff\u00a0\u00bb button_two_letter_spacing__hover_enabled=\u00a0\u00bboff\u00a0\u00bb button_bg_color__hover_enabled=\u00a0\u00bboff\u00a0\u00bb button_one_bg_color__hover_enabled=\u00a0\u00bboff\u00a0\u00bb button_two_bg_color__hover_enabled=\u00a0\u00bboff\u00a0\u00bb][\/et_pb_cta][et_pb_text _builder_version=\u00a0\u00bb4.16&Prime; custom_margin=\u00a0\u00bb-100px|||\u00a0\u00bb global_colors_info=\u00a0\u00bb{}\u00a0\u00bb]<\/p>\n<p style=\"text-align: center;\"><strong>Christian ANNETTE<\/strong><\/p>\n<p class=\"et_pb_testimonial_meta\" style=\"text-align: center;\">Conseiller R\u00e9gional, <span style=\"font-size: 14px;\">Pr\u00e9sident de l\u2019AGORAH<\/span><\/p>\n<p>[\/et_pb_text][\/et_pb_column][\/et_pb_row][\/et_pb_section][et_pb_section fb_built=\u00a0\u00bb1&Prime; _builder_version=\u00a0\u00bb4.16&Prime; custom_padding=\u00a0\u00bb0px|0px|90px|0px\u00a0\u00bb global_colors_info=\u00a0\u00bb{}\u00a0\u00bb][et_pb_row _builder_version=\u00a0\u00bb4.16&Prime; global_colors_info=\u00a0\u00bb{}\u00a0\u00bb][et_pb_column type=\u00a0\u00bb4_4&Prime; _builder_version=\u00a0\u00bb4.16&Prime; custom_padding=\u00a0\u00bb|||\u00a0\u00bb global_colors_info=\u00a0\u00bb{}\u00a0\u00bb custom_padding__hover=\u00a0\u00bb|||\u00a0\u00bb][et_pb_text _builder_version=\u00a0\u00bb4.22.1&Prime; locked=\u00a0\u00bboff\u00a0\u00bb global_colors_info=\u00a0\u00bb{}\u00a0\u00bb]<\/p>\n<blockquote>\n<h2><strong>LES MEMBRES DE NOTRE CONSEIL D\u2019ADMINISTRATION<\/strong><\/h2>\n<\/blockquote>\n<p>Conform\u00e9ment \u00e0 ses statuts adopt\u00e9s le 31 d\u00e9cembre 2016, L\u2019AGORAH est compos\u00e9e de membres de droit (Conseil d\u2019Administration) : l\u2019\u00c9tat, le Conseil R\u00e9gional, les 5 EPCI et l\u2019Armos et de membres adh\u00e9rents (apr\u00e8s accord du Conseil d\u2019Administration).<\/p>\n<h3><span style=\"color: #0c71c3;\"><strong>\u00c9TAT\u00a0<\/strong><\/span><\/h3>\n<p><strong>M.\u00a0Vassili CZORNY<\/strong> &#8211; Secr\u00e9taire G\u00e9n\u00e9ral Aux Affaires R\u00e9gionales<\/p>\n<p><strong>M. Philippe GRAMMONT<\/strong> &#8211; Directeur de la DEAL &#8211; Vice-Pr\u00e9sident de l&rsquo;AGORAH<\/p>\n<h3><span style=\"color: #0c71c3;\"><strong>CONSEIL R\u00c9GIONAL<\/strong><\/span><\/h3>\n<p><strong>M. Christian ANNETTE<\/strong> &#8211; Conseiller R\u00e9gional, Pr\u00e9sident de l&rsquo;AGORAH<\/p>\n<p><strong>Mme. Karine NAB\u00c9N\u00c9SA<\/strong> &#8211; Vice-Pr\u00e9sidente du Conseil R\u00e9gional<\/p>\n<p><strong>M. Jacques T\u00c9CHER<\/strong> &#8211; Vice-Pr\u00e9sident du Conseil R\u00e9gional<\/p>\n<p><strong>M. Wilfrid BERTILE<\/strong> &#8211; Conseiller R\u00e9gional<\/p>\n<h3><span style=\"color: #0c71c3;\"><strong>CONSEIL D\u00c9PARTEMENTAL<\/strong><\/span><\/h3>\n<p><strong>M. Bruno ROBERT<\/strong> &#8211; \u00c9lu repr\u00e9sentant du D\u00e9partement<\/p>\n<h3><strong><span style=\"color: #0c71c3;\">EPCI<\/span><\/strong><\/h3>\n<p><strong>M. Emmanuel SERAPHIN<\/strong><span> \u2013 Pr\u00e9sident du Territoire de l&rsquo;Ouest<\/span><\/p>\n<p><strong>M. Patrice SELLY<\/strong>\u00a0\u2013 Pr\u00e9sident de la CIREST, repr\u00e9sent\u00e9 par<strong> M. Jean-Louis VITAL (Tr\u00e9sorier de l&rsquo;AGORAH)<\/strong><\/p>\n<p><strong>M. Andr\u00e9 THIEN AH KOON<\/strong>\u00a0\u2013 Pr\u00e9sident de la CASUD, repr\u00e9sent\u00e9 par <strong>Mme. Laurence MONDON<\/strong><\/p>\n<p><strong>M. Maurice GIRONCEL<\/strong> \u2013 Pr\u00e9sident de la CINOR, repr\u00e9sent\u00e9 par<strong>\u00a0M. Jacques LOWINSKY<\/strong><\/p>\n<p><strong>M. Michel FONTAINE<\/strong><span>\u00a0<\/span>,\u00a0Pr\u00e9sident de la CIVIS repr\u00e9sent\u00e9 par <strong>M. Hanif RIAZE<\/strong><\/p>\n<h3><span color=\"#0c71c3\" style=\"color: #0c71c3;\"><b>AUTRE MEMBRE<br \/><\/b><\/span><\/h3>\n<p><strong>M. Fr\u00e9d\u00e9ric PILLORE <\/strong>\u2013 Pr\u00e9sident de l\u2019ARMOS-oi<\/p>\n<p>&nbsp;<\/p>\n<blockquote>\n<h2><strong>LES MEMBRES DE NOTRE <\/strong><strong>ASSEMBL\u00c9E G\u00c9N\u00c9RALE<\/strong><\/h2>\n<\/blockquote>\n<h3><span style=\"color: #0c71c3;\"><strong>\u00c9TAT<\/strong><\/span><\/h3>\n<p><strong>M. Vassili CZORNY <\/strong>&#8211;\u00a0Adjoint SGAR PREFECTURE<\/p>\n<p><strong>M. Philippe GRAMMONT<\/strong> &#8211; Directeur de la DEAL &#8211; Vice-Pr\u00e9sident de l&rsquo;AGORAH<\/p>\n<h3><span style=\"color: #0c71c3;\"><strong>CONSEIL REGIONAL<\/strong><\/span><\/h3>\n<p><strong>M. Christian ANNETTE<\/strong> &#8211; Conseiller R\u00e9gional, Pr\u00e9sident de l&rsquo;AGORAH<\/p>\n<p><strong>M. Wilfrid BERTILE<\/strong> &#8211; Conseiller R\u00e9gional<\/p>\n<p><strong>Mme. Karine NAB\u00c9N\u00c9SA<\/strong> &#8211; Conseill\u00e8re R\u00e9gionale<\/p>\n<p><strong>M. Jacques T\u00c9CHER<\/strong> &#8211; Conseiller R\u00e9gional <strong><\/strong><\/p>\n<h3><span style=\"color: #0c71c3;\"><strong>CONSEIL D\u00c9PARTEMENTAL<\/strong><\/span><\/h3>\n<p><strong>M. Bruno ROBERT<\/strong> &#8211; \u00c9lu repr\u00e9sentant du D\u00e9partement<\/p>\n<h3><span style=\"color: #0c71c3;\"><strong>EPCI<\/strong><\/span><\/h3>\n<p><strong>M. Emmanuel SERAPHIN<\/strong><span> \u2013 Pr\u00e9sident du Territoire de l&rsquo;Ouest<\/span><\/p>\n<p><strong>M. Patrice SELLY<\/strong>\u00a0\u2013 Pr\u00e9sident de la CIREST, repr\u00e9sent\u00e9 par<strong> M. Jean-Louis VITAL<\/strong><\/p>\n<p><strong>M. Andr\u00e9 THIEN AH KOON<\/strong>\u00a0\u2013 Pr\u00e9sident de la CASUD, repr\u00e9sent\u00e9 par <strong>Mme. Laurence MONDON<\/strong><\/p>\n<p><strong>M. Maurice GIRONCEL<\/strong> \u2013 Pr\u00e9sident de la CINOR, repr\u00e9sent\u00e9 par<strong>\u00a0M. Jacques LOWINSKY<\/strong><\/p>\n<p><strong>M. Michel FONTAINE<\/strong><span>\u00a0<\/span>,\u00a0Pr\u00e9sident de la CIVIS repr\u00e9sent\u00e9 par <strong>M. Hanif RIAZE<\/strong><\/p>\n<h3><span color=\"#0c71c3\" style=\"color: #0c71c3;\"><b>ARMOS<\/b><\/span><\/h3>\n<p><strong>M. Fr\u00e9d\u00e9ric PILLORE <\/strong>\u2013 Pr\u00e9sident de l\u2019ARMOS-oi<\/p>\n<h3><span style=\"color: #0c71c3;\"><strong>LES MEMBRES ADH\u00c9RENTS<\/strong><\/span><\/h3>\n<p><strong>Mme. Vanessa MIRANVILLE<\/strong> \u2013 Maire de La Possession<\/p>\n<p><strong>M. Roger RAMCHETTY<\/strong> \u2013 Pr\u00e9sident du CCEE<\/p>\n<p><strong>M. Pierrick ROBERT<\/strong>\u00a0\u2013 Pr\u00e9sident de la CCIR<\/p>\n<p><strong>M. Eric MARGUERITE<\/strong> \u2013 Repr\u00e9sentant du CESER<\/p>\n<p><strong>M. Bernard PICARDO<\/strong>\u00a0\u2013 Pr\u00e9sident de la Chambre des M\u00e9tiers<\/p>\n<p><strong>M. Patrice BOULEVART<\/strong>\u00a0\u2013 Pr\u00e9sident du Syndicat Mixte des Transports de La R\u00e9union (SMTR)<\/p>\n<p><strong>M. Christophe LOISEAU<\/strong> \u2013 Directeur G\u00e9n\u00e9ral Adjoint de la Caisse des D\u00e9p\u00f4ts (CDC)<\/p>\n<p><strong>M. Fr\u00e9d\u00e9ric GUILLOT<\/strong>\u00a0\u2013 Directeur R\u00e9gional de l\u2019ADEME<\/p>\n<p><strong>Mme. Marie-Pierre NICOLLET<\/strong>\u00a0\u2013 Directrice de l\u2019AFD<\/p>\n<p><strong>M. G\u00e9rard COTTELLON<\/strong> \u2013 Directeur de l\u2019ARS-OI<\/p>\n<p><strong>Mme. Anne SERY<\/strong> \u2013 Directrice de la SEMADER<\/p>\n<p><strong>Mme. Anne SERY<\/strong> \u2013 Directrice G\u00e9n\u00e9rale de la SODIAC<\/p>\n<p><strong>M. \u00c9ric LEGRIGEOIS<\/strong> \u2013 Pr\u00e9sident du Directoire du GRAND PORT MARITIME<\/p>\n<p><strong>Mme. <span>Christine PARAM\u00c9<\/span><\/strong> \u2013 Directrice de l\u2019EPF REUNION<\/p>\n<p><strong>Mme. Ericka BAREIGTS<\/strong> \u2013 Maire de la commune de Saint-Denis<\/p>\n<p><strong>M. Bruno DOMEN<\/strong>\u2013 Maire de la commune de Saint-Leu<\/p>\n<p><strong>M. Thierry HENRIETTE<\/strong> \u2013 Pr\u00e9sident de la SAFER<\/p>\n<p><strong>M. Andr\u00e9 THIEN AH KOON &#8211; <\/strong>Maire de la commune du Tampon<\/p>\n<p><strong>M. Armand MOUNIATA<\/strong> \u2013 Elu repr\u00e9sentant de l\u2019ILEVA<\/p>\n<p><strong>M. Michel FONTAINE<\/strong> \u2013 Maire de la commune de Saint-Pierre<\/p>\n<p><strong>M. Patrice DE LARICHAUDY<\/strong> \u2013 Directeur G\u00e9n\u00e9ral de la NEXA<\/p>\n<p><strong>Mme. Catherine MOREL<\/strong> \u2013 Directrice du CAUE<\/p>\n<p><strong>Mme. M\u00e9mouna PATEL<\/strong> \u2013 Elue-Repr\u00e9sentante de la Mairie du Port<\/p>\n<p><strong>Mme. Val\u00e9rie LENORMAND<\/strong> &#8211; Directrice G\u00e9n\u00e9rale\u00a0 d\u00e9l\u00e9gu\u00e9e de la SHLMR<\/p>\n<p>&nbsp;<\/p>\n<p>[\/et_pb_text][\/et_pb_column][\/et_pb_row][\/et_pb_section]<\/p>\n","protected":false},"excerpt":{"rendered":"<p>LA GOUVERNANCE Christian ANNETTE Conseiller R\u00e9gional, Pr\u00e9sident de l\u2019AGORAH LES MEMBRES DE NOTRE CONSEIL D\u2019ADMINISTRATION Conform\u00e9ment \u00e0 ses statuts adopt\u00e9s le 31 d\u00e9cembre 2016, L\u2019AGORAH est compos\u00e9e de membres de droit (Conseil d\u2019Administration) : l\u2019\u00c9tat, le Conseil R\u00e9gional, les 5 EPCI et l\u2019Armos et de membres adh\u00e9rents (apr\u00e8s accord du Conseil d\u2019Administration). \u00c9TAT\u00a0 M.\u00a0Vassili CZORNY [&hellip;]<\/p>\n","protected":false},"author":1,"featured_media":0,"parent":0,"menu_order":0,"comment_status":"closed","ping_status":"closed","template":"","meta":{"_et_pb_use_builder":"on","_et_pb_old_content":"","_et_gb_content_width":"","_monsterinsights_skip_tracking":false,"_monsterinsights_sitenote_active":false,"_monsterinsights_sitenote_note":"","_monsterinsights_sitenote_category":0,"footnotes":""},"yoast_head":"<!-- This site is optimized with the Yoast SEO plugin v23.2 - https:\/\/yoast.com\/wordpress\/plugins\/seo\/ -->\n<title>gouvernance - AGORAH Agence d&#039;urbanisme de La R\u00e9union<\/title>\n<meta name=\"robots\" content=\"index, follow, max-snippet:-1, max-image-preview:large, max-video-preview:-1\" \/>\n<link rel=\"canonical\" href=\"https:\/\/www.agorah.com\/index.php\/gouvernance\/\" \/>\n<meta property=\"og:locale\" content=\"fr_FR\" \/>\n<meta property=\"og:type\" content=\"article\" \/>\n<meta property=\"og:title\" content=\"gouvernance - AGORAH Agence d&#039;urbanisme de La R\u00e9union\" \/>\n<meta property=\"og:description\" content=\"LA GOUVERNANCE Christian ANNETTE Conseiller R\u00e9gional, Pr\u00e9sident de l\u2019AGORAH LES MEMBRES DE NOTRE CONSEIL D\u2019ADMINISTRATION Conform\u00e9ment \u00e0 ses statuts adopt\u00e9s le 31 d\u00e9cembre 2016, L\u2019AGORAH est compos\u00e9e de membres de droit (Conseil d\u2019Administration) : l\u2019\u00c9tat, le Conseil R\u00e9gional, les 5 EPCI et l\u2019Armos et de membres adh\u00e9rents (apr\u00e8s accord du Conseil d\u2019Administration). \u00c9TAT\u00a0 M.\u00a0Vassili CZORNY [&hellip;]\" \/>\n<meta property=\"og:url\" content=\"https:\/\/www.agorah.com\/index.php\/gouvernance\/\" \/>\n<meta property=\"og:site_name\" content=\"AGORAH Agence d&#039;urbanisme de La R\u00e9union\" \/>\n<meta property=\"article:publisher\" content=\"https:\/\/www.facebook.com\/AgorahReunion\" \/>\n<meta property=\"article:modified_time\" content=\"2025-08-12T04:06:36+00:00\" \/>\n<meta name=\"twitter:card\" content=\"summary_large_image\" \/>\n<meta name=\"twitter:label1\" content=\"Dur\u00e9e de lecture estim\u00e9e\" \/>\n\t<meta name=\"twitter:data1\" content=\"5 minutes\" \/>\n<script type=\"application\/ld+json\" class=\"yoast-schema-graph\">{\"@context\":\"https:\/\/schema.org\",\"@graph\":[{\"@type\":\"WebPage\",\"@id\":\"https:\/\/www.agorah.com\/index.php\/gouvernance\/\",\"url\":\"https:\/\/www.agorah.com\/index.php\/gouvernance\/\",\"name\":\"gouvernance - AGORAH Agence d&#039;urbanisme de La R\u00e9union\",\"isPartOf\":{\"@id\":\"https:\/\/www.agorah.com\/#website\"},\"datePublished\":\"2020-05-14T10:59:45+00:00\",\"dateModified\":\"2025-08-12T04:06:36+00:00\",\"breadcrumb\":{\"@id\":\"https:\/\/www.agorah.com\/index.php\/gouvernance\/#breadcrumb\"},\"inLanguage\":\"fr-FR\",\"potentialAction\":[{\"@type\":\"ReadAction\",\"target\":[\"https:\/\/www.agorah.com\/index.php\/gouvernance\/\"]}]},{\"@type\":\"BreadcrumbList\",\"@id\":\"https:\/\/www.agorah.com\/index.php\/gouvernance\/#breadcrumb\",\"itemListElement\":[{\"@type\":\"ListItem\",\"position\":1,\"name\":\"Accueil\",\"item\":\"https:\/\/www.agorah.com\/\"},{\"@type\":\"ListItem\",\"position\":2,\"name\":\"gouvernance\"}]},{\"@type\":\"WebSite\",\"@id\":\"https:\/\/www.agorah.com\/#website\",\"url\":\"https:\/\/www.agorah.com\/\",\"name\":\"AGORAH Agence d'urbanisme de La R\u00e9union\",\"description\":\"AGORAH  Agence d&#039;urbanisme de La R\u00e9union\",\"publisher\":{\"@id\":\"https:\/\/www.agorah.com\/#organization\"},\"alternateName\":\"AGORAH\",\"potentialAction\":[{\"@type\":\"SearchAction\",\"target\":{\"@type\":\"EntryPoint\",\"urlTemplate\":\"https:\/\/www.agorah.com\/?s={search_term_string}\"},\"query-input\":\"required name=search_term_string\"}],\"inLanguage\":\"fr-FR\"},{\"@type\":\"Organization\",\"@id\":\"https:\/\/www.agorah.com\/#organization\",\"name\":\"AGORAH Agence d'urbanisme de La R\u00e9union\",\"alternateName\":\"AGORAH\",\"url\":\"https:\/\/www.agorah.com\/\",\"logo\":{\"@type\":\"ImageObject\",\"inLanguage\":\"fr-FR\",\"@id\":\"https:\/\/www.agorah.com\/#\/schema\/logo\/image\/\",\"url\":\"https:\/\/www.agorah.com\/wp-content\/uploads\/2020\/05\/LOGO-SITE-BASELINE-4.png\",\"contentUrl\":\"https:\/\/www.agorah.com\/wp-content\/uploads\/2020\/05\/LOGO-SITE-BASELINE-4.png\",\"width\":5111,\"height\":982,\"caption\":\"AGORAH Agence d'urbanisme de La R\u00e9union\"},\"image\":{\"@id\":\"https:\/\/www.agorah.com\/#\/schema\/logo\/image\/\"},\"sameAs\":[\"https:\/\/www.facebook.com\/AgorahReunion\",\"https:\/\/www.linkedin.com\/company\/agorah-agence-durbanisme--la-runion\/mycompany\/?viewAsMember=true\"]}]}<\/script>\n<!-- \/ Yoast SEO plugin. -->","yoast_head_json":{"title":"gouvernance - AGORAH Agence d&#039;urbanisme de La R\u00e9union","robots":{"index":"index","follow":"follow","max-snippet":"max-snippet:-1","max-image-preview":"max-image-preview:large","max-video-preview":"max-video-preview:-1"},"canonical":"https:\/\/www.agorah.com\/index.php\/gouvernance\/","og_locale":"fr_FR","og_type":"article","og_title":"gouvernance - AGORAH Agence d&#039;urbanisme de La R\u00e9union","og_description":"LA GOUVERNANCE Christian ANNETTE Conseiller R\u00e9gional, Pr\u00e9sident de l\u2019AGORAH LES MEMBRES DE NOTRE CONSEIL D\u2019ADMINISTRATION Conform\u00e9ment \u00e0 ses statuts adopt\u00e9s le 31 d\u00e9cembre 2016, L\u2019AGORAH est compos\u00e9e de membres de droit (Conseil d\u2019Administration) : l\u2019\u00c9tat, le Conseil R\u00e9gional, les 5 EPCI et l\u2019Armos et de membres adh\u00e9rents (apr\u00e8s accord du Conseil d\u2019Administration). \u00c9TAT\u00a0 M.\u00a0Vassili CZORNY [&hellip;]","og_url":"https:\/\/www.agorah.com\/index.php\/gouvernance\/","og_site_name":"AGORAH Agence d&#039;urbanisme de La R\u00e9union","article_publisher":"https:\/\/www.facebook.com\/AgorahReunion","article_modified_time":"2025-08-12T04:06:36+00:00","twitter_card":"summary_large_image","twitter_misc":{"Dur\u00e9e de lecture estim\u00e9e":"5 minutes"},"schema":{"@context":"https:\/\/schema.org","@graph":[{"@type":"WebPage","@id":"https:\/\/www.agorah.com\/index.php\/gouvernance\/","url":"https:\/\/www.agorah.com\/index.php\/gouvernance\/","name":"gouvernance - AGORAH Agence d&#039;urbanisme de La R\u00e9union","isPartOf":{"@id":"https:\/\/www.agorah.com\/#website"},"datePublished":"2020-05-14T10:59:45+00:00","dateModified":"2025-08-12T04:06:36+00:00","breadcrumb":{"@id":"https:\/\/www.agorah.com\/index.php\/gouvernance\/#breadcrumb"},"inLanguage":"fr-FR","potentialAction":[{"@type":"ReadAction","target":["https:\/\/www.agorah.com\/index.php\/gouvernance\/"]}]},{"@type":"BreadcrumbList","@id":"https:\/\/www.agorah.com\/index.php\/gouvernance\/#breadcrumb","itemListElement":[{"@type":"ListItem","position":1,"name":"Accueil","item":"https:\/\/www.agorah.com\/"},{"@type":"ListItem","position":2,"name":"gouvernance"}]},{"@type":"WebSite","@id":"https:\/\/www.agorah.com\/#website","url":"https:\/\/www.agorah.com\/","name":"AGORAH Agence d'urbanisme de La R\u00e9union","description":"AGORAH  Agence d&#039;urbanisme de La R\u00e9union","publisher":{"@id":"https:\/\/www.agorah.com\/#organization"},"alternateName":"AGORAH","potentialAction":[{"@type":"SearchAction","target":{"@type":"EntryPoint","urlTemplate":"https:\/\/www.agorah.com\/?s={search_term_string}"},"query-input":"required name=search_term_string"}],"inLanguage":"fr-FR"},{"@type":"Organization","@id":"https:\/\/www.agorah.com\/#organization","name":"AGORAH Agence d'urbanisme de La R\u00e9union","alternateName":"AGORAH","url":"https:\/\/www.agorah.com\/","logo":{"@type":"ImageObject","inLanguage":"fr-FR","@id":"https:\/\/www.agorah.com\/#\/schema\/logo\/image\/","url":"https:\/\/www.agorah.com\/wp-content\/uploads\/2020\/05\/LOGO-SITE-BASELINE-4.png","contentUrl":"https:\/\/www.agorah.com\/wp-content\/uploads\/2020\/05\/LOGO-SITE-BASELINE-4.png","width":5111,"height":982,"caption":"AGORAH Agence d'urbanisme de La R\u00e9union"},"image":{"@id":"https:\/\/www.agorah.com\/#\/schema\/logo\/image\/"},"sameAs":["https:\/\/www.facebook.com\/AgorahReunion","https:\/\/www.linkedin.com\/company\/agorah-agence-durbanisme--la-runion\/mycompany\/?viewAsMember=true"]}]}},"_links":{"self":[{"href":"https:\/\/www.agorah.com\/index.php\/wp-json\/wp\/v2\/pages\/1235"}],"collection":[{"href":"https:\/\/www.agorah.com\/index.php\/wp-json\/wp\/v2\/pages"}],"about":[{"href":"https:\/\/www.agorah.com\/index.php\/wp-json\/wp\/v2\/types\/page"}],"author":[{"embeddable":true,"href":"https:\/\/www.agorah.com\/index.php\/wp-json\/wp\/v2\/users\/1"}],"replies":[{"embeddable":true,"href":"https:\/\/www.agorah.com\/index.php\/wp-json\/wp\/v2\/comments?post=1235"}],"version-history":[{"count":2,"href":"https:\/\/www.agorah.com\/index.php\/wp-json\/wp\/v2\/pages\/1235\/revisions"}],"predecessor-version":[{"id":4626,"href":"https:\/\/www.agorah.com\/index.php\/wp-json\/wp\/v2\/pages\/1235\/revisions\/4626"}],"wp:attachment":[{"href":"https:\/\/www.agorah.com\/index.php\/wp-json\/wp\/v2\/media?parent=1235"}],"curies":[{"name":"wp","href":"https:\/\/api.w.org\/{rel}","templated":true}]}}