{"id":2287,"date":"2020-08-24T09:58:09","date_gmt":"2020-08-24T05:58:09","guid":{"rendered":"http:\/\/www.agorah.com\/?page_id=2287"},"modified":"2023-09-21T10:59:16","modified_gmt":"2023-09-21T06:59:16","slug":"mentions-legales","status":"publish","type":"page","link":"https:\/\/www.agorah.com\/index.php\/mentions-legales\/","title":{"rendered":"MENTIONS L\u00c9GALES"},"content":{"rendered":"<p>[et_pb_section fb_built=\u00a0\u00bb1&Prime; admin_label=\u00a0\u00bbsection\u00a0\u00bb _builder_version=\u00a0\u00bb4.16&Prime; custom_padding=\u00a0\u00bb57px|0px|69px|0px\u00a0\u00bb global_colors_info=\u00a0\u00bb{}\u00a0\u00bb][et_pb_row _builder_version=\u00a0\u00bb4.16&Prime; custom_padding=\u00a0\u00bb0px|0px|0px|0px\u00a0\u00bb global_colors_info=\u00a0\u00bb{}\u00a0\u00bb column_structure=\u00a0\u00bb1_2,1_2&Prime;][et_pb_column type=\u00a0\u00bb1_2&Prime; _builder_version=\u00a0\u00bb4.16&Prime; custom_padding=\u00a0\u00bb|||\u00a0\u00bb global_colors_info=\u00a0\u00bb{}\u00a0\u00bb custom_padding__hover=\u00a0\u00bb|||\u00a0\u00bb][et_pb_cta title=\u00a0\u00bbMENTIONS L\u00c9GALES\u00a0\u00bb disabled_on=\u00a0\u00bbon|on|off\u00a0\u00bb _builder_version=\u00a0\u00bb4.16&Prime; custom_margin=\u00a0\u00bb|-50px||\u00a0\u00bb custom_padding=\u00a0\u00bb||500px|\u00a0\u00bb global_colors_info=\u00a0\u00bb{}\u00a0\u00bb button_text_size__hover_enabled=\u00a0\u00bboff\u00a0\u00bb button_one_text_size__hover_enabled=\u00a0\u00bboff\u00a0\u00bb button_two_text_size__hover_enabled=\u00a0\u00bboff\u00a0\u00bb button_text_color__hover_enabled=\u00a0\u00bboff\u00a0\u00bb button_one_text_color__hover_enabled=\u00a0\u00bboff\u00a0\u00bb button_two_text_color__hover_enabled=\u00a0\u00bboff\u00a0\u00bb button_border_width__hover_enabled=\u00a0\u00bboff\u00a0\u00bb button_one_border_width__hover_enabled=\u00a0\u00bboff\u00a0\u00bb button_two_border_width__hover_enabled=\u00a0\u00bboff\u00a0\u00bb button_border_color__hover_enabled=\u00a0\u00bboff\u00a0\u00bb button_one_border_color__hover_enabled=\u00a0\u00bboff\u00a0\u00bb button_two_border_color__hover_enabled=\u00a0\u00bboff\u00a0\u00bb button_border_radius__hover_enabled=\u00a0\u00bboff\u00a0\u00bb button_one_border_radius__hover_enabled=\u00a0\u00bboff\u00a0\u00bb button_two_border_radius__hover_enabled=\u00a0\u00bboff\u00a0\u00bb button_letter_spacing__hover_enabled=\u00a0\u00bboff\u00a0\u00bb button_one_letter_spacing__hover_enabled=\u00a0\u00bboff\u00a0\u00bb button_two_letter_spacing__hover_enabled=\u00a0\u00bboff\u00a0\u00bb button_bg_color__hover_enabled=\u00a0\u00bboff\u00a0\u00bb button_one_bg_color__hover_enabled=\u00a0\u00bboff\u00a0\u00bb button_two_bg_color__hover_enabled=\u00a0\u00bboff\u00a0\u00bb][\/et_pb_cta][\/et_pb_column][et_pb_column type=\u00a0\u00bb1_2&Prime; _builder_version=\u00a0\u00bb4.16&Prime; custom_padding=\u00a0\u00bb|||\u00a0\u00bb global_colors_info=\u00a0\u00bb{}\u00a0\u00bb custom_padding__hover=\u00a0\u00bb|||\u00a0\u00bb][et_pb_text _builder_version=\u00a0\u00bb4.16&Prime; global_colors_info=\u00a0\u00bb{}\u00a0\u00bb]<\/p>\n<h3><strong><\/strong><\/h3>\n<h3><strong>\u00c9diteur<\/strong><\/h3>\n<p>Le site <a href=\"..\/..\/\">www.agorah.com<\/a> est \u00e9dit\u00e9 par l&rsquo;AGORAH, agence d\u2019urbanisme \u00e0 La R\u00e9union, association de loi 1901 \u00e0 but non lucratif.\u00a0<a href=\"http:\/\/agorah.com\/upload\/general\/AGORAH-STATUTS-du%2030122016-sign%C3%A9s%20FCS-JMM.pdf\"><img loading=\"lazy\" decoding=\"async\" src=\"..\/..\/wp-content\/uploads\/2019\/03\/livre-267x300.png\" width=\"17\" height=\"19\" alt=\"\" class=\"wp-image-40 alignnone size-medium\" srcset=\"https:\/\/www.agorah.com\/wp-content\/uploads\/2019\/03\/livre-267x300.png 267w, https:\/\/www.agorah.com\/wp-content\/uploads\/2019\/03\/livre.png 271w\" sizes=\"(max-width: 17px) 100vw, 17px\" \/>\u00a0\u00a0<span><strong>T\u00e9l\u00e9charger les statuts<\/strong><\/span><\/a><\/p>\n<p><strong style=\"color: #333333; font-size: 19px;\">Coordonn\u00e9es<\/strong><\/p>\n<div class=\"wpb_text_column wpb_content_element barlow-regular\">\n<div class=\"wpb_wrapper\">\n<p><strong>AGORAH<\/strong><br \/>2 rue d\u2019Emmerez de Charmoy<br \/>CS 91092, 97490 Sainte-Clotilde<br \/><strong>T\u00e9l:<\/strong> 0262 213 500\u00a0 &#8211;\u00a0\u00a0<strong style=\"font-size: 14px;\">Mail:<\/strong><span style=\"font-size: 14px;\"> direction@agorah.com<\/span><\/p>\n<p><strong style=\"color: #333333; font-size: 19px;\">Direction de publication<\/strong><\/p>\n<\/div>\n<\/div>\n<p>La Co-Direction de l&rsquo;AGORAH<\/p>\n<p>\u00a0<strong style=\"color: #333333; font-size: 19px;\">\u00c9quipe<\/strong><\/p>\n<div class=\"wpb_text_column wpb_content_element barlow-regular\">\n<p>Webmaster : Jo\u00ebl MARTIN<\/p>\n<h3><strong>Conception du site<\/strong><\/h3>\n<p><strong><\/strong><\/p>\n<\/div>\n<div class=\"wpb_text_column wpb_content_element barlow-regular\">\n<p>AGORAH<\/p>\n<h3><strong>Site web h\u00e9berg\u00e9 par\u00a0<\/strong><\/h3>\n<p><b>STOR SOLUTIONS<\/b><\/p>\n<div class=\"address\">Technopole de la R\u00e9union,<\/div>\n<div class=\"address\">4 Rue Ren\u00e9 Demarne<\/div>\n<div class=\"address\">Sainte-Clotilde 97490<\/div>\n<div class=\"address\">La R\u00e9union<\/div>\n<\/div>\n<p>[\/et_pb_text][\/et_pb_column][\/et_pb_row][et_pb_row _builder_version=\u00a0\u00bb4.16&Prime; custom_padding=\u00a0\u00bb0px|0px|0px|0px\u00a0\u00bb global_colors_info=\u00a0\u00bb{}\u00a0\u00bb column_structure=\u00a0\u00bb1_2,1_2&Prime;][et_pb_column type=\u00a0\u00bb1_2&Prime; _builder_version=\u00a0\u00bb4.16&Prime; custom_padding=\u00a0\u00bb|||\u00a0\u00bb global_colors_info=\u00a0\u00bb{}\u00a0\u00bb custom_padding__hover=\u00a0\u00bb|||\u00a0\u00bb][et_pb_text _builder_version=\u00a0\u00bb4.16&Prime; global_colors_info=\u00a0\u00bb{}\u00a0\u00bb]<\/p>\n<h3 class=\"address\" style=\"text-align: justify;\"><strong>Protection des donn\u00e9es personnelles<\/strong><\/h3>\n<div class=\"address\">\n<div class=\"wpb_text_column wpb_content_element barlow-regular\">\n<div class=\"wpb_wrapper\">\n<p style=\"text-align: justify;\">La pr\u00e9sence de cookies sur le site n\u2019est pas destin\u00e9e \u00e0 collecter des informations personnelles sur le profil ou le comportement de l\u2019utilisateur.<\/p>\n<p style=\"text-align: justify;\">Les cookies ont pour uniques but de r\u00e9aliser des statistiques de visites et facilit\u00e9 votre navigation sur le site. Les donn\u00e9es sont anonymis\u00e9es et ne sont pas utilis\u00e9es \u00e0 des fins commerciales.<\/p>\n<\/div>\n<\/div>\n<\/div>\n<p>[\/et_pb_text][\/et_pb_column][et_pb_column type=\u00a0\u00bb1_2&Prime; _builder_version=\u00a0\u00bb4.16&Prime; custom_padding=\u00a0\u00bb|||\u00a0\u00bb global_colors_info=\u00a0\u00bb{}\u00a0\u00bb custom_padding__hover=\u00a0\u00bb|||\u00a0\u00bb][et_pb_cta title=\u00a0\u00bbPROTECTION DES DONN\u00c9ES PERSONNELLES\u00a0\u00bb disabled_on=\u00a0\u00bbon|on|off\u00a0\u00bb _builder_version=\u00a0\u00bb4.16&Prime; background_color=\u00a0\u00bb#4ebdcf\u00a0\u00bb custom_margin=\u00a0\u00bb|||-20px\u00a0\u00bb custom_padding=\u00a0\u00bb||80px|\u00a0\u00bb global_colors_info=\u00a0\u00bb{}\u00a0\u00bb button_text_size__hover_enabled=\u00a0\u00bboff\u00a0\u00bb button_one_text_size__hover_enabled=\u00a0\u00bboff\u00a0\u00bb button_two_text_size__hover_enabled=\u00a0\u00bboff\u00a0\u00bb button_text_color__hover_enabled=\u00a0\u00bboff\u00a0\u00bb button_one_text_color__hover_enabled=\u00a0\u00bboff\u00a0\u00bb button_two_text_color__hover_enabled=\u00a0\u00bboff\u00a0\u00bb button_border_width__hover_enabled=\u00a0\u00bboff\u00a0\u00bb button_one_border_width__hover_enabled=\u00a0\u00bboff\u00a0\u00bb button_two_border_width__hover_enabled=\u00a0\u00bboff\u00a0\u00bb button_border_color__hover_enabled=\u00a0\u00bboff\u00a0\u00bb button_one_border_color__hover_enabled=\u00a0\u00bboff\u00a0\u00bb button_two_border_color__hover_enabled=\u00a0\u00bboff\u00a0\u00bb button_border_radius__hover_enabled=\u00a0\u00bboff\u00a0\u00bb button_one_border_radius__hover_enabled=\u00a0\u00bboff\u00a0\u00bb button_two_border_radius__hover_enabled=\u00a0\u00bboff\u00a0\u00bb button_letter_spacing__hover_enabled=\u00a0\u00bboff\u00a0\u00bb button_one_letter_spacing__hover_enabled=\u00a0\u00bboff\u00a0\u00bb button_two_letter_spacing__hover_enabled=\u00a0\u00bboff\u00a0\u00bb button_bg_color__hover_enabled=\u00a0\u00bboff\u00a0\u00bb button_one_bg_color__hover_enabled=\u00a0\u00bboff\u00a0\u00bb button_two_bg_color__hover_enabled=\u00a0\u00bboff\u00a0\u00bb][\/et_pb_cta][\/et_pb_column][\/et_pb_row][et_pb_row _builder_version=\u00a0\u00bb4.16&Prime; custom_padding=\u00a0\u00bb0px|0px|0px|0px\u00a0\u00bb global_colors_info=\u00a0\u00bb{}\u00a0\u00bb column_structure=\u00a0\u00bb1_2,1_2&Prime;][et_pb_column type=\u00a0\u00bb1_2&Prime; _builder_version=\u00a0\u00bb4.16&Prime; custom_padding=\u00a0\u00bb|||\u00a0\u00bb global_colors_info=\u00a0\u00bb{}\u00a0\u00bb custom_padding__hover=\u00a0\u00bb|||\u00a0\u00bb][et_pb_cta title=\u00a0\u00bbDROITS D&rsquo;AUTEURS ET REPRODUCTION      PROPRI\u00c9T\u00c9 INTELLECTUELLE\u00a0\u00bb disabled_on=\u00a0\u00bbon|on|off\u00a0\u00bb _builder_version=\u00a0\u00bb4.16&Prime; background_color=\u00a0\u00bb#4bb69e\u00a0\u00bb custom_margin=\u00a0\u00bb|-50px||\u00a0\u00bb custom_padding=\u00a0\u00bb||685px|\u00a0\u00bb global_colors_info=\u00a0\u00bb{}\u00a0\u00bb button_text_size__hover_enabled=\u00a0\u00bboff\u00a0\u00bb button_one_text_size__hover_enabled=\u00a0\u00bboff\u00a0\u00bb button_two_text_size__hover_enabled=\u00a0\u00bboff\u00a0\u00bb button_text_color__hover_enabled=\u00a0\u00bboff\u00a0\u00bb button_one_text_color__hover_enabled=\u00a0\u00bboff\u00a0\u00bb button_two_text_color__hover_enabled=\u00a0\u00bboff\u00a0\u00bb button_border_width__hover_enabled=\u00a0\u00bboff\u00a0\u00bb button_one_border_width__hover_enabled=\u00a0\u00bboff\u00a0\u00bb button_two_border_width__hover_enabled=\u00a0\u00bboff\u00a0\u00bb button_border_color__hover_enabled=\u00a0\u00bboff\u00a0\u00bb button_one_border_color__hover_enabled=\u00a0\u00bboff\u00a0\u00bb button_two_border_color__hover_enabled=\u00a0\u00bboff\u00a0\u00bb button_border_radius__hover_enabled=\u00a0\u00bboff\u00a0\u00bb button_one_border_radius__hover_enabled=\u00a0\u00bboff\u00a0\u00bb button_two_border_radius__hover_enabled=\u00a0\u00bboff\u00a0\u00bb button_letter_spacing__hover_enabled=\u00a0\u00bboff\u00a0\u00bb button_one_letter_spacing__hover_enabled=\u00a0\u00bboff\u00a0\u00bb button_two_letter_spacing__hover_enabled=\u00a0\u00bboff\u00a0\u00bb button_bg_color__hover_enabled=\u00a0\u00bboff\u00a0\u00bb button_one_bg_color__hover_enabled=\u00a0\u00bboff\u00a0\u00bb button_two_bg_color__hover_enabled=\u00a0\u00bboff\u00a0\u00bb][\/et_pb_cta][\/et_pb_column][et_pb_column type=\u00a0\u00bb1_2&Prime; _builder_version=\u00a0\u00bb4.16&Prime; custom_padding=\u00a0\u00bb|||\u00a0\u00bb global_colors_info=\u00a0\u00bb{}\u00a0\u00bb custom_padding__hover=\u00a0\u00bb|||\u00a0\u00bb][et_pb_text _builder_version=\u00a0\u00bb4.16&Prime; global_colors_info=\u00a0\u00bb{}\u00a0\u00bb]<\/p>\n<h3 style=\"text-align: justify;\"><\/h3>\n<h3 style=\"text-align: justify;\"><strong>Droits d\u2019auteur et de reproduction \u2013 Propri\u00e9t\u00e9 intellectuelle<\/strong><\/h3>\n<p style=\"text-align: justify;\">Le pr\u00e9sent site constitue une \u0153uvre dont l&rsquo;AGORAH est l\u2019auteur au sens des articles L. 111.1 et suivants du Code de la propri\u00e9t\u00e9 intellectuelle.<\/p>\n<p style=\"text-align: justify;\">Les photographies, textes, dessins, images, s\u00e9quences anim\u00e9es sonores ou non ainsi que toutes \u0153uvres int\u00e9gr\u00e9es dans le site sont la propri\u00e9t\u00e9 de l&rsquo;AGORAH ou de tiers ayant autoris\u00e9 l&rsquo;AGORAH \u00e0 les utiliser.<\/p>\n<p style=\"text-align: justify;\">Les logos, ic\u00f4nes et puces graphiques repr\u00e9sent\u00e9s sur le site sont prot\u00e9g\u00e9s au titre des droits d\u2019auteur et des articles L.111.1 et suivants du Code de la propri\u00e9t\u00e9 intellectuelle relatifs \u00e0 la protection des mod\u00e8les d\u00e9pos\u00e9s.<\/p>\n<p style=\"text-align: justify;\">Les reproductions, sur un support papier ou informatique, dudit site et des \u0153uvres qui y sont reproduites sont autoris\u00e9es, sous r\u00e9serve qu\u2019elles soient strictement r\u00e9serv\u00e9es \u00e0 un usage personnel et\/ou qu\u2019elles soient conformes aux dispositions de l\u2019article L122-5 du Code de la Propri\u00e9t\u00e9 Intellectuelle.<\/p>\n<p style=\"text-align: justify;\">A l\u2019exception des dispositions ci-dessus, toute reproduction, repr\u00e9sentation, utilisation ou modification, par quelque proc\u00e9d\u00e9 que ce soit et sur quelque support que ce soit, de tout ou partie du site, de tout ou partie des diff\u00e9rentes \u0153uvres prot\u00e9g\u00e9es par le droit d\u2019auteur qui y figurent, sans avoir obtenu l\u2019autorisation pr\u00e9alable de l&rsquo;AGORAH, est strictement interdite et constitue un d\u00e9lit de contrefa\u00e7on.<\/p>\n<p style=\"text-align: justify;\">Les utilisateurs des donn\u00e9es s\u2019engagent \u00e0 respecter les conditions d\u2019utilisation des donn\u00e9es conform\u00e9ment aux modalit\u00e9s d\u00e9crites dans les m\u00e9tadonn\u00e9es associ\u00e9es.<br \/>\nToute exploitation cartographique et\/ou analytique sur quelque support que ce soit doit faire figurer les mentions l\u00e9gales sp\u00e9cifi\u00e9es dans les m\u00e9tadonn\u00e9es, et la provenance de l\u2019information par ajout du lien\u00a0<a href=\"http:\/\/www.peigeo.re\/\">www.peigeo.re<\/a>.<\/p>\n<p style=\"text-align: justify;\">Les utilisateurs utilisent les donn\u00e9es sous leur propre responsabilit\u00e9 et doivent s\u2019assurer qu\u2019elles sont en ad\u00e9quation avec les usages qu\u2019ils en font.<\/p>\n<p style=\"text-align: justify;\">Les donn\u00e9es restent la propri\u00e9t\u00e9 de leur auteur.<\/p>\n<p style=\"text-align: justify;\">Les utilisateurs ne peuvent en aucun cas alt\u00e9rer ou transformer les donn\u00e9es, m\u00e9tadonn\u00e9es et mentions de propri\u00e9t\u00e9 associ\u00e9es.<\/p>\n<p>[\/et_pb_text][\/et_pb_column][\/et_pb_row][\/et_pb_section]<\/p>\n","protected":false},"excerpt":{"rendered":"<p>\u00c9diteur Le site www.agorah.com est \u00e9dit\u00e9 par l&rsquo;AGORAH, agence d\u2019urbanisme \u00e0 La R\u00e9union, association de loi 1901 \u00e0 but non lucratif.\u00a0\u00a0\u00a0T\u00e9l\u00e9charger les statuts Coordonn\u00e9es AGORAH2 rue d\u2019Emmerez de CharmoyCS 91092, 97490 Sainte-ClotildeT\u00e9l: 0262 213 500\u00a0 &#8211;\u00a0\u00a0Mail: direction@agorah.com Direction de publication La Co-Direction de l&rsquo;AGORAH \u00a0\u00c9quipe Webmaster : Jo\u00ebl MARTIN Conception du site AGORAH Site web [&hellip;]<\/p>\n","protected":false},"author":1,"featured_media":0,"parent":0,"menu_order":0,"comment_status":"closed","ping_status":"closed","template":"","meta":{"_et_pb_use_builder":"on","_et_pb_old_content":"","_et_gb_content_width":"","_monsterinsights_skip_tracking":false,"_monsterinsights_sitenote_active":false,"_monsterinsights_sitenote_note":"","_monsterinsights_sitenote_category":0,"footnotes":""},"yoast_head":"<!-- This site is optimized with the Yoast SEO plugin v23.2 - https:\/\/yoast.com\/wordpress\/plugins\/seo\/ -->\n<title>MENTIONS L\u00c9GALES - AGORAH Agence d&#039;urbanisme de La R\u00e9union<\/title>\n<meta name=\"robots\" content=\"index, follow, max-snippet:-1, max-image-preview:large, max-video-preview:-1\" \/>\n<link rel=\"canonical\" href=\"https:\/\/www.agorah.com\/index.php\/mentions-legales\/\" \/>\n<meta property=\"og:locale\" content=\"fr_FR\" \/>\n<meta property=\"og:type\" content=\"article\" \/>\n<meta property=\"og:title\" content=\"MENTIONS L\u00c9GALES - AGORAH Agence d&#039;urbanisme de La R\u00e9union\" \/>\n<meta property=\"og:description\" content=\"\u00c9diteur Le site www.agorah.com est \u00e9dit\u00e9 par l&#039;AGORAH, agence d\u2019urbanisme \u00e0 La R\u00e9union, association de loi 1901 \u00e0 but non lucratif.\u00a0\u00a0\u00a0T\u00e9l\u00e9charger les statuts Coordonn\u00e9es AGORAH2 rue d\u2019Emmerez de CharmoyCS 91092, 97490 Sainte-ClotildeT\u00e9l: 0262 213 500\u00a0 -\u00a0\u00a0Mail: direction@agorah.com Direction de publication La Co-Direction de l&#039;AGORAH \u00a0\u00c9quipe Webmaster : Jo\u00ebl MARTIN Conception du site AGORAH Site web [&hellip;]\" \/>\n<meta property=\"og:url\" content=\"https:\/\/www.agorah.com\/index.php\/mentions-legales\/\" \/>\n<meta property=\"og:site_name\" content=\"AGORAH Agence d&#039;urbanisme de La R\u00e9union\" \/>\n<meta property=\"article:publisher\" content=\"https:\/\/www.facebook.com\/AgorahReunion\" \/>\n<meta property=\"article:modified_time\" content=\"2023-09-21T06:59:16+00:00\" \/>\n<meta name=\"twitter:card\" content=\"summary_large_image\" \/>\n<meta name=\"twitter:label1\" content=\"Dur\u00e9e de lecture estim\u00e9e\" \/>\n\t<meta name=\"twitter:data1\" content=\"6 minutes\" \/>\n<script type=\"application\/ld+json\" class=\"yoast-schema-graph\">{\"@context\":\"https:\/\/schema.org\",\"@graph\":[{\"@type\":\"WebPage\",\"@id\":\"https:\/\/www.agorah.com\/index.php\/mentions-legales\/\",\"url\":\"https:\/\/www.agorah.com\/index.php\/mentions-legales\/\",\"name\":\"MENTIONS L\u00c9GALES - AGORAH Agence d&#039;urbanisme de La R\u00e9union\",\"isPartOf\":{\"@id\":\"https:\/\/www.agorah.com\/#website\"},\"datePublished\":\"2020-08-24T05:58:09+00:00\",\"dateModified\":\"2023-09-21T06:59:16+00:00\",\"breadcrumb\":{\"@id\":\"https:\/\/www.agorah.com\/index.php\/mentions-legales\/#breadcrumb\"},\"inLanguage\":\"fr-FR\",\"potentialAction\":[{\"@type\":\"ReadAction\",\"target\":[\"https:\/\/www.agorah.com\/index.php\/mentions-legales\/\"]}]},{\"@type\":\"BreadcrumbList\",\"@id\":\"https:\/\/www.agorah.com\/index.php\/mentions-legales\/#breadcrumb\",\"itemListElement\":[{\"@type\":\"ListItem\",\"position\":1,\"name\":\"Accueil\",\"item\":\"https:\/\/www.agorah.com\/\"},{\"@type\":\"ListItem\",\"position\":2,\"name\":\"MENTIONS L\u00c9GALES\"}]},{\"@type\":\"WebSite\",\"@id\":\"https:\/\/www.agorah.com\/#website\",\"url\":\"https:\/\/www.agorah.com\/\",\"name\":\"AGORAH Agence d'urbanisme de La R\u00e9union\",\"description\":\"AGORAH  Agence d&#039;urbanisme de La R\u00e9union\",\"publisher\":{\"@id\":\"https:\/\/www.agorah.com\/#organization\"},\"alternateName\":\"AGORAH\",\"potentialAction\":[{\"@type\":\"SearchAction\",\"target\":{\"@type\":\"EntryPoint\",\"urlTemplate\":\"https:\/\/www.agorah.com\/?s={search_term_string}\"},\"query-input\":\"required name=search_term_string\"}],\"inLanguage\":\"fr-FR\"},{\"@type\":\"Organization\",\"@id\":\"https:\/\/www.agorah.com\/#organization\",\"name\":\"AGORAH Agence d'urbanisme de La R\u00e9union\",\"alternateName\":\"AGORAH\",\"url\":\"https:\/\/www.agorah.com\/\",\"logo\":{\"@type\":\"ImageObject\",\"inLanguage\":\"fr-FR\",\"@id\":\"https:\/\/www.agorah.com\/#\/schema\/logo\/image\/\",\"url\":\"https:\/\/www.agorah.com\/wp-content\/uploads\/2020\/05\/LOGO-SITE-BASELINE-4.png\",\"contentUrl\":\"https:\/\/www.agorah.com\/wp-content\/uploads\/2020\/05\/LOGO-SITE-BASELINE-4.png\",\"width\":5111,\"height\":982,\"caption\":\"AGORAH Agence d'urbanisme de La R\u00e9union\"},\"image\":{\"@id\":\"https:\/\/www.agorah.com\/#\/schema\/logo\/image\/\"},\"sameAs\":[\"https:\/\/www.facebook.com\/AgorahReunion\",\"https:\/\/www.linkedin.com\/company\/agorah-agence-durbanisme--la-runion\/mycompany\/?viewAsMember=true\"]}]}<\/script>\n<!-- \/ Yoast SEO plugin. -->","yoast_head_json":{"title":"MENTIONS L\u00c9GALES - AGORAH Agence d&#039;urbanisme de La R\u00e9union","robots":{"index":"index","follow":"follow","max-snippet":"max-snippet:-1","max-image-preview":"max-image-preview:large","max-video-preview":"max-video-preview:-1"},"canonical":"https:\/\/www.agorah.com\/index.php\/mentions-legales\/","og_locale":"fr_FR","og_type":"article","og_title":"MENTIONS L\u00c9GALES - AGORAH Agence d&#039;urbanisme de La R\u00e9union","og_description":"\u00c9diteur Le site www.agorah.com est \u00e9dit\u00e9 par l'AGORAH, agence d\u2019urbanisme \u00e0 La R\u00e9union, association de loi 1901 \u00e0 but non lucratif.\u00a0\u00a0\u00a0T\u00e9l\u00e9charger les statuts Coordonn\u00e9es AGORAH2 rue d\u2019Emmerez de CharmoyCS 91092, 97490 Sainte-ClotildeT\u00e9l: 0262 213 500\u00a0 -\u00a0\u00a0Mail: direction@agorah.com Direction de publication La Co-Direction de l'AGORAH \u00a0\u00c9quipe Webmaster : Jo\u00ebl MARTIN Conception du site AGORAH Site web [&hellip;]","og_url":"https:\/\/www.agorah.com\/index.php\/mentions-legales\/","og_site_name":"AGORAH Agence d&#039;urbanisme de La R\u00e9union","article_publisher":"https:\/\/www.facebook.com\/AgorahReunion","article_modified_time":"2023-09-21T06:59:16+00:00","twitter_card":"summary_large_image","twitter_misc":{"Dur\u00e9e de lecture estim\u00e9e":"6 minutes"},"schema":{"@context":"https:\/\/schema.org","@graph":[{"@type":"WebPage","@id":"https:\/\/www.agorah.com\/index.php\/mentions-legales\/","url":"https:\/\/www.agorah.com\/index.php\/mentions-legales\/","name":"MENTIONS L\u00c9GALES - AGORAH Agence d&#039;urbanisme de La R\u00e9union","isPartOf":{"@id":"https:\/\/www.agorah.com\/#website"},"datePublished":"2020-08-24T05:58:09+00:00","dateModified":"2023-09-21T06:59:16+00:00","breadcrumb":{"@id":"https:\/\/www.agorah.com\/index.php\/mentions-legales\/#breadcrumb"},"inLanguage":"fr-FR","potentialAction":[{"@type":"ReadAction","target":["https:\/\/www.agorah.com\/index.php\/mentions-legales\/"]}]},{"@type":"BreadcrumbList","@id":"https:\/\/www.agorah.com\/index.php\/mentions-legales\/#breadcrumb","itemListElement":[{"@type":"ListItem","position":1,"name":"Accueil","item":"https:\/\/www.agorah.com\/"},{"@type":"ListItem","position":2,"name":"MENTIONS L\u00c9GALES"}]},{"@type":"WebSite","@id":"https:\/\/www.agorah.com\/#website","url":"https:\/\/www.agorah.com\/","name":"AGORAH Agence d'urbanisme de La R\u00e9union","description":"AGORAH  Agence d&#039;urbanisme de La R\u00e9union","publisher":{"@id":"https:\/\/www.agorah.com\/#organization"},"alternateName":"AGORAH","potentialAction":[{"@type":"SearchAction","target":{"@type":"EntryPoint","urlTemplate":"https:\/\/www.agorah.com\/?s={search_term_string}"},"query-input":"required name=search_term_string"}],"inLanguage":"fr-FR"},{"@type":"Organization","@id":"https:\/\/www.agorah.com\/#organization","name":"AGORAH Agence d'urbanisme de La R\u00e9union","alternateName":"AGORAH","url":"https:\/\/www.agorah.com\/","logo":{"@type":"ImageObject","inLanguage":"fr-FR","@id":"https:\/\/www.agorah.com\/#\/schema\/logo\/image\/","url":"https:\/\/www.agorah.com\/wp-content\/uploads\/2020\/05\/LOGO-SITE-BASELINE-4.png","contentUrl":"https:\/\/www.agorah.com\/wp-content\/uploads\/2020\/05\/LOGO-SITE-BASELINE-4.png","width":5111,"height":982,"caption":"AGORAH Agence d'urbanisme de La R\u00e9union"},"image":{"@id":"https:\/\/www.agorah.com\/#\/schema\/logo\/image\/"},"sameAs":["https:\/\/www.facebook.com\/AgorahReunion","https:\/\/www.linkedin.com\/company\/agorah-agence-durbanisme--la-runion\/mycompany\/?viewAsMember=true"]}]}},"_links":{"self":[{"href":"https:\/\/www.agorah.com\/index.php\/wp-json\/wp\/v2\/pages\/2287"}],"collection":[{"href":"https:\/\/www.agorah.com\/index.php\/wp-json\/wp\/v2\/pages"}],"about":[{"href":"https:\/\/www.agorah.com\/index.php\/wp-json\/wp\/v2\/types\/page"}],"author":[{"embeddable":true,"href":"https:\/\/www.agorah.com\/index.php\/wp-json\/wp\/v2\/users\/1"}],"replies":[{"embeddable":true,"href":"https:\/\/www.agorah.com\/index.php\/wp-json\/wp\/v2\/comments?post=2287"}],"version-history":[{"count":0,"href":"https:\/\/www.agorah.com\/index.php\/wp-json\/wp\/v2\/pages\/2287\/revisions"}],"wp:attachment":[{"href":"https:\/\/www.agorah.com\/index.php\/wp-json\/wp\/v2\/media?parent=2287"}],"curies":[{"name":"wp","href":"https:\/\/api.w.org\/{rel}","templated":true}]}}