{"id":302,"date":"2019-05-15T13:49:53","date_gmt":"2019-05-15T09:49:53","guid":{"rendered":"http:\/\/agorah.com\/?page_id=302"},"modified":"2020-08-17T08:56:03","modified_gmt":"2020-08-17T04:56:03","slug":"peigeo","status":"publish","type":"page","link":"https:\/\/www.agorah.com\/index.php\/peigeo\/","title":{"rendered":"PEIGEO"},"content":{"rendered":"<p>[et_pb_section fb_built=\u00a0\u00bb1&Prime; _builder_version=\u00a0\u00bb3.0.105&Prime; custom_padding=\u00a0\u00bb30px|0px|30px|0px\u00a0\u00bb][et_pb_row custom_padding=\u00a0\u00bb0px|0px|30px|0px\u00a0\u00bb _builder_version=\u00a0\u00bb3.0.105&Prime;][et_pb_column type=\u00a0\u00bb4_4&Prime; _builder_version=\u00a0\u00bb3.0.105&Prime; parallax=\u00a0\u00bboff\u00a0\u00bb parallax_method=\u00a0\u00bbon\u00a0\u00bb][et_pb_text _builder_version=\u00a0\u00bb3.0.105&Prime;]<\/p>\n<h4><b>CATALOGUE DE DONN\u00c9ES\u00a0G\u00c9OGRAPHIQUES\u00a0<\/b><\/h4>\n<h5 class=\"h2-nexstat-alt\">CONSULTER OU D\u00c9POSER VOS DONN\u00c9ES SUR PEIGEO<\/h5>\n<p>[\/et_pb_text][et_pb_image src=\u00a0\u00bbhttp:\/\/agorah.com\/wp-content\/uploads\/2019\/05\/ServiceGeographique-V3-2.jpg\u00a0\u00bb url=\u00a0\u00bbhttp:\/\/peigeo.re\/index.php\/catalogue\/\u00a0\u00bb _builder_version=\u00a0\u00bb3.0.105&Prime;][\/et_pb_image][\/et_pb_column][\/et_pb_row][et_pb_row custom_padding=\u00a0\u00bb0px|0px|0px|0px\u00a0\u00bb _builder_version=\u00a0\u00bb3.0.105&Prime;][et_pb_column type=\u00a0\u00bb4_4&Prime; _builder_version=\u00a0\u00bb3.0.105&Prime; parallax=\u00a0\u00bboff\u00a0\u00bb parallax_method=\u00a0\u00bbon\u00a0\u00bb][et_pb_text _builder_version=\u00a0\u00bb3.0.105&Prime;]<\/p>\n<h4><b>VISUALISEURS \u2013 RETROUVER VOTRE SERVICE DE CARTOGRAPHIE A LA DEMANDE<\/b><\/h4>\n<h5 class=\"h2-nexstat-alt\">R\u00c9ALISER DES CARTOGRAPHIES DIRECTEMENT SUR PEIGEO<\/h5>\n<p>[\/et_pb_text][\/et_pb_column][\/et_pb_row][\/et_pb_section][et_pb_section fb_built=\u00a0\u00bb1&Prime; _builder_version=\u00a0\u00bb3.0.105&Prime; custom_padding=\u00a0\u00bb0px|0px|0px|0px\u00a0\u00bb][et_pb_row custom_padding=\u00a0\u00bb0px|0px|0px|0px\u00a0\u00bb _builder_version=\u00a0\u00bb3.0.105&Prime;][et_pb_column type=\u00a0\u00bb4_4&Prime; _builder_version=\u00a0\u00bb3.0.105&Prime; parallax=\u00a0\u00bboff\u00a0\u00bb parallax_method=\u00a0\u00bbon\u00a0\u00bb][et_pb_image src=\u00a0\u00bbhttp:\/\/agorah.com\/wp-content\/uploads\/2019\/05\/ServiceGeographique-01-2.jpg\u00a0\u00bb url=\u00a0\u00bbhttp:\/\/peigeo.re\/index.php\/cartostat\/\u00a0\u00bb _builder_version=\u00a0\u00bb3.0.105&Prime;][\/et_pb_image][\/et_pb_column][\/et_pb_row][\/et_pb_section][et_pb_section fb_built=\u00a0\u00bb1&Prime; _builder_version=\u00a0\u00bb3.0.105&Prime; custom_padding=\u00a0\u00bb13px|0px|30px|0px\u00a0\u00bb][et_pb_row custom_padding=\u00a0\u00bb30px|0px|0px|0px\u00a0\u00bb _builder_version=\u00a0\u00bb3.0.105&Prime;][et_pb_column type=\u00a0\u00bb4_4&Prime; _builder_version=\u00a0\u00bb3.0.105&Prime; parallax=\u00a0\u00bboff\u00a0\u00bb parallax_method=\u00a0\u00bbon\u00a0\u00bb][et_pb_text _builder_version=\u00a0\u00bb3.0.105&Prime;]<\/p>\n<h4><strong>ACC\u00c9DEZ AUX DONN\u00c9ES TERRITORIALIS\u00c9S SOUS FORMES DE TABLEAUX DE BORDS INTERACTIFS<\/strong><\/h4>\n<h5 class=\"h2-nexstat-alt\">REGROUP\u00c9ES PAR TH\u00c9MATIQUES<\/h5>\n<p>[\/et_pb_text][et_pb_image src=\u00a0\u00bbhttp:\/\/agorah.com\/wp-content\/uploads\/2019\/05\/service-carto.jpg\u00a0\u00bb url=\u00a0\u00bbhttp:\/\/peigeo.re\/index.php\/tableaux-de-bord\/\u00a0\u00bb _builder_version=\u00a0\u00bb3.0.105&Prime;][\/et_pb_image][\/et_pb_column][\/et_pb_row][\/et_pb_section]<\/p>\n","protected":false},"excerpt":{"rendered":"<p>CATALOGUE DE DONN\u00c9ES\u00a0G\u00c9OGRAPHIQUES\u00a0 CONSULTER OU D\u00c9POSER VOS DONN\u00c9ES SUR PEIGEOVISUALISEURS \u2013 RETROUVER VOTRE SERVICE DE CARTOGRAPHIE A LA DEMANDE R\u00c9ALISER DES CARTOGRAPHIES DIRECTEMENT SUR PEIGEOACC\u00c9DEZ AUX DONN\u00c9ES TERRITORIALIS\u00c9S SOUS FORMES DE TABLEAUX DE BORDS INTERACTIFS REGROUP\u00c9ES PAR TH\u00c9MATIQUES<\/p>\n","protected":false},"author":1,"featured_media":0,"parent":0,"menu_order":0,"comment_status":"closed","ping_status":"closed","template":"","meta":{"_et_pb_use_builder":"on","_et_pb_old_content":"","_et_gb_content_width":"","_monsterinsights_skip_tracking":false,"_monsterinsights_sitenote_active":false,"_monsterinsights_sitenote_note":"","_monsterinsights_sitenote_category":0,"footnotes":""},"yoast_head":"<!-- This site is optimized with the Yoast SEO plugin v23.2 - https:\/\/yoast.com\/wordpress\/plugins\/seo\/ -->\n<title>PEIGEO - AGORAH Agence d&#039;urbanisme de La R\u00e9union<\/title>\n<meta name=\"robots\" content=\"index, follow, max-snippet:-1, max-image-preview:large, max-video-preview:-1\" \/>\n<link rel=\"canonical\" href=\"https:\/\/www.agorah.com\/index.php\/peigeo\/\" \/>\n<meta property=\"og:locale\" content=\"fr_FR\" \/>\n<meta property=\"og:type\" content=\"article\" \/>\n<meta property=\"og:title\" content=\"PEIGEO - AGORAH Agence d&#039;urbanisme de La R\u00e9union\" \/>\n<meta property=\"og:description\" content=\"CATALOGUE DE DONN\u00c9ES\u00a0G\u00c9OGRAPHIQUES\u00a0 CONSULTER OU D\u00c9POSER VOS DONN\u00c9ES SUR PEIGEOVISUALISEURS \u2013 RETROUVER VOTRE SERVICE DE CARTOGRAPHIE A LA DEMANDE R\u00c9ALISER DES CARTOGRAPHIES DIRECTEMENT SUR PEIGEOACC\u00c9DEZ AUX DONN\u00c9ES TERRITORIALIS\u00c9S SOUS FORMES DE TABLEAUX DE BORDS INTERACTIFS REGROUP\u00c9ES PAR TH\u00c9MATIQUES\" \/>\n<meta property=\"og:url\" content=\"https:\/\/www.agorah.com\/index.php\/peigeo\/\" \/>\n<meta property=\"og:site_name\" content=\"AGORAH Agence d&#039;urbanisme de La R\u00e9union\" \/>\n<meta property=\"article:publisher\" content=\"https:\/\/www.facebook.com\/AgorahReunion\" \/>\n<meta property=\"article:modified_time\" content=\"2020-08-17T04:56:03+00:00\" \/>\n<meta name=\"twitter:card\" content=\"summary_large_image\" \/>\n<meta name=\"twitter:label1\" content=\"Dur\u00e9e de lecture estim\u00e9e\" \/>\n\t<meta name=\"twitter:data1\" content=\"2 minutes\" \/>\n<script type=\"application\/ld+json\" class=\"yoast-schema-graph\">{\"@context\":\"https:\/\/schema.org\",\"@graph\":[{\"@type\":\"WebPage\",\"@id\":\"https:\/\/www.agorah.com\/index.php\/peigeo\/\",\"url\":\"https:\/\/www.agorah.com\/index.php\/peigeo\/\",\"name\":\"PEIGEO - AGORAH Agence d&#039;urbanisme de La R\u00e9union\",\"isPartOf\":{\"@id\":\"https:\/\/www.agorah.com\/#website\"},\"datePublished\":\"2019-05-15T09:49:53+00:00\",\"dateModified\":\"2020-08-17T04:56:03+00:00\",\"breadcrumb\":{\"@id\":\"https:\/\/www.agorah.com\/index.php\/peigeo\/#breadcrumb\"},\"inLanguage\":\"fr-FR\",\"potentialAction\":[{\"@type\":\"ReadAction\",\"target\":[\"https:\/\/www.agorah.com\/index.php\/peigeo\/\"]}]},{\"@type\":\"BreadcrumbList\",\"@id\":\"https:\/\/www.agorah.com\/index.php\/peigeo\/#breadcrumb\",\"itemListElement\":[{\"@type\":\"ListItem\",\"position\":1,\"name\":\"Accueil\",\"item\":\"https:\/\/www.agorah.com\/\"},{\"@type\":\"ListItem\",\"position\":2,\"name\":\"PEIGEO\"}]},{\"@type\":\"WebSite\",\"@id\":\"https:\/\/www.agorah.com\/#website\",\"url\":\"https:\/\/www.agorah.com\/\",\"name\":\"AGORAH Agence d'urbanisme de La R\u00e9union\",\"description\":\"AGORAH  Agence d&#039;urbanisme de La R\u00e9union\",\"publisher\":{\"@id\":\"https:\/\/www.agorah.com\/#organization\"},\"alternateName\":\"AGORAH\",\"potentialAction\":[{\"@type\":\"SearchAction\",\"target\":{\"@type\":\"EntryPoint\",\"urlTemplate\":\"https:\/\/www.agorah.com\/?s={search_term_string}\"},\"query-input\":\"required name=search_term_string\"}],\"inLanguage\":\"fr-FR\"},{\"@type\":\"Organization\",\"@id\":\"https:\/\/www.agorah.com\/#organization\",\"name\":\"AGORAH Agence d'urbanisme de La R\u00e9union\",\"alternateName\":\"AGORAH\",\"url\":\"https:\/\/www.agorah.com\/\",\"logo\":{\"@type\":\"ImageObject\",\"inLanguage\":\"fr-FR\",\"@id\":\"https:\/\/www.agorah.com\/#\/schema\/logo\/image\/\",\"url\":\"https:\/\/www.agorah.com\/wp-content\/uploads\/2020\/05\/LOGO-SITE-BASELINE-4.png\",\"contentUrl\":\"https:\/\/www.agorah.com\/wp-content\/uploads\/2020\/05\/LOGO-SITE-BASELINE-4.png\",\"width\":5111,\"height\":982,\"caption\":\"AGORAH Agence d'urbanisme de La R\u00e9union\"},\"image\":{\"@id\":\"https:\/\/www.agorah.com\/#\/schema\/logo\/image\/\"},\"sameAs\":[\"https:\/\/www.facebook.com\/AgorahReunion\",\"https:\/\/www.linkedin.com\/company\/agorah-agence-durbanisme--la-runion\/mycompany\/?viewAsMember=true\"]}]}<\/script>\n<!-- \/ Yoast SEO plugin. -->","yoast_head_json":{"title":"PEIGEO - AGORAH Agence d&#039;urbanisme de La R\u00e9union","robots":{"index":"index","follow":"follow","max-snippet":"max-snippet:-1","max-image-preview":"max-image-preview:large","max-video-preview":"max-video-preview:-1"},"canonical":"https:\/\/www.agorah.com\/index.php\/peigeo\/","og_locale":"fr_FR","og_type":"article","og_title":"PEIGEO - AGORAH Agence d&#039;urbanisme de La R\u00e9union","og_description":"CATALOGUE DE DONN\u00c9ES\u00a0G\u00c9OGRAPHIQUES\u00a0 CONSULTER OU D\u00c9POSER VOS DONN\u00c9ES SUR PEIGEOVISUALISEURS \u2013 RETROUVER VOTRE SERVICE DE CARTOGRAPHIE A LA DEMANDE R\u00c9ALISER DES CARTOGRAPHIES DIRECTEMENT SUR PEIGEOACC\u00c9DEZ AUX DONN\u00c9ES TERRITORIALIS\u00c9S SOUS FORMES DE TABLEAUX DE BORDS INTERACTIFS REGROUP\u00c9ES PAR TH\u00c9MATIQUES","og_url":"https:\/\/www.agorah.com\/index.php\/peigeo\/","og_site_name":"AGORAH Agence d&#039;urbanisme de La R\u00e9union","article_publisher":"https:\/\/www.facebook.com\/AgorahReunion","article_modified_time":"2020-08-17T04:56:03+00:00","twitter_card":"summary_large_image","twitter_misc":{"Dur\u00e9e de lecture estim\u00e9e":"2 minutes"},"schema":{"@context":"https:\/\/schema.org","@graph":[{"@type":"WebPage","@id":"https:\/\/www.agorah.com\/index.php\/peigeo\/","url":"https:\/\/www.agorah.com\/index.php\/peigeo\/","name":"PEIGEO - AGORAH Agence d&#039;urbanisme de La R\u00e9union","isPartOf":{"@id":"https:\/\/www.agorah.com\/#website"},"datePublished":"2019-05-15T09:49:53+00:00","dateModified":"2020-08-17T04:56:03+00:00","breadcrumb":{"@id":"https:\/\/www.agorah.com\/index.php\/peigeo\/#breadcrumb"},"inLanguage":"fr-FR","potentialAction":[{"@type":"ReadAction","target":["https:\/\/www.agorah.com\/index.php\/peigeo\/"]}]},{"@type":"BreadcrumbList","@id":"https:\/\/www.agorah.com\/index.php\/peigeo\/#breadcrumb","itemListElement":[{"@type":"ListItem","position":1,"name":"Accueil","item":"https:\/\/www.agorah.com\/"},{"@type":"ListItem","position":2,"name":"PEIGEO"}]},{"@type":"WebSite","@id":"https:\/\/www.agorah.com\/#website","url":"https:\/\/www.agorah.com\/","name":"AGORAH Agence d'urbanisme de La R\u00e9union","description":"AGORAH  Agence d&#039;urbanisme de La R\u00e9union","publisher":{"@id":"https:\/\/www.agorah.com\/#organization"},"alternateName":"AGORAH","potentialAction":[{"@type":"SearchAction","target":{"@type":"EntryPoint","urlTemplate":"https:\/\/www.agorah.com\/?s={search_term_string}"},"query-input":"required name=search_term_string"}],"inLanguage":"fr-FR"},{"@type":"Organization","@id":"https:\/\/www.agorah.com\/#organization","name":"AGORAH Agence d'urbanisme de La R\u00e9union","alternateName":"AGORAH","url":"https:\/\/www.agorah.com\/","logo":{"@type":"ImageObject","inLanguage":"fr-FR","@id":"https:\/\/www.agorah.com\/#\/schema\/logo\/image\/","url":"https:\/\/www.agorah.com\/wp-content\/uploads\/2020\/05\/LOGO-SITE-BASELINE-4.png","contentUrl":"https:\/\/www.agorah.com\/wp-content\/uploads\/2020\/05\/LOGO-SITE-BASELINE-4.png","width":5111,"height":982,"caption":"AGORAH Agence d'urbanisme de La R\u00e9union"},"image":{"@id":"https:\/\/www.agorah.com\/#\/schema\/logo\/image\/"},"sameAs":["https:\/\/www.facebook.com\/AgorahReunion","https:\/\/www.linkedin.com\/company\/agorah-agence-durbanisme--la-runion\/mycompany\/?viewAsMember=true"]}]}},"_links":{"self":[{"href":"https:\/\/www.agorah.com\/index.php\/wp-json\/wp\/v2\/pages\/302"}],"collection":[{"href":"https:\/\/www.agorah.com\/index.php\/wp-json\/wp\/v2\/pages"}],"about":[{"href":"https:\/\/www.agorah.com\/index.php\/wp-json\/wp\/v2\/types\/page"}],"author":[{"embeddable":true,"href":"https:\/\/www.agorah.com\/index.php\/wp-json\/wp\/v2\/users\/1"}],"replies":[{"embeddable":true,"href":"https:\/\/www.agorah.com\/index.php\/wp-json\/wp\/v2\/comments?post=302"}],"version-history":[{"count":0,"href":"https:\/\/www.agorah.com\/index.php\/wp-json\/wp\/v2\/pages\/302\/revisions"}],"wp:attachment":[{"href":"https:\/\/www.agorah.com\/index.php\/wp-json\/wp\/v2\/media?parent=302"}],"curies":[{"name":"wp","href":"https:\/\/api.w.org\/{rel}","templated":true}]}}