{"id":3099,"date":"2021-05-20T14:58:11","date_gmt":"2021-05-20T10:58:11","guid":{"rendered":"http:\/\/www.agorah.com\/?page_id=3099"},"modified":"2025-12-02T15:45:04","modified_gmt":"2025-12-02T11:45:04","slug":"urbanisme-economique-commercial-et-equipements","status":"publish","type":"page","link":"https:\/\/www.agorah.com\/index.php\/urbanisme-economique-commercial-et-equipements\/","title":{"rendered":"URBANISME \u00c9CONOMIQUE COMMERCIAL ET \u00c9QUIPEMENTS"},"content":{"rendered":"<p>[et_pb_section fb_built=\u00a0\u00bb1&Prime; _builder_version=\u00a0\u00bb4.16&Prime; _module_preset=\u00a0\u00bbdefault\u00a0\u00bb min_height=\u00a0\u00bb1044.6px\u00a0\u00bb custom_padding=\u00a0\u00bb||0px|||\u00a0\u00bb global_colors_info=\u00a0\u00bb{}\u00a0\u00bb][et_pb_row column_structure=\u00a0\u00bb1_3,1_3,1_3&Prime; _builder_version=\u00a0\u00bb4.16&Prime; background_color=\u00a0\u00bb#ff6e77&Prime; use_background_color_gradient=\u00a0\u00bbon\u00a0\u00bb background_color_gradient_direction=\u00a0\u00bb90deg\u00a0\u00bb background_color_gradient_stops=\u00a0\u00bb#43b49d 0%|#4ebdcf 100%\u00a0\u00bb background_color_gradient_start=\u00a0\u00bb#43b49d\u00a0\u00bb background_color_gradient_end=\u00a0\u00bb#4ebdcf\u00a0\u00bb custom_margin=\u00a0\u00bb-2px|auto|1px|auto||\u00a0\u00bb custom_padding=\u00a0\u00bb40px|40px|40px|40px|true|true\u00a0\u00bb animation_style=\u00a0\u00bbflip\u00a0\u00bb animation_intensity_flip=\u00a0\u00bb20%\u00a0\u00bb locked=\u00a0\u00bboff\u00a0\u00bb global_colors_info=\u00a0\u00bb{}\u00a0\u00bb][et_pb_column type=\u00a0\u00bb1_3&Prime; _builder_version=\u00a0\u00bb4.16&Prime; custom_padding=\u00a0\u00bb|||\u00a0\u00bb global_colors_info=\u00a0\u00bb{}\u00a0\u00bb custom_padding__hover=\u00a0\u00bb|||\u00a0\u00bb][et_pb_blurb title=\u00a0\u00bbTH\u00c9MATIQUE\u00a0\u00bb use_icon=\u00a0\u00bbon\u00a0\u00bb font_icon=\u00a0\u00bb&#xe022;||divi||400&Prime; icon_color=\u00a0\u00bb#ffffff\u00a0\u00bb icon_placement=\u00a0\u00bbleft\u00a0\u00bb image_icon_width=\u00a0\u00bb40px\u00a0\u00bb _builder_version=\u00a0\u00bb4.16&Prime; header_font=\u00a0\u00bbLato|700||on|||||\u00a0\u00bb header_font_size=\u00a0\u00bb10px\u00a0\u00bb header_letter_spacing=\u00a0\u00bb1px\u00a0\u00bb header_line_height=\u00a0\u00bb1.4em\u00a0\u00bb body_font=\u00a0\u00bbLato|700|||||||\u00a0\u00bb body_font_size=\u00a0\u00bb20px\u00a0\u00bb body_line_height=\u00a0\u00bb0.8em\u00a0\u00bb background_layout=\u00a0\u00bbdark\u00a0\u00bb custom_margin_tablet=\u00a0\u00bb||40px|\u00a0\u00bb custom_margin_phone=\u00a0\u00bb\u00a0\u00bb custom_margin_last_edited=\u00a0\u00bbon|tablet\u00a0\u00bb custom_padding=\u00a0\u00bb||0px|||\u00a0\u00bb animation=\u00a0\u00bboff\u00a0\u00bb icon_font_size=\u00a0\u00bb40px\u00a0\u00bb global_colors_info=\u00a0\u00bb{}\u00a0\u00bb]<\/p>\n<p>Urbasnisme \u00c9conomique Commercial &amp; \u00c9quipement<\/p>\n<p>[\/et_pb_blurb][\/et_pb_column][et_pb_column type=\u00a0\u00bb1_3&Prime; _builder_version=\u00a0\u00bb4.16&Prime; custom_padding=\u00a0\u00bb|||\u00a0\u00bb global_colors_info=\u00a0\u00bb{}\u00a0\u00bb custom_padding__hover=\u00a0\u00bb|||\u00a0\u00bb][\/et_pb_column][et_pb_column type=\u00a0\u00bb1_3&Prime; _builder_version=\u00a0\u00bb4.16&Prime; custom_padding=\u00a0\u00bb|||\u00a0\u00bb global_colors_info=\u00a0\u00bb{}\u00a0\u00bb custom_padding__hover=\u00a0\u00bb|||\u00a0\u00bb][\/et_pb_column][\/et_pb_row][et_pb_row _builder_version=\u00a0\u00bb4.16&Prime; _module_preset=\u00a0\u00bbdefault\u00a0\u00bb custom_padding=\u00a0\u00bb19px||3px|||\u00a0\u00bb global_colors_info=\u00a0\u00bb{}\u00a0\u00bb][et_pb_column type=\u00a0\u00bb4_4&Prime; _builder_version=\u00a0\u00bb4.16&Prime; _module_preset=\u00a0\u00bbdefault\u00a0\u00bb global_colors_info=\u00a0\u00bb{}\u00a0\u00bb][et_pb_text _builder_version=\u00a0\u00bb4.16&Prime; _module_preset=\u00a0\u00bbdefault\u00a0\u00bb global_colors_info=\u00a0\u00bb{}\u00a0\u00bb]<\/p>\n<blockquote>\n<h1><strong>Toutes nos productions<\/strong><\/h1>\n<\/blockquote>\n<p>[\/et_pb_text][\/et_pb_column][\/et_pb_row][et_pb_row _builder_version=\u00a0\u00bb4.16&Prime; _module_preset=\u00a0\u00bbdefault\u00a0\u00bb custom_padding=\u00a0\u00bb|||0px||\u00a0\u00bb global_colors_info=\u00a0\u00bb{}\u00a0\u00bb][et_pb_column type=\u00a0\u00bb4_4&Prime; _builder_version=\u00a0\u00bb4.16&Prime; _module_preset=\u00a0\u00bbdefault\u00a0\u00bb global_colors_info=\u00a0\u00bb{}\u00a0\u00bb][et_pb_toggle title=\u00a0\u00bbObservatoire des Equipements\u00a0\u00bb _builder_version=\u00a0\u00bb4.27.4&Prime; _module_preset=\u00a0\u00bbdefault\u00a0\u00bb global_colors_info=\u00a0\u00bb{}\u00a0\u00bb]<\/p>\n<p><strong>Observatoire des Equipements<br \/><\/strong><\/p>\n<blockquote>\n<p><a href=\"https:\/\/www.agorah.com\/upload\/urbanisme\/Agorahscope-n5-equipements-web.pdf\"><strong>AGORAH&rsquo;SCOPE N\u00b0 5 &#8211; Les \u00e9quipements \u00e0 La R\u00e9union<\/strong><\/a><\/p>\n<p><a href=\"..\/..\/upload\/urbanisme\/AGORAH_SGAR_vFinalev9.pdf\"><strong>2020 &#8211; Etude<\/strong> &#8211; Evolution &amp; regard prospectif sur le niveau d&rsquo;\u00e9quipements du territoire de La R\u00e9union<\/a><\/p>\n<\/blockquote>\n<p>[\/et_pb_toggle][et_pb_toggle title=\u00a0\u00bbObservatoire du Foncier Economique (OFE)\u00a0\u00bb _builder_version=\u00a0\u00bb4.27.4&Prime; _module_preset=\u00a0\u00bbdefault\u00a0\u00bb hover_enabled=\u00a0\u00bb0&Prime; global_colors_info=\u00a0\u00bb{}\u00a0\u00bb sticky_enabled=\u00a0\u00bb0&Prime;]<\/p>\n<blockquote>\n<p><strong><a href=\"https:\/\/www.agorah.com\/upload\/urbanisme\/Plaquette-OFE-V-web.pdf\">Agorah\u2019Scope N\u00b013 \u2013 Observatoire du Foncier \u00c9conomique<\/a><\/strong><\/p>\n<\/blockquote>\n<blockquote>\n<p><a href=\"http:\/\/www.agorah.com\/upload\/habitat\/AGORAH_SYNTHESE REGIONALE_OFE_20181114.pdf\"><b>2018 &#8211; Synth\u00e8se R\u00e9gionale <\/b>de l&rsquo;Observatoire<\/a><\/p>\n<\/blockquote>\n<p>&nbsp;<\/p>\n<p>[\/et_pb_toggle][et_pb_toggle title=\u00a0\u00bbCahiers Economiques de la CIVIS\u00a0\u00bb _builder_version=\u00a0\u00bb4.16&Prime; _module_preset=\u00a0\u00bbdefault\u00a0\u00bb global_colors_info=\u00a0\u00bb{}\u00a0\u00bb]<\/p>\n<blockquote>\n<p><a href=\"http:\/\/www.agorah.com\/upload\/urbanisme\/cahiercivis\/CAHIER_SYNTHESE_ZAE_CIVIS_20170925_VF.pdf\">=&gt; Cahier de synth\u00e8se<\/a><\/p>\n<p><a href=\"http:\/\/www.agorah.com\/upload\/urbanisme\/cahiercivis\/CAHIER_ZAE_CILAOS_20170925_VF.pdf\">=&gt; Cahier des ZAE de CILAOS<\/a><\/p>\n<p><strong>Cahier des ZAE de l&rsquo;ETANG SALE<\/strong><\/p>\n<p>&nbsp;<\/p>\n<p><a href=\"http:\/\/www.agorah.com\/upload\/urbanisme\/cahiercivis\/CAHIER_ZAE%20LES DUNES_ETANG-SALE_20170925_VF.pdf\">=&gt; Les Dunes<\/a><\/p>\n<p>&nbsp;<\/p>\n<p><a href=\"http:\/\/www.agorah.com\/upload\/urbanisme\/cahiercivis\/CAHIER_ZAE LES SABLES_ETANG-SALE_20170925_VF.pdf\">=&gt; Les Sables<\/a><\/p>\n<p>&nbsp;<\/p>\n<p><a href=\"http:\/\/www.agorah.com\/upload\/urbanisme\/cahiercivis\/CAHIER_ZIE_ETANG-SALE_20170925_VF.pdf\">=&gt; Zone Intercommunale d&rsquo;entreprises<\/a><\/p>\n<p>&nbsp;<\/p>\n<p><a href=\"http:\/\/www.agorah.com\/upload\/urbanisme\/cahiercivis\/CAHIER_ZAE ALLEE MONTAIGNAC_ETANG-SALE_20170925_VF.pdf\">=&gt; All\u00e9e Montaignac<\/a><\/p>\n<p>&nbsp;<\/p>\n<p><a href=\"http:\/\/www.agorah.com\/upload\/urbanisme\/cahiercivis\/CAHIER_PARC DES SABLES D'OR_ETANG-SALE_20170925_VF.pdf\">=&gt; Parc des sables d&rsquo;or<\/a><\/p>\n<p><strong>Cahier des ZAE de PETITE ILE<\/strong><\/p>\n<p>&nbsp;<\/p>\n<p><a href=\"http:\/\/www.agorah.com\/upload\/urbanisme\/cahiercivis\/CAHIER_ZAE_PETITE-ILE_20170925_VF.pdf\">=&gt; Verger Hemery<\/a><\/p>\n<p>&nbsp;<\/p>\n<p><strong>Cahiers des ZAE de SAINT LOUIS<\/strong><\/p>\n<p>&nbsp;<\/p>\n<p><a href=\"http:\/\/www.agorah.com\/upload\/urbanisme\/cahiercivis\/CAHIER_ZI 1_SAINT-LOUIS_20170925_VF.pdf\">=&gt; Zone Industrielle n\u00b01 &#8211; Saint-Louis<\/a><\/p>\n<p>&nbsp;<\/p>\n<p><a href=\"http:\/\/www.agorah.com\/upload\/urbanisme\/cahiercivis\/CAHIER_ZI 2_SAINT-LOUIS_20170925_VF.pdf\">=&gt; Zone Industrielle n\u00b02 &#8211; Saint-Louis<\/a><\/p>\n<p>&nbsp;<\/p>\n<p><a href=\"http:\/\/www.agorah.com\/upload\/urbanisme\/cahiercivis\/CAHIER_ZI 3_SAINT-LOUIS_20170925_VF.pdf\">=&gt; Zone Industrielle n\u00b03 &#8211; Saint-Louis<\/a><\/p>\n<p><strong> Cahier des ZAE de SAINT PIERRE<\/strong><\/p>\n<p>&nbsp;<\/p>\n<p><a href=\"http:\/\/www.agorah.com\/upload\/urbanisme\/cahiercivis\/CAHIER_ZI1_SAINT-PIERRE_20170925_VF.pdf\">=&gt; Zone Industrielle n\u00b01 &#8211; Saint-Pierre<\/a><\/p>\n<p>&nbsp;<\/p>\n<p><a href=\"http:\/\/www.agorah.com\/upload\/urbanisme\/cahiercivis\/CAHIER_ZI2_SAINT-PIERRE_20170925_VF.pdf\">=&gt; Zone Industrielle n\u00b02 &#8211; Saint-Pierre<\/a><\/p>\n<p>&nbsp;<\/p>\n<p><a href=\"http:\/\/www.agorah.com\/upload\/urbanisme\/cahiercivis\/CAHIER_ZI3_SAINT-PIERRE_20170925_VF.pdf\">=&gt; Zone Industrielle n\u00b03 &#8211; Saint-Pierre<\/a><\/p>\n<p>&nbsp;<\/p>\n<p><a href=\"http:\/\/www.agorah.com\/upload\/urbanisme\/cahiercivis\/CAHIER_ZI4_SAINT-PIERRE_20170925_VF.pdf\">=&gt; Zone Industrielle n\u00b04 &#8211; Saint-Pierre<\/a><\/p>\n<p>&nbsp;<\/p>\n<p><a href=\"http:\/\/www.agorah.com\/upload\/urbanisme\/cahiercivis\/CAHIER_ZIC PEPINIERE_SAINT-PIERRE_20170925_VF.pdf\">=&gt; ZIC P\u00e9piniaire &#8211; Saint-Pierre<\/a><\/p>\n<p>&nbsp;<\/p>\n<p><a href=\"http:\/\/www.agorah.com\/upload\/urbanisme\/cahiercivis\/CAHIER_ZAE MAXIME RIVIERE_SAINT-PIERRE_20170925_VF.pdf\">=&gt; ZAE Maxime Rivi\u00e8re &#8211; Saint-Pierre<\/a><\/p>\n<p>&nbsp;<\/p>\n<p><a href=\"http:\/\/www.agorah.com\/upload\/urbanisme\/cahiercivis\/CAHIER_ZAE FREDELINE_SAINT-PIERRE_20170925_VF.pdf\">=&gt; ZAE Fredeline &#8211; Saint-Pierre<\/a><\/p>\n<p>&nbsp;<\/p>\n<p><a href=\"http:\/\/www.agorah.com\/upload\/urbanisme\/cahiercivis\/CAHIER_ZA CAP AUSTRAL_SAINT-PIERRE_20170925_VF.pdf\">=&gt; ZA Cap Austral &#8211; Saint-Pierre<\/a><\/p>\n<p>&nbsp;<\/p>\n<p><a href=\"http:\/\/www.agorah.com\/upload\/urbanisme\/cahiercivis\/CAHIER_TECHSUD_SAINT-PIERRE_20170925_VF.pdf\">=&gt; TechSud &#8211; Saint-Pierre<\/a><\/p>\n<\/blockquote>\n<p>&nbsp;<\/p>\n<p>[\/et_pb_toggle][et_pb_toggle title=\u00a0\u00bbAtlas du Foncier Economique\u00a0\u00bb _builder_version=\u00a0\u00bb4.16&Prime; _module_preset=\u00a0\u00bbdefault\u00a0\u00bb global_colors_info=\u00a0\u00bb{}\u00a0\u00bb]<\/p>\n<blockquote>\n<p><strong>= &gt; CASUD<\/strong> &#8211; <a href=\"..\/..\/upload\/urbanisme\/AtlasDuFoncierEconomique\/AtlasDuFoncierEconomique-CASUD-v-Finale-Light.zip\">T\u00e9l\u00e9charger au format ZIP<\/a><\/p>\n<p><strong>= &gt; CINOR\u00a0<\/strong> &#8211; <a href=\"..\/..\/upload\/urbanisme\/AtlasDuFoncierEconomique\/AtlasDuFoncierEconomique-CINOR-v-Finale-Light.zip\">T\u00e9l\u00e9charger au format ZIP<\/a><\/p>\n<p><strong>= &gt;\u00a0CIREST<\/strong> &#8211; <a href=\"..\/..\/upload\/urbanisme\/AtlasDuFoncierEconomique\/AtlasDuFoncierEconomique-CIREST-v-Final-Light.zip\">T\u00e9l\u00e9charger au format ZIP<\/a><\/p>\n<p><strong>= &gt;\u00a0CIVIS<\/strong>\u00a0 &#8211; <a href=\"..\/..\/upload\/urbanisme\/AtlasDuFoncierEconomique\/AtlasDuFoncierEconomique-CIVIS-v-Finale-Light.zip\">T\u00e9l\u00e9charger au format ZIP<\/a><\/p>\n<p><a href=\"..\/..\/upload\/urbanisme\/AtlasDuFoncierEconomique\/AtlasDuFoncierEconomique-TCO-v-Finale-Light.pdf\"><strong>= &gt; TCO<\/strong>\u00a0 &#8211;<\/a><br \/><a href=\"..\/..\/upload\/urbanisme\/AtlasDuFoncierEconomique\/AtlasDuFoncierEconomique-TCO-v-Finale-Light.zip\">T\u00e9l\u00e9charger au format ZIP<\/a><\/p>\n<blockquote><\/blockquote>\n<\/blockquote>\n<blockquote><\/blockquote>\n<p>[\/et_pb_toggle][\/et_pb_column][\/et_pb_row][et_pb_row _builder_version=\u00a0\u00bb4.16&Prime; _module_preset=\u00a0\u00bbdefault\u00a0\u00bb custom_padding=\u00a0\u00bb||2px|||\u00a0\u00bb global_colors_info=\u00a0\u00bb{}\u00a0\u00bb][et_pb_column type=\u00a0\u00bb4_4&Prime; _builder_version=\u00a0\u00bb4.16&Prime; _module_preset=\u00a0\u00bbdefault\u00a0\u00bb global_colors_info=\u00a0\u00bb{}\u00a0\u00bb][et_pb_text _builder_version=\u00a0\u00bb4.16&Prime; _module_preset=\u00a0\u00bbdefault\u00a0\u00bb custom_padding=\u00a0\u00bb13px|||||\u00a0\u00bb global_colors_info=\u00a0\u00bb{}\u00a0\u00bb]<\/p>\n<p>&nbsp;<\/p>\n<h2>Retrouvez toutes les publications de l\u2019agence sur la th\u00e9matique\u00a0 \u00ab\u00a0D\u00e9veloppement &amp; Territoires\u00a0\u00bb<\/h2>\n<p>&nbsp;<\/p>\n<p>[\/et_pb_text][\/et_pb_column][\/et_pb_row][et_pb_row column_structure=\u00a0\u00bb1_4,1_4,1_4,1_4&Prime; _builder_version=\u00a0\u00bb4.16&Prime; _module_preset=\u00a0\u00bbdefault\u00a0\u00bb custom_padding=\u00a0\u00bb||52px|||\u00a0\u00bb global_colors_info=\u00a0\u00bb{}\u00a0\u00bb][et_pb_column type=\u00a0\u00bb1_4&Prime; _builder_version=\u00a0\u00bb4.16&Prime; _module_preset=\u00a0\u00bbdefault\u00a0\u00bb global_colors_info=\u00a0\u00bb{}\u00a0\u00bb][et_pb_image src=\u00a0\u00bbhttp:\/\/www.agorah.com\/wp-content\/uploads\/2021\/05\/communication32.jpg\u00a0\u00bb alt=\u00a0\u00bbPortraits de quartiers &#8211; Logement\u00a0\u00bb title_text=\u00a0\u00bbcommunication32&Prime; url=\u00a0\u00bbhttp:\/\/www.agorah.com\/index.php\/urbanisme-economique-commercial-et-equipements\/\u00a0\u00bb _builder_version=\u00a0\u00bb4.16&Prime; _module_preset=\u00a0\u00bbdefault\u00a0\u00bb global_colors_info=\u00a0\u00bb{}\u00a0\u00bb][\/et_pb_image][\/et_pb_column][et_pb_column type=\u00a0\u00bb1_4&Prime; _builder_version=\u00a0\u00bb4.16&Prime; _module_preset=\u00a0\u00bbdefault\u00a0\u00bb global_colors_info=\u00a0\u00bb{}\u00a0\u00bb][et_pb_image src=\u00a0\u00bbhttp:\/\/www.agorah.com\/wp-content\/uploads\/2021\/05\/communication3.jpg\u00a0\u00bb alt=\u00a0\u00bbPortraits de quartiers &#8211; Superficie et urbanisation\u00a0\u00bb title_text=\u00a0\u00bbcommunication3&Prime; url=\u00a0\u00bbhttp:\/\/www.agorah.com\/index.php\/habitats-et-marches-immobiliers\/\u00a0\u00bb _builder_version=\u00a0\u00bb4.16&Prime; _module_preset=\u00a0\u00bbdefault\u00a0\u00bb global_colors_info=\u00a0\u00bb{}\u00a0\u00bb][\/et_pb_image][\/et_pb_column][et_pb_column type=\u00a0\u00bb1_4&Prime; _builder_version=\u00a0\u00bb4.16&Prime; _module_preset=\u00a0\u00bbdefault\u00a0\u00bb global_colors_info=\u00a0\u00bb{}\u00a0\u00bb][et_pb_image src=\u00a0\u00bbhttp:\/\/www.agorah.com\/wp-content\/uploads\/2021\/05\/communication33.jpg\u00a0\u00bb alt=\u00a0\u00bbPortraits de quartiers &#8211; Superficie et urbanisation\u00a0\u00bb title_text=\u00a0\u00bbcommunication33&Prime; url=\u00a0\u00bbhttp:\/\/www.agorah.com\/index.php\/mobilites-et-intermodalites\/\u00a0\u00bb _builder_version=\u00a0\u00bb4.16&Prime; _module_preset=\u00a0\u00bbdefault\u00a0\u00bb global_colors_info=\u00a0\u00bb{}\u00a0\u00bb][\/et_pb_image][\/et_pb_column][et_pb_column type=\u00a0\u00bb1_4&Prime; _builder_version=\u00a0\u00bb4.16&Prime; _module_preset=\u00a0\u00bbdefault\u00a0\u00bb global_colors_info=\u00a0\u00bb{}\u00a0\u00bb][et_pb_image src=\u00a0\u00bbhttp:\/\/www.agorah.com\/wp-content\/uploads\/2021\/05\/communication6.jpg\u00a0\u00bb alt=\u00a0\u00bbPortraits de quartiers &#8211; Logement\u00a0\u00bb title_text=\u00a0\u00bbcommunication6&Prime; url=\u00a0\u00bbhttp:\/\/www.agorah.com\/index.php\/portraits-de-quartiers-2\/\u00a0\u00bb _builder_version=\u00a0\u00bb4.16&Prime; _module_preset=\u00a0\u00bbdefault\u00a0\u00bb global_colors_info=\u00a0\u00bb{}\u00a0\u00bb][\/et_pb_image][\/et_pb_column][\/et_pb_row][\/et_pb_section]<\/p>\n","protected":false},"excerpt":{"rendered":"<p>Urbasnisme \u00c9conomique Commercial &amp; \u00c9quipement Toutes nos productions Observatoire des Equipements AGORAH&rsquo;SCOPE N\u00b0 5 &#8211; Les \u00e9quipements \u00e0 La R\u00e9union 2020 &#8211; Etude &#8211; Evolution &amp; regard prospectif sur le niveau d&rsquo;\u00e9quipements du territoire de La R\u00e9union Agorah\u2019Scope N\u00b013 \u2013 Observatoire du Foncier \u00c9conomique 2018 &#8211; Synth\u00e8se R\u00e9gionale de l&rsquo;Observatoire &nbsp; =&gt; Cahier de synth\u00e8se [&hellip;]<\/p>\n","protected":false},"author":1,"featured_media":0,"parent":0,"menu_order":0,"comment_status":"closed","ping_status":"closed","template":"","meta":{"_et_pb_use_builder":"on","_et_pb_old_content":"","_et_gb_content_width":"","_monsterinsights_skip_tracking":false,"_monsterinsights_sitenote_active":false,"_monsterinsights_sitenote_note":"","_monsterinsights_sitenote_category":0,"footnotes":""},"yoast_head":"<!-- This site is optimized with the Yoast SEO plugin v23.2 - https:\/\/yoast.com\/wordpress\/plugins\/seo\/ -->\n<title>URBANISME \u00c9CONOMIQUE COMMERCIAL ET \u00c9QUIPEMENTS - AGORAH Agence d&#039;urbanisme de La R\u00e9union<\/title>\n<meta name=\"robots\" content=\"index, follow, max-snippet:-1, max-image-preview:large, max-video-preview:-1\" \/>\n<link rel=\"canonical\" href=\"https:\/\/www.agorah.com\/index.php\/urbanisme-economique-commercial-et-equipements\/\" \/>\n<meta property=\"og:locale\" content=\"fr_FR\" \/>\n<meta property=\"og:type\" content=\"article\" \/>\n<meta property=\"og:title\" content=\"URBANISME \u00c9CONOMIQUE COMMERCIAL ET \u00c9QUIPEMENTS - AGORAH Agence d&#039;urbanisme de La R\u00e9union\" \/>\n<meta property=\"og:description\" content=\"Urbasnisme \u00c9conomique Commercial &amp; \u00c9quipement Toutes nos productions Observatoire des Equipements AGORAH&#039;SCOPE N\u00b0 5 - Les \u00e9quipements \u00e0 La R\u00e9union 2020 - Etude - Evolution &amp; regard prospectif sur le niveau d&#039;\u00e9quipements du territoire de La R\u00e9union Agorah\u2019Scope N\u00b013 \u2013 Observatoire du Foncier \u00c9conomique 2018 - Synth\u00e8se R\u00e9gionale de l&#039;Observatoire &nbsp; =&gt; Cahier de synth\u00e8se [&hellip;]\" \/>\n<meta property=\"og:url\" content=\"https:\/\/www.agorah.com\/index.php\/urbanisme-economique-commercial-et-equipements\/\" \/>\n<meta property=\"og:site_name\" content=\"AGORAH Agence d&#039;urbanisme de La R\u00e9union\" \/>\n<meta property=\"article:publisher\" content=\"https:\/\/www.facebook.com\/AgorahReunion\" \/>\n<meta property=\"article:modified_time\" content=\"2025-12-02T11:45:04+00:00\" \/>\n<meta name=\"twitter:card\" content=\"summary_large_image\" \/>\n<script type=\"application\/ld+json\" class=\"yoast-schema-graph\">{\"@context\":\"https:\/\/schema.org\",\"@graph\":[{\"@type\":\"WebPage\",\"@id\":\"https:\/\/www.agorah.com\/index.php\/urbanisme-economique-commercial-et-equipements\/\",\"url\":\"https:\/\/www.agorah.com\/index.php\/urbanisme-economique-commercial-et-equipements\/\",\"name\":\"URBANISME \u00c9CONOMIQUE COMMERCIAL ET \u00c9QUIPEMENTS - AGORAH Agence d&#039;urbanisme de La R\u00e9union\",\"isPartOf\":{\"@id\":\"https:\/\/www.agorah.com\/#website\"},\"datePublished\":\"2021-05-20T10:58:11+00:00\",\"dateModified\":\"2025-12-02T11:45:04+00:00\",\"breadcrumb\":{\"@id\":\"https:\/\/www.agorah.com\/index.php\/urbanisme-economique-commercial-et-equipements\/#breadcrumb\"},\"inLanguage\":\"fr-FR\",\"potentialAction\":[{\"@type\":\"ReadAction\",\"target\":[\"https:\/\/www.agorah.com\/index.php\/urbanisme-economique-commercial-et-equipements\/\"]}]},{\"@type\":\"BreadcrumbList\",\"@id\":\"https:\/\/www.agorah.com\/index.php\/urbanisme-economique-commercial-et-equipements\/#breadcrumb\",\"itemListElement\":[{\"@type\":\"ListItem\",\"position\":1,\"name\":\"Accueil\",\"item\":\"https:\/\/www.agorah.com\/\"},{\"@type\":\"ListItem\",\"position\":2,\"name\":\"URBANISME \u00c9CONOMIQUE COMMERCIAL ET \u00c9QUIPEMENTS\"}]},{\"@type\":\"WebSite\",\"@id\":\"https:\/\/www.agorah.com\/#website\",\"url\":\"https:\/\/www.agorah.com\/\",\"name\":\"AGORAH Agence d'urbanisme de La R\u00e9union\",\"description\":\"AGORAH  Agence d&#039;urbanisme de La R\u00e9union\",\"publisher\":{\"@id\":\"https:\/\/www.agorah.com\/#organization\"},\"alternateName\":\"AGORAH\",\"potentialAction\":[{\"@type\":\"SearchAction\",\"target\":{\"@type\":\"EntryPoint\",\"urlTemplate\":\"https:\/\/www.agorah.com\/?s={search_term_string}\"},\"query-input\":\"required name=search_term_string\"}],\"inLanguage\":\"fr-FR\"},{\"@type\":\"Organization\",\"@id\":\"https:\/\/www.agorah.com\/#organization\",\"name\":\"AGORAH Agence d'urbanisme de La R\u00e9union\",\"alternateName\":\"AGORAH\",\"url\":\"https:\/\/www.agorah.com\/\",\"logo\":{\"@type\":\"ImageObject\",\"inLanguage\":\"fr-FR\",\"@id\":\"https:\/\/www.agorah.com\/#\/schema\/logo\/image\/\",\"url\":\"https:\/\/www.agorah.com\/wp-content\/uploads\/2020\/05\/LOGO-SITE-BASELINE-4.png\",\"contentUrl\":\"https:\/\/www.agorah.com\/wp-content\/uploads\/2020\/05\/LOGO-SITE-BASELINE-4.png\",\"width\":5111,\"height\":982,\"caption\":\"AGORAH Agence d'urbanisme de La R\u00e9union\"},\"image\":{\"@id\":\"https:\/\/www.agorah.com\/#\/schema\/logo\/image\/\"},\"sameAs\":[\"https:\/\/www.facebook.com\/AgorahReunion\",\"https:\/\/www.linkedin.com\/company\/agorah-agence-durbanisme--la-runion\/mycompany\/?viewAsMember=true\"]}]}<\/script>\n<!-- \/ Yoast SEO plugin. -->","yoast_head_json":{"title":"URBANISME \u00c9CONOMIQUE COMMERCIAL ET \u00c9QUIPEMENTS - AGORAH Agence d&#039;urbanisme de La R\u00e9union","robots":{"index":"index","follow":"follow","max-snippet":"max-snippet:-1","max-image-preview":"max-image-preview:large","max-video-preview":"max-video-preview:-1"},"canonical":"https:\/\/www.agorah.com\/index.php\/urbanisme-economique-commercial-et-equipements\/","og_locale":"fr_FR","og_type":"article","og_title":"URBANISME \u00c9CONOMIQUE COMMERCIAL ET \u00c9QUIPEMENTS - AGORAH Agence d&#039;urbanisme de La R\u00e9union","og_description":"Urbasnisme \u00c9conomique Commercial &amp; \u00c9quipement Toutes nos productions Observatoire des Equipements AGORAH'SCOPE N\u00b0 5 - Les \u00e9quipements \u00e0 La R\u00e9union 2020 - Etude - Evolution &amp; regard prospectif sur le niveau d'\u00e9quipements du territoire de La R\u00e9union Agorah\u2019Scope N\u00b013 \u2013 Observatoire du Foncier \u00c9conomique 2018 - Synth\u00e8se R\u00e9gionale de l'Observatoire &nbsp; =&gt; Cahier de synth\u00e8se [&hellip;]","og_url":"https:\/\/www.agorah.com\/index.php\/urbanisme-economique-commercial-et-equipements\/","og_site_name":"AGORAH Agence d&#039;urbanisme de La R\u00e9union","article_publisher":"https:\/\/www.facebook.com\/AgorahReunion","article_modified_time":"2025-12-02T11:45:04+00:00","twitter_card":"summary_large_image","schema":{"@context":"https:\/\/schema.org","@graph":[{"@type":"WebPage","@id":"https:\/\/www.agorah.com\/index.php\/urbanisme-economique-commercial-et-equipements\/","url":"https:\/\/www.agorah.com\/index.php\/urbanisme-economique-commercial-et-equipements\/","name":"URBANISME \u00c9CONOMIQUE COMMERCIAL ET \u00c9QUIPEMENTS - AGORAH Agence d&#039;urbanisme de La R\u00e9union","isPartOf":{"@id":"https:\/\/www.agorah.com\/#website"},"datePublished":"2021-05-20T10:58:11+00:00","dateModified":"2025-12-02T11:45:04+00:00","breadcrumb":{"@id":"https:\/\/www.agorah.com\/index.php\/urbanisme-economique-commercial-et-equipements\/#breadcrumb"},"inLanguage":"fr-FR","potentialAction":[{"@type":"ReadAction","target":["https:\/\/www.agorah.com\/index.php\/urbanisme-economique-commercial-et-equipements\/"]}]},{"@type":"BreadcrumbList","@id":"https:\/\/www.agorah.com\/index.php\/urbanisme-economique-commercial-et-equipements\/#breadcrumb","itemListElement":[{"@type":"ListItem","position":1,"name":"Accueil","item":"https:\/\/www.agorah.com\/"},{"@type":"ListItem","position":2,"name":"URBANISME \u00c9CONOMIQUE COMMERCIAL ET \u00c9QUIPEMENTS"}]},{"@type":"WebSite","@id":"https:\/\/www.agorah.com\/#website","url":"https:\/\/www.agorah.com\/","name":"AGORAH Agence d'urbanisme de La R\u00e9union","description":"AGORAH  Agence d&#039;urbanisme de La R\u00e9union","publisher":{"@id":"https:\/\/www.agorah.com\/#organization"},"alternateName":"AGORAH","potentialAction":[{"@type":"SearchAction","target":{"@type":"EntryPoint","urlTemplate":"https:\/\/www.agorah.com\/?s={search_term_string}"},"query-input":"required name=search_term_string"}],"inLanguage":"fr-FR"},{"@type":"Organization","@id":"https:\/\/www.agorah.com\/#organization","name":"AGORAH Agence d'urbanisme de La R\u00e9union","alternateName":"AGORAH","url":"https:\/\/www.agorah.com\/","logo":{"@type":"ImageObject","inLanguage":"fr-FR","@id":"https:\/\/www.agorah.com\/#\/schema\/logo\/image\/","url":"https:\/\/www.agorah.com\/wp-content\/uploads\/2020\/05\/LOGO-SITE-BASELINE-4.png","contentUrl":"https:\/\/www.agorah.com\/wp-content\/uploads\/2020\/05\/LOGO-SITE-BASELINE-4.png","width":5111,"height":982,"caption":"AGORAH Agence d'urbanisme de La R\u00e9union"},"image":{"@id":"https:\/\/www.agorah.com\/#\/schema\/logo\/image\/"},"sameAs":["https:\/\/www.facebook.com\/AgorahReunion","https:\/\/www.linkedin.com\/company\/agorah-agence-durbanisme--la-runion\/mycompany\/?viewAsMember=true"]}]}},"_links":{"self":[{"href":"https:\/\/www.agorah.com\/index.php\/wp-json\/wp\/v2\/pages\/3099"}],"collection":[{"href":"https:\/\/www.agorah.com\/index.php\/wp-json\/wp\/v2\/pages"}],"about":[{"href":"https:\/\/www.agorah.com\/index.php\/wp-json\/wp\/v2\/types\/page"}],"author":[{"embeddable":true,"href":"https:\/\/www.agorah.com\/index.php\/wp-json\/wp\/v2\/users\/1"}],"replies":[{"embeddable":true,"href":"https:\/\/www.agorah.com\/index.php\/wp-json\/wp\/v2\/comments?post=3099"}],"version-history":[{"count":3,"href":"https:\/\/www.agorah.com\/index.php\/wp-json\/wp\/v2\/pages\/3099\/revisions"}],"predecessor-version":[{"id":4735,"href":"https:\/\/www.agorah.com\/index.php\/wp-json\/wp\/v2\/pages\/3099\/revisions\/4735"}],"wp:attachment":[{"href":"https:\/\/www.agorah.com\/index.php\/wp-json\/wp\/v2\/media?parent=3099"}],"curies":[{"name":"wp","href":"https:\/\/api.w.org\/{rel}","templated":true}]}}