{"id":3126,"date":"2021-05-20T15:45:55","date_gmt":"2021-05-20T11:45:55","guid":{"rendered":"http:\/\/www.agorah.com\/?page_id=3126"},"modified":"2022-08-01T11:05:46","modified_gmt":"2022-08-01T07:05:46","slug":"portraits-de-quartiers-2","status":"publish","type":"page","link":"https:\/\/www.agorah.com\/index.php\/portraits-de-quartiers-2\/","title":{"rendered":"PORTRAITS DE QUARTIERS"},"content":{"rendered":"<p>[et_pb_section fb_built=\u00a0\u00bb1&Prime; _builder_version=\u00a0\u00bb4.16&Prime; _module_preset=\u00a0\u00bbdefault\u00a0\u00bb min_height=\u00a0\u00bb1044.6px\u00a0\u00bb custom_padding=\u00a0\u00bb0px||136px|||\u00a0\u00bb global_colors_info=\u00a0\u00bb{}\u00a0\u00bb][et_pb_row column_structure=\u00a0\u00bb1_3,1_3,1_3&Prime; _builder_version=\u00a0\u00bb4.16&Prime; background_color=\u00a0\u00bb#ff6e77&Prime; use_background_color_gradient=\u00a0\u00bbon\u00a0\u00bb background_color_gradient_direction=\u00a0\u00bb90deg\u00a0\u00bb background_color_gradient_stops=\u00a0\u00bb#43b49d 0%|#4ebdcf 100%\u00a0\u00bb background_color_gradient_start=\u00a0\u00bb#43b49d\u00a0\u00bb background_color_gradient_end=\u00a0\u00bb#4ebdcf\u00a0\u00bb custom_margin=\u00a0\u00bb-3px|auto|1px|auto||\u00a0\u00bb custom_padding=\u00a0\u00bb40px|40px|40px|40px|true|true\u00a0\u00bb animation_style=\u00a0\u00bbflip\u00a0\u00bb animation_intensity_flip=\u00a0\u00bb20%\u00a0\u00bb locked=\u00a0\u00bboff\u00a0\u00bb global_colors_info=\u00a0\u00bb{}\u00a0\u00bb][et_pb_column type=\u00a0\u00bb1_3&Prime; _builder_version=\u00a0\u00bb4.16&Prime; custom_padding=\u00a0\u00bb|||\u00a0\u00bb global_colors_info=\u00a0\u00bb{}\u00a0\u00bb custom_padding__hover=\u00a0\u00bb|||\u00a0\u00bb][et_pb_blurb title=\u00a0\u00bbth\u00e9matique\u00a0\u00bb use_icon=\u00a0\u00bbon\u00a0\u00bb font_icon=\u00a0\u00bb&#xe022;||divi||400&Prime; icon_color=\u00a0\u00bb#ffffff\u00a0\u00bb icon_placement=\u00a0\u00bbleft\u00a0\u00bb image_icon_width=\u00a0\u00bb40px\u00a0\u00bb _builder_version=\u00a0\u00bb4.16&Prime; header_font=\u00a0\u00bbLato|700||on|||||\u00a0\u00bb header_font_size=\u00a0\u00bb10px\u00a0\u00bb header_letter_spacing=\u00a0\u00bb1px\u00a0\u00bb header_line_height=\u00a0\u00bb1.4em\u00a0\u00bb body_font=\u00a0\u00bbLato|700|||||||\u00a0\u00bb body_font_size=\u00a0\u00bb20px\u00a0\u00bb body_line_height=\u00a0\u00bb0.8em\u00a0\u00bb background_layout=\u00a0\u00bbdark\u00a0\u00bb custom_margin_tablet=\u00a0\u00bb||40px|\u00a0\u00bb custom_margin_phone=\u00a0\u00bb\u00a0\u00bb custom_margin_last_edited=\u00a0\u00bbon|tablet\u00a0\u00bb custom_padding=\u00a0\u00bb||0px|||\u00a0\u00bb animation=\u00a0\u00bboff\u00a0\u00bb icon_font_size=\u00a0\u00bb40px\u00a0\u00bb global_colors_info=\u00a0\u00bb{}\u00a0\u00bb]<\/p>\n<p>Portraits de quartiers<\/p>\n<p>[\/et_pb_blurb][\/et_pb_column][et_pb_column type=\u00a0\u00bb1_3&Prime; _builder_version=\u00a0\u00bb4.16&Prime; custom_padding=\u00a0\u00bb|||\u00a0\u00bb global_colors_info=\u00a0\u00bb{}\u00a0\u00bb custom_padding__hover=\u00a0\u00bb|||\u00a0\u00bb][\/et_pb_column][et_pb_column type=\u00a0\u00bb1_3&Prime; _builder_version=\u00a0\u00bb4.16&Prime; custom_padding=\u00a0\u00bb|||\u00a0\u00bb global_colors_info=\u00a0\u00bb{}\u00a0\u00bb custom_padding__hover=\u00a0\u00bb|||\u00a0\u00bb][\/et_pb_column][\/et_pb_row][et_pb_row _builder_version=\u00a0\u00bb4.16&Prime; _module_preset=\u00a0\u00bbdefault\u00a0\u00bb custom_padding=\u00a0\u00bb19px||3px|||\u00a0\u00bb global_colors_info=\u00a0\u00bb{}\u00a0\u00bb][et_pb_column type=\u00a0\u00bb4_4&Prime; _builder_version=\u00a0\u00bb4.16&Prime; _module_preset=\u00a0\u00bbdefault\u00a0\u00bb global_colors_info=\u00a0\u00bb{}\u00a0\u00bb][et_pb_text _builder_version=\u00a0\u00bb4.16&Prime; _module_preset=\u00a0\u00bbdefault\u00a0\u00bb custom_margin=\u00a0\u00bb-11px|||||\u00a0\u00bb global_colors_info=\u00a0\u00bb{}\u00a0\u00bb]<\/p>\n<blockquote>\n<h1><strong>Portraits de quartiers<\/strong><\/h1>\n<\/blockquote>\n<p>[\/et_pb_text][\/et_pb_column][\/et_pb_row][et_pb_row _builder_version=\u00a0\u00bb4.16&Prime; _module_preset=\u00a0\u00bbdefault\u00a0\u00bb custom_padding=\u00a0\u00bb|||0px||\u00a0\u00bb global_colors_info=\u00a0\u00bb{}\u00a0\u00bb][et_pb_column type=\u00a0\u00bb4_4&Prime; _builder_version=\u00a0\u00bb4.16&Prime; _module_preset=\u00a0\u00bbdefault\u00a0\u00bb global_colors_info=\u00a0\u00bb{}\u00a0\u00bb][et_pb_toggle title=\u00a0\u00bbPortraits de Quartiers num\u00e9riques\u00a0\u00bb _builder_version=\u00a0\u00bb4.16&Prime; _module_preset=\u00a0\u00bbdefault\u00a0\u00bb global_colors_info=\u00a0\u00bb{}\u00a0\u00bb]<\/p>\n<blockquote>\n<p><strong><a href=\"..\/..\/upload\/habitat\/PORTRAITS_DE_QUARTIERS_NUMERIQUES.pdf\">2019 &#8211; <\/a><\/strong>Mise \u00e0 disposition des Portraits de Quartiers num\u00e9riques<\/p>\n<\/blockquote>\n<blockquote><\/blockquote>\n<p>[\/et_pb_toggle][et_pb_toggle title=\u00a0\u00bbPortraits de Quartiers CIVIS\u00a0\u00bb _builder_version=\u00a0\u00bb4.16&Prime; _module_preset=\u00a0\u00bbdefault\u00a0\u00bb global_colors_info=\u00a0\u00bb{}\u00a0\u00bb]<\/p>\n<blockquote>\n<p><a href=\"..\/..\/upload\/habitat\/Portraits_de_Quartiers_CIVIS_2014_Avirons.pdf\">AVIRONS &#8211; <\/a><a href=\"..\/..\/upload\/habitat\/Portraits_de_Quartiers_CIVIS_2014_Avirons.zip\">T\u00e9l\u00e9charger au format ZIP<\/a><\/p>\n<p>CILAOS &#8211; <a href=\"..\/..\/upload\/habitat\/Portraits_de_Quartiers_CIVIS_2014_Cilaos.zip\">T\u00e9l\u00e9charger au format ZIP<\/a><\/p>\n<p>ETANG SALE &#8211; <a href=\"..\/..\/upload\/habitat\/Portraits_de_Quartiers_CIVIS_2014_EtangSale.zip\">T\u00e9l\u00e9charger au format ZIP<\/a><\/p>\n<p>PETITE ILE &#8211; <a href=\"..\/..\/upload\/habitat\/Portraits_de_Quartiers_CIVIS_2014_PetiteIle.zip\">T\u00e9l\u00e9charger au format ZIP<\/a><\/p>\n<p>SAINT LOUIS &#8211; <a href=\"..\/..\/upload\/habitat\/Portraits_de_Quartiers_CIVIS_2014_StLouis.zip\">T\u00e9l\u00e9charger au format ZIP<\/a><\/p>\n<p>SAINT PIERRE &#8211; <a href=\"..\/..\/upload\/habitat\/Portraits_de_Quartiers_CIVIS_2014_StPierre.zip\">T\u00e9l\u00e9charger au format ZIP<\/a><\/p>\n<\/blockquote>\n<blockquote><\/blockquote>\n<p>[\/et_pb_toggle][et_pb_toggle title=\u00a0\u00bbPortraits de Quartiers CINOR\u00a0\u00bb _builder_version=\u00a0\u00bb4.16&Prime; _module_preset=\u00a0\u00bbdefault\u00a0\u00bb global_colors_info=\u00a0\u00bb{}\u00a0\u00bb]<\/p>\n<blockquote>\n<p>2015 &#8211; SAINT DENIS &#8211; <a href=\"..\/..\/upload\/habitat\/Portraits_de_Quartiers_EPCI_CINOR_2015_st_denis.zip\">T\u00e9l\u00e9charger au format ZIP<\/a><\/p>\n<p>2015 &#8211; SAINTE MARIE &#8211; <a href=\"..\/..\/upload\/habitat\/Portraits_de_Quartiers_EPCI_CINOR_2015_ste_marie.zip\">T\u00e9l\u00e9charger au format ZIP<\/a><\/p>\n<p>2015 &#8211; SAINTE SUZANNE &#8211; <a href=\"..\/..\/upload\/habitat\/Portraits_de_Quartiers_EPCI_CINOR_2015_ste_suzanne.zip\">T\u00e9l\u00e9charger au format ZIP<\/a><\/p>\n<p>2014 &#8211; SAINT DENIS &#8211; <a href=\"..\/..\/upload\/habitat\/Portraits_de_Quartiers_CINOR_2014_StDenis.zip\">T\u00e9l\u00e9charger au format ZIP<\/a><\/p>\n<p>2014 &#8211; SAINTE MARIE &#8211; <a href=\"..\/..\/upload\/habitat\/Portraits_de_Quartiers_CINOR_2014_SteMarie.zip\">T\u00e9l\u00e9charger au format ZIP<\/a><\/p>\n<p>2014 &#8211; SAINTE SUZANNE &#8211; <a href=\"..\/..\/upload\/habitat\/Portraits_de_Quartiers_CINOR_2014_SteSuzanne.zip\">T\u00e9l\u00e9charger au format ZIP<\/a><\/p>\n<\/blockquote>\n<p>[\/et_pb_toggle][et_pb_toggle title=\u00a0\u00bbPortraits de Quartiers TCO\u00a0\u00bb _builder_version=\u00a0\u00bb4.17.6&Prime; _module_preset=\u00a0\u00bbdefault\u00a0\u00bb hover_enabled=\u00a0\u00bb0&Prime; global_colors_info=\u00a0\u00bb{}\u00a0\u00bb sticky_enabled=\u00a0\u00bb0&Prime;]<\/p>\n<blockquote>\n<p>TCO &#8211; <a href=\"..\/..\/upload\/habitat\/PDQ-TCO.zip\">T\u00e9l\u00e9charger au format <\/a><\/p>\n<blockquote><\/blockquote>\n<\/blockquote>\n<blockquote><\/blockquote>\n<p>[\/et_pb_toggle][et_pb_toggle title=\u00a0\u00bbPortraits de Quartiers CASUD\u00a0\u00bb _builder_version=\u00a0\u00bb4.17.6&Prime; _module_preset=\u00a0\u00bbdefault\u00a0\u00bb global_colors_info=\u00a0\u00bb{}\u00a0\u00bb]<\/p>\n<blockquote>\n<p>SAINT PHILIPPE &#8211; <a href=\"..\/..\/upload\/habitat\/PDQ-CASUD\/SaintPhillipev2.zip\">T\u00e9l\u00e9charger au format <\/a><\/p>\n<p>SAINT JOSEPH &#8211; <a href=\"..\/..\/upload\/habitat\/PDQ-CASUD\/saint-josephv2.zip\">T\u00e9l\u00e9charger au format <\/a><\/p>\n<p>L&rsquo;ENTRE DEUX &#8211; <a href=\"..\/..\/upload\/habitat\/PDQ-CASUD\/entre-deuxv2.zip\">T\u00e9l\u00e9charger au format <\/a><\/p>\n<p>LE TAMPON &#8211; <a href=\"..\/..\/upload\/habitat\/PDQ-CASUD\/Tamponv2.zip\">T\u00e9l\u00e9charger au format<\/a><\/p>\n<blockquote><\/blockquote>\n<\/blockquote>\n<blockquote><\/blockquote>\n<p>[\/et_pb_toggle][et_pb_toggle title=\u00a0\u00bbPortraits de Quartiers CIREST\u00a0\u00bb _builder_version=\u00a0\u00bb4.16&Prime; _module_preset=\u00a0\u00bbdefault\u00a0\u00bb global_colors_info=\u00a0\u00bb{}\u00a0\u00bb]<\/p>\n<blockquote>\n<p>BRAS PANON &#8211; <a href=\"..\/..\/upload\/habitat\/PDQ\/PDQ_BrasPanon.zip\">T\u00e9l\u00e9charger au format <\/a><\/p>\n<p>LA PLAINE DES PALMISTES &#8211; <a href=\"..\/..\/upload\/habitat\/PDQ\/PDQ_LaPlaineDesPalmistes.zip\">T\u00e9l\u00e9charger au format <\/a><\/p>\n<p>SAINT-ANDRE &#8211; <a href=\"..\/..\/upload\/habitat\/PDQ\/PDQ_SaintAndre.zip\">T\u00e9l\u00e9charger au format <\/a><\/p>\n<p>SAINT-BENOIT &#8211;<a href=\"..\/..\/upload\/habitat\/PDQ\/PDQ_SaintBenoit.zip\">T\u00e9l\u00e9charger au format <\/a><\/p>\n<p>SAINTE-ROSE &#8211;<a href=\"..\/..\/upload\/habitat\/PDQ\/PDQ_SainteRose.zip\">T\u00e9l\u00e9charger au format<\/a><\/p>\n<p>SALAZIE &#8211; <a href=\"..\/..\/upload\/habitat\/PDQ\/PDQ_Salazie.zip\">T\u00e9l\u00e9charger au format<\/a><\/p>\n<blockquote><\/blockquote>\n<\/blockquote>\n<blockquote><\/blockquote>\n<p>[\/et_pb_toggle][\/et_pb_column][\/et_pb_row][et_pb_row _builder_version=\u00a0\u00bb4.16&Prime; _module_preset=\u00a0\u00bbdefault\u00a0\u00bb global_colors_info=\u00a0\u00bb{}\u00a0\u00bb][et_pb_column type=\u00a0\u00bb4_4&Prime; _builder_version=\u00a0\u00bb4.16&Prime; _module_preset=\u00a0\u00bbdefault\u00a0\u00bb global_colors_info=\u00a0\u00bb{}\u00a0\u00bb][et_pb_text _builder_version=\u00a0\u00bb4.16&Prime; _module_preset=\u00a0\u00bbdefault\u00a0\u00bb custom_padding=\u00a0\u00bb6px|||||\u00a0\u00bb global_colors_info=\u00a0\u00bb{}\u00a0\u00bb]<\/p>\n<blockquote>\n<h2>\u00a0Retrouvez toutes les publications de l\u2019agence sur la th\u00e9matique \u00ab\u00a0D\u00e9veloppement &amp; Territoires\u00a0\u00bb<\/h2>\n<\/blockquote>\n<p>[\/et_pb_text][\/et_pb_column][\/et_pb_row][et_pb_row column_structure=\u00a0\u00bb1_4,1_4,1_4,1_4&Prime; _builder_version=\u00a0\u00bb4.16&Prime; _module_preset=\u00a0\u00bbdefault\u00a0\u00bb custom_padding=\u00a0\u00bb||52px|||\u00a0\u00bb global_colors_info=\u00a0\u00bb{}\u00a0\u00bb][et_pb_column type=\u00a0\u00bb1_4&Prime; _builder_version=\u00a0\u00bb4.16&Prime; _module_preset=\u00a0\u00bbdefault\u00a0\u00bb global_colors_info=\u00a0\u00bb{}\u00a0\u00bb][et_pb_image src=\u00a0\u00bbhttp:\/\/www.agorah.com\/wp-content\/uploads\/2021\/05\/communication32.jpg\u00a0\u00bb alt=\u00a0\u00bbPortraits de quartiers &#8211; Logement\u00a0\u00bb title_text=\u00a0\u00bbcommunication32&Prime; url=\u00a0\u00bbhttp:\/\/www.agorah.com\/index.php\/urbanisme-economique-commercial-et-equipements\/\u00a0\u00bb _builder_version=\u00a0\u00bb4.16&Prime; _module_preset=\u00a0\u00bbdefault\u00a0\u00bb global_colors_info=\u00a0\u00bb{}\u00a0\u00bb][\/et_pb_image][\/et_pb_column][et_pb_column type=\u00a0\u00bb1_4&Prime; _builder_version=\u00a0\u00bb4.16&Prime; _module_preset=\u00a0\u00bbdefault\u00a0\u00bb global_colors_info=\u00a0\u00bb{}\u00a0\u00bb][et_pb_image src=\u00a0\u00bbhttp:\/\/www.agorah.com\/wp-content\/uploads\/2021\/05\/communication3.jpg\u00a0\u00bb alt=\u00a0\u00bbPortraits de quartiers &#8211; Superficie et urbanisation\u00a0\u00bb title_text=\u00a0\u00bbcommunication3&Prime; url=\u00a0\u00bbhttp:\/\/www.agorah.com\/index.php\/habitats-et-marches-immobiliers\/\u00a0\u00bb _builder_version=\u00a0\u00bb4.16&Prime; _module_preset=\u00a0\u00bbdefault\u00a0\u00bb global_colors_info=\u00a0\u00bb{}\u00a0\u00bb][\/et_pb_image][\/et_pb_column][et_pb_column type=\u00a0\u00bb1_4&Prime; _builder_version=\u00a0\u00bb4.16&Prime; _module_preset=\u00a0\u00bbdefault\u00a0\u00bb global_colors_info=\u00a0\u00bb{}\u00a0\u00bb][et_pb_image src=\u00a0\u00bbhttp:\/\/www.agorah.com\/wp-content\/uploads\/2021\/05\/communication33.jpg\u00a0\u00bb alt=\u00a0\u00bbPortraits de quartiers &#8211; Superficie et urbanisation\u00a0\u00bb title_text=\u00a0\u00bbcommunication33&Prime; url=\u00a0\u00bbhttp:\/\/www.agorah.com\/index.php\/mobilites-et-intermodalites\/\u00a0\u00bb _builder_version=\u00a0\u00bb4.16&Prime; _module_preset=\u00a0\u00bbdefault\u00a0\u00bb global_colors_info=\u00a0\u00bb{}\u00a0\u00bb][\/et_pb_image][\/et_pb_column][et_pb_column type=\u00a0\u00bb1_4&Prime; _builder_version=\u00a0\u00bb4.16&Prime; _module_preset=\u00a0\u00bbdefault\u00a0\u00bb global_colors_info=\u00a0\u00bb{}\u00a0\u00bb][et_pb_image src=\u00a0\u00bbhttp:\/\/www.agorah.com\/wp-content\/uploads\/2021\/05\/communication6.jpg\u00a0\u00bb alt=\u00a0\u00bbPortraits de quartiers &#8211; Logement\u00a0\u00bb title_text=\u00a0\u00bbcommunication6&Prime; url=\u00a0\u00bbhttp:\/\/www.agorah.com\/index.php\/portraits-de-quartiers-2\/\u00a0\u00bb _builder_version=\u00a0\u00bb4.16&Prime; _module_preset=\u00a0\u00bbdefault\u00a0\u00bb global_colors_info=\u00a0\u00bb{}\u00a0\u00bb][\/et_pb_image][\/et_pb_column][\/et_pb_row][\/et_pb_section]<\/p>\n","protected":false},"excerpt":{"rendered":"<p>Portraits de quartiers Portraits de quartiers 2019 &#8211; Mise \u00e0 disposition des Portraits de Quartiers num\u00e9riques AVIRONS &#8211; T\u00e9l\u00e9charger au format ZIP CILAOS &#8211; T\u00e9l\u00e9charger au format ZIP ETANG SALE &#8211; T\u00e9l\u00e9charger au format ZIP PETITE ILE &#8211; T\u00e9l\u00e9charger au format ZIP SAINT LOUIS &#8211; T\u00e9l\u00e9charger au format ZIP SAINT PIERRE &#8211; T\u00e9l\u00e9charger au format [&hellip;]<\/p>\n","protected":false},"author":1,"featured_media":0,"parent":0,"menu_order":0,"comment_status":"closed","ping_status":"closed","template":"","meta":{"_et_pb_use_builder":"on","_et_pb_old_content":"","_et_gb_content_width":"","_monsterinsights_skip_tracking":false,"_monsterinsights_sitenote_active":false,"_monsterinsights_sitenote_note":"","_monsterinsights_sitenote_category":0,"footnotes":""},"yoast_head":"<!-- This site is optimized with the Yoast SEO plugin v23.2 - https:\/\/yoast.com\/wordpress\/plugins\/seo\/ -->\n<title>PORTRAITS DE QUARTIERS - AGORAH Agence d&#039;urbanisme de La R\u00e9union<\/title>\n<meta name=\"robots\" content=\"index, follow, max-snippet:-1, max-image-preview:large, max-video-preview:-1\" \/>\n<link rel=\"canonical\" href=\"https:\/\/www.agorah.com\/index.php\/portraits-de-quartiers-2\/\" \/>\n<meta property=\"og:locale\" content=\"fr_FR\" \/>\n<meta property=\"og:type\" content=\"article\" \/>\n<meta property=\"og:title\" content=\"PORTRAITS DE QUARTIERS - AGORAH Agence d&#039;urbanisme de La R\u00e9union\" \/>\n<meta property=\"og:description\" content=\"Portraits de quartiers Portraits de quartiers 2019 - Mise \u00e0 disposition des Portraits de Quartiers num\u00e9riques AVIRONS - T\u00e9l\u00e9charger au format ZIP CILAOS - T\u00e9l\u00e9charger au format ZIP ETANG SALE - T\u00e9l\u00e9charger au format ZIP PETITE ILE - T\u00e9l\u00e9charger au format ZIP SAINT LOUIS - T\u00e9l\u00e9charger au format ZIP SAINT PIERRE - T\u00e9l\u00e9charger au format [&hellip;]\" \/>\n<meta property=\"og:url\" content=\"https:\/\/www.agorah.com\/index.php\/portraits-de-quartiers-2\/\" \/>\n<meta property=\"og:site_name\" content=\"AGORAH Agence d&#039;urbanisme de La R\u00e9union\" \/>\n<meta property=\"article:publisher\" content=\"https:\/\/www.facebook.com\/AgorahReunion\" \/>\n<meta property=\"article:modified_time\" content=\"2022-08-01T07:05:46+00:00\" \/>\n<meta name=\"twitter:card\" content=\"summary_large_image\" \/>\n<script type=\"application\/ld+json\" class=\"yoast-schema-graph\">{\"@context\":\"https:\/\/schema.org\",\"@graph\":[{\"@type\":\"WebPage\",\"@id\":\"https:\/\/www.agorah.com\/index.php\/portraits-de-quartiers-2\/\",\"url\":\"https:\/\/www.agorah.com\/index.php\/portraits-de-quartiers-2\/\",\"name\":\"PORTRAITS DE QUARTIERS - AGORAH Agence d&#039;urbanisme de La R\u00e9union\",\"isPartOf\":{\"@id\":\"https:\/\/www.agorah.com\/#website\"},\"datePublished\":\"2021-05-20T11:45:55+00:00\",\"dateModified\":\"2022-08-01T07:05:46+00:00\",\"breadcrumb\":{\"@id\":\"https:\/\/www.agorah.com\/index.php\/portraits-de-quartiers-2\/#breadcrumb\"},\"inLanguage\":\"fr-FR\",\"potentialAction\":[{\"@type\":\"ReadAction\",\"target\":[\"https:\/\/www.agorah.com\/index.php\/portraits-de-quartiers-2\/\"]}]},{\"@type\":\"BreadcrumbList\",\"@id\":\"https:\/\/www.agorah.com\/index.php\/portraits-de-quartiers-2\/#breadcrumb\",\"itemListElement\":[{\"@type\":\"ListItem\",\"position\":1,\"name\":\"Accueil\",\"item\":\"https:\/\/www.agorah.com\/\"},{\"@type\":\"ListItem\",\"position\":2,\"name\":\"PORTRAITS DE QUARTIERS\"}]},{\"@type\":\"WebSite\",\"@id\":\"https:\/\/www.agorah.com\/#website\",\"url\":\"https:\/\/www.agorah.com\/\",\"name\":\"AGORAH Agence d'urbanisme de La R\u00e9union\",\"description\":\"AGORAH  Agence d&#039;urbanisme de La R\u00e9union\",\"publisher\":{\"@id\":\"https:\/\/www.agorah.com\/#organization\"},\"alternateName\":\"AGORAH\",\"potentialAction\":[{\"@type\":\"SearchAction\",\"target\":{\"@type\":\"EntryPoint\",\"urlTemplate\":\"https:\/\/www.agorah.com\/?s={search_term_string}\"},\"query-input\":\"required name=search_term_string\"}],\"inLanguage\":\"fr-FR\"},{\"@type\":\"Organization\",\"@id\":\"https:\/\/www.agorah.com\/#organization\",\"name\":\"AGORAH Agence d'urbanisme de La R\u00e9union\",\"alternateName\":\"AGORAH\",\"url\":\"https:\/\/www.agorah.com\/\",\"logo\":{\"@type\":\"ImageObject\",\"inLanguage\":\"fr-FR\",\"@id\":\"https:\/\/www.agorah.com\/#\/schema\/logo\/image\/\",\"url\":\"https:\/\/www.agorah.com\/wp-content\/uploads\/2020\/05\/LOGO-SITE-BASELINE-4.png\",\"contentUrl\":\"https:\/\/www.agorah.com\/wp-content\/uploads\/2020\/05\/LOGO-SITE-BASELINE-4.png\",\"width\":5111,\"height\":982,\"caption\":\"AGORAH Agence d'urbanisme de La R\u00e9union\"},\"image\":{\"@id\":\"https:\/\/www.agorah.com\/#\/schema\/logo\/image\/\"},\"sameAs\":[\"https:\/\/www.facebook.com\/AgorahReunion\",\"https:\/\/www.linkedin.com\/company\/agorah-agence-durbanisme--la-runion\/mycompany\/?viewAsMember=true\"]}]}<\/script>\n<!-- \/ Yoast SEO plugin. -->","yoast_head_json":{"title":"PORTRAITS DE QUARTIERS - AGORAH Agence d&#039;urbanisme de La R\u00e9union","robots":{"index":"index","follow":"follow","max-snippet":"max-snippet:-1","max-image-preview":"max-image-preview:large","max-video-preview":"max-video-preview:-1"},"canonical":"https:\/\/www.agorah.com\/index.php\/portraits-de-quartiers-2\/","og_locale":"fr_FR","og_type":"article","og_title":"PORTRAITS DE QUARTIERS - AGORAH Agence d&#039;urbanisme de La R\u00e9union","og_description":"Portraits de quartiers Portraits de quartiers 2019 - Mise \u00e0 disposition des Portraits de Quartiers num\u00e9riques AVIRONS - T\u00e9l\u00e9charger au format ZIP CILAOS - T\u00e9l\u00e9charger au format ZIP ETANG SALE - T\u00e9l\u00e9charger au format ZIP PETITE ILE - T\u00e9l\u00e9charger au format ZIP SAINT LOUIS - T\u00e9l\u00e9charger au format ZIP SAINT PIERRE - T\u00e9l\u00e9charger au format [&hellip;]","og_url":"https:\/\/www.agorah.com\/index.php\/portraits-de-quartiers-2\/","og_site_name":"AGORAH Agence d&#039;urbanisme de La R\u00e9union","article_publisher":"https:\/\/www.facebook.com\/AgorahReunion","article_modified_time":"2022-08-01T07:05:46+00:00","twitter_card":"summary_large_image","schema":{"@context":"https:\/\/schema.org","@graph":[{"@type":"WebPage","@id":"https:\/\/www.agorah.com\/index.php\/portraits-de-quartiers-2\/","url":"https:\/\/www.agorah.com\/index.php\/portraits-de-quartiers-2\/","name":"PORTRAITS DE QUARTIERS - AGORAH Agence d&#039;urbanisme de La R\u00e9union","isPartOf":{"@id":"https:\/\/www.agorah.com\/#website"},"datePublished":"2021-05-20T11:45:55+00:00","dateModified":"2022-08-01T07:05:46+00:00","breadcrumb":{"@id":"https:\/\/www.agorah.com\/index.php\/portraits-de-quartiers-2\/#breadcrumb"},"inLanguage":"fr-FR","potentialAction":[{"@type":"ReadAction","target":["https:\/\/www.agorah.com\/index.php\/portraits-de-quartiers-2\/"]}]},{"@type":"BreadcrumbList","@id":"https:\/\/www.agorah.com\/index.php\/portraits-de-quartiers-2\/#breadcrumb","itemListElement":[{"@type":"ListItem","position":1,"name":"Accueil","item":"https:\/\/www.agorah.com\/"},{"@type":"ListItem","position":2,"name":"PORTRAITS DE QUARTIERS"}]},{"@type":"WebSite","@id":"https:\/\/www.agorah.com\/#website","url":"https:\/\/www.agorah.com\/","name":"AGORAH Agence d'urbanisme de La R\u00e9union","description":"AGORAH  Agence d&#039;urbanisme de La R\u00e9union","publisher":{"@id":"https:\/\/www.agorah.com\/#organization"},"alternateName":"AGORAH","potentialAction":[{"@type":"SearchAction","target":{"@type":"EntryPoint","urlTemplate":"https:\/\/www.agorah.com\/?s={search_term_string}"},"query-input":"required name=search_term_string"}],"inLanguage":"fr-FR"},{"@type":"Organization","@id":"https:\/\/www.agorah.com\/#organization","name":"AGORAH Agence d'urbanisme de La R\u00e9union","alternateName":"AGORAH","url":"https:\/\/www.agorah.com\/","logo":{"@type":"ImageObject","inLanguage":"fr-FR","@id":"https:\/\/www.agorah.com\/#\/schema\/logo\/image\/","url":"https:\/\/www.agorah.com\/wp-content\/uploads\/2020\/05\/LOGO-SITE-BASELINE-4.png","contentUrl":"https:\/\/www.agorah.com\/wp-content\/uploads\/2020\/05\/LOGO-SITE-BASELINE-4.png","width":5111,"height":982,"caption":"AGORAH Agence d'urbanisme de La R\u00e9union"},"image":{"@id":"https:\/\/www.agorah.com\/#\/schema\/logo\/image\/"},"sameAs":["https:\/\/www.facebook.com\/AgorahReunion","https:\/\/www.linkedin.com\/company\/agorah-agence-durbanisme--la-runion\/mycompany\/?viewAsMember=true"]}]}},"_links":{"self":[{"href":"https:\/\/www.agorah.com\/index.php\/wp-json\/wp\/v2\/pages\/3126"}],"collection":[{"href":"https:\/\/www.agorah.com\/index.php\/wp-json\/wp\/v2\/pages"}],"about":[{"href":"https:\/\/www.agorah.com\/index.php\/wp-json\/wp\/v2\/types\/page"}],"author":[{"embeddable":true,"href":"https:\/\/www.agorah.com\/index.php\/wp-json\/wp\/v2\/users\/1"}],"replies":[{"embeddable":true,"href":"https:\/\/www.agorah.com\/index.php\/wp-json\/wp\/v2\/comments?post=3126"}],"version-history":[{"count":0,"href":"https:\/\/www.agorah.com\/index.php\/wp-json\/wp\/v2\/pages\/3126\/revisions"}],"wp:attachment":[{"href":"https:\/\/www.agorah.com\/index.php\/wp-json\/wp\/v2\/media?parent=3126"}],"curies":[{"name":"wp","href":"https:\/\/api.w.org\/{rel}","templated":true}]}}