{"id":3161,"date":"2021-05-21T08:03:57","date_gmt":"2021-05-21T04:03:57","guid":{"rendered":"http:\/\/www.agorah.com\/?page_id=3161"},"modified":"2025-09-03T13:49:42","modified_gmt":"2025-09-03T09:49:42","slug":"observatoire-des-dechets","status":"publish","type":"page","link":"https:\/\/www.agorah.com\/index.php\/observatoire-des-dechets\/","title":{"rendered":"OBSERVATOIRE DES D\u00c9CHETS"},"content":{"rendered":"<p>[et_pb_section fb_built=\u00a0\u00bb1&Prime; _builder_version=\u00a0\u00bb4.16&Prime; _module_preset=\u00a0\u00bbdefault\u00a0\u00bb min_height=\u00a0\u00bb1044.6px\u00a0\u00bb custom_padding=\u00a0\u00bb||0px|||\u00a0\u00bb global_colors_info=\u00a0\u00bb{}\u00a0\u00bb][et_pb_row column_structure=\u00a0\u00bb1_3,1_3,1_3&Prime; _builder_version=\u00a0\u00bb4.16&Prime; background_color=\u00a0\u00bb#ff6e77&Prime; use_background_color_gradient=\u00a0\u00bbon\u00a0\u00bb background_color_gradient_direction=\u00a0\u00bb90deg\u00a0\u00bb background_color_gradient_stops=\u00a0\u00bb#43b49d 0%|#4ebdcf 100%\u00a0\u00bb background_color_gradient_start=\u00a0\u00bb#43b49d\u00a0\u00bb background_color_gradient_end=\u00a0\u00bb#4ebdcf\u00a0\u00bb custom_margin=\u00a0\u00bb-5px|auto|1px|auto||\u00a0\u00bb custom_padding=\u00a0\u00bb40px|40px|40px|40px|true|true\u00a0\u00bb animation_style=\u00a0\u00bbflip\u00a0\u00bb animation_intensity_flip=\u00a0\u00bb20%\u00a0\u00bb locked=\u00a0\u00bboff\u00a0\u00bb global_colors_info=\u00a0\u00bb{}\u00a0\u00bb][et_pb_column type=\u00a0\u00bb1_3&Prime; _builder_version=\u00a0\u00bb4.16&Prime; custom_padding=\u00a0\u00bb|||\u00a0\u00bb global_colors_info=\u00a0\u00bb{}\u00a0\u00bb custom_padding__hover=\u00a0\u00bb|||\u00a0\u00bb][et_pb_blurb title=\u00a0\u00bbth\u00e9matique\u00a0\u00bb use_icon=\u00a0\u00bbon\u00a0\u00bb font_icon=\u00a0\u00bb&#xe019;||divi||400&Prime; icon_color=\u00a0\u00bb#ffffff\u00a0\u00bb icon_placement=\u00a0\u00bbleft\u00a0\u00bb image_icon_width=\u00a0\u00bb40px\u00a0\u00bb _builder_version=\u00a0\u00bb4.16&Prime; header_font=\u00a0\u00bbLato|700||on|||||\u00a0\u00bb header_font_size=\u00a0\u00bb10px\u00a0\u00bb header_letter_spacing=\u00a0\u00bb1px\u00a0\u00bb header_line_height=\u00a0\u00bb1.4em\u00a0\u00bb body_font=\u00a0\u00bbLato|700|||||||\u00a0\u00bb body_font_size=\u00a0\u00bb20px\u00a0\u00bb body_line_height=\u00a0\u00bb0.8em\u00a0\u00bb background_layout=\u00a0\u00bbdark\u00a0\u00bb custom_margin_tablet=\u00a0\u00bb||40px|\u00a0\u00bb custom_margin_phone=\u00a0\u00bb\u00a0\u00bb custom_margin_last_edited=\u00a0\u00bbon|tablet\u00a0\u00bb custom_padding=\u00a0\u00bb||0px|||\u00a0\u00bb animation=\u00a0\u00bboff\u00a0\u00bb icon_font_size=\u00a0\u00bb40px\u00a0\u00bb global_colors_info=\u00a0\u00bb{}\u00a0\u00bb]<\/p>\n<p>Observatoires des d\u00e9chets<\/p>\n<p>[\/et_pb_blurb][\/et_pb_column][et_pb_column type=\u00a0\u00bb1_3&Prime; _builder_version=\u00a0\u00bb4.16&Prime; custom_padding=\u00a0\u00bb|||\u00a0\u00bb global_colors_info=\u00a0\u00bb{}\u00a0\u00bb custom_padding__hover=\u00a0\u00bb|||\u00a0\u00bb][\/et_pb_column][et_pb_column type=\u00a0\u00bb1_3&Prime; _builder_version=\u00a0\u00bb4.16&Prime; custom_padding=\u00a0\u00bb|||\u00a0\u00bb global_colors_info=\u00a0\u00bb{}\u00a0\u00bb custom_padding__hover=\u00a0\u00bb|||\u00a0\u00bb][\/et_pb_column][\/et_pb_row][et_pb_row _builder_version=\u00a0\u00bb4.16&Prime; _module_preset=\u00a0\u00bbdefault\u00a0\u00bb custom_padding=\u00a0\u00bb19px||3px|||\u00a0\u00bb global_colors_info=\u00a0\u00bb{}\u00a0\u00bb][et_pb_column type=\u00a0\u00bb4_4&Prime; _builder_version=\u00a0\u00bb4.16&Prime; _module_preset=\u00a0\u00bbdefault\u00a0\u00bb global_colors_info=\u00a0\u00bb{}\u00a0\u00bb][et_pb_text _builder_version=\u00a0\u00bb4.16&Prime; _module_preset=\u00a0\u00bbdefault\u00a0\u00bb global_colors_info=\u00a0\u00bb{}\u00a0\u00bb]<\/p>\n<blockquote>\n<h1><strong>Observatoires des d\u00e9chets<\/strong><\/h1>\n<\/blockquote>\n<p>[\/et_pb_text][\/et_pb_column][\/et_pb_row][et_pb_row _builder_version=\u00a0\u00bb4.16&Prime; _module_preset=\u00a0\u00bbdefault\u00a0\u00bb custom_padding=\u00a0\u00bb|||0px||\u00a0\u00bb global_colors_info=\u00a0\u00bb{}\u00a0\u00bb][et_pb_column type=\u00a0\u00bb4_4&Prime; _builder_version=\u00a0\u00bb4.16&Prime; _module_preset=\u00a0\u00bbdefault\u00a0\u00bb global_colors_info=\u00a0\u00bb{}\u00a0\u00bb][\/et_pb_column][\/et_pb_row][et_pb_row _builder_version=\u00a0\u00bb4.16&Prime; _module_preset=\u00a0\u00bbdefault\u00a0\u00bb global_colors_info=\u00a0\u00bb{}\u00a0\u00bb][et_pb_column type=\u00a0\u00bb4_4&Prime; _builder_version=\u00a0\u00bb4.16&Prime; _module_preset=\u00a0\u00bbdefault\u00a0\u00bb global_colors_info=\u00a0\u00bb{}\u00a0\u00bb][et_pb_toggle title=\u00a0\u00bbOBSERVATOIRE DES D\u00c9CHETS\u00a0\u00bb open=\u00a0\u00bbon\u00a0\u00bb _builder_version=\u00a0\u00bb4.27.4&Prime; _module_preset=\u00a0\u00bbdefault\u00a0\u00bb global_colors_info=\u00a0\u00bb{}\u00a0\u00bb]<\/p>\n<blockquote><\/blockquote>\n<p><strong>2025<\/strong><strong><\/strong><\/p>\n<blockquote>\n<p><a href=\"https:\/\/www.agorah.com\/upload\/environnement\/AgorahScope-n10-ord-2025.pdf\"><strong>Agorah&rsquo;Scope N\u00b010 &#8211; Le co\u00fbt de la gestion des d\u00e9chets m\u00e9nagers et assimil\u00e9s \u00e0 La R\u00e9union<\/strong><\/a><\/p>\n<p><span style=\"font-size: 14px;\"><\/span><a href=\"https:\/\/www.agorah.com\/upload\/environnement\/RapportAnnuel_ORD_2024_VF.pdf\" style=\"font-size: 14px;\"><strong>Rapport annuel ORD \u00c9dition 2025 &#8211; Donn\u00e9es 2024<\/strong><\/a><\/p>\n<p><a href=\"https:\/\/agorah.com\/upload\/environnement\/AgorahScope-n-9-Observatoire-Reunionnais-des-dechets-2025v-finale.pdf\"><strong>Agorah&rsquo;Scope N\u00b09 &#8211; La gestion des d\u00e9chets m\u00e9nagers et assimil\u00e9s \u00e0 La R\u00e9union<\/strong><\/a><\/p>\n<\/blockquote>\n<p><strong><\/strong><\/p>\n<p><strong>2024<\/strong><\/p>\n<blockquote>\n<p><a href=\"http:\/\/agorah.com\/upload\/environnement\/Referentiel_CoutsGestionDMA_Reunion_2021.pdf\"><strong>R\u00e9f\u00e9rentiel des couts de gestion des D\u00e9chets M\u00e9nagers et Assimil\u00e9s (DMA) \u00c9dition 2023 &#8211; (donn\u00e9es 2021)<\/strong><\/a><\/p>\n<\/blockquote>\n<blockquote>\n<p><a href=\"http:\/\/agorah.com\/upload\/environnement\/RapportAnnuel_ORD_2023_VF.pdf\"><strong>Rapport annuel ORD \u00c9dition 2023 &#8211; Donn\u00e9es 2022<\/strong><\/a><\/p>\n<p><a href=\"http:\/\/agorah.com\/upload\/environnement\/Agorahscope-n6-ORD-Final.pdf\"><strong>Agorah&rsquo;Scope N\u00b06 &#8211; La gestion des d\u00e9chets m\u00e9nagers et assimil\u00e9s \u00e0 La R\u00e9union<\/strong><\/a><\/p>\n<p><a href=\"http:\/\/agorah.com\/upload\/environnement\/Agorahscope-n7-ORD-Final.pdf\"><strong>Agorah&rsquo;Scope N\u00b07 &#8211; Les d\u00e9chets \u00e0 La R\u00e9union<\/strong><\/a><\/p>\n<\/blockquote>\n<p><strong><\/strong><\/p>\n<p><strong>2022<\/strong><\/p>\n<blockquote>\n<p><strong><a href=\"http:\/\/agorah.com\/upload\/environnement\/RapporAnnuel_ORD_Edition2022_Donn\u00e9es2020.pdf\">Rapport annuel ORD \u00c9dition 2022 &#8211; Donn\u00e9es 2020<\/a><\/strong><\/p>\n<p><strong><a href=\"http:\/\/agorah.com\/upload\/environnement\/Plaquette_Synth\u00e8se_D\u00e9chets_Edition2022.pdf\">Synth\u00e8se D\u00e9chets M\u00e9nagers &amp; Assimil\u00e9s \u00c9dition 2021- (donn\u00e9es 2019)<\/a><\/strong><\/p>\n<p><strong><a href=\"http:\/\/agorah.com\/upload\/environnement\/R\u00e9f\u00e9rentiel_Co\u00fbtsGestionDMA_R\u00e9union_2020_VF.pdf\">R\u00e9f\u00e9rentiel des couts de gestion des D\u00e9chets M\u00e9nagers et Assimil\u00e9s<\/a><a href=\"http:\/\/agorah.com\/upload\/environnement\/R\u00e9f\u00e9rentiel_Co\u00fbtsGestionDMA_R\u00e9union_2020_VF.pdf\"> (DMA) <\/a><a href=\"http:\/\/agorah.com\/upload\/environnement\/RapporAnnuel_ORD_2019.pdf\">\u00c9dition 2022 &#8211; (donn\u00e9es <\/a><a href=\"http:\/\/agorah.com\/upload\/environnement\/R\u00e9f\u00e9rentiel_Co\u00fbtsGestionDMA_R\u00e9union_2020_VF.pdf\">2020)<\/a><\/strong><\/p>\n<\/blockquote>\n<blockquote>\n<p><strong>2021<\/strong><\/p>\n<p><strong><a href=\"http:\/\/agorah.com\/upload\/environnement\/RapporAnnuel_ORD_Edition2021_Donn\u00e9es2019.pdf\">Rapport annuel ORD \u00c9dition 2021 &#8211; Donn\u00e9es 2019<\/a><\/strong><\/p>\n<p><strong><a href=\"http:\/\/agorah.com\/upload\/environnement\/Plaquette-DMA-2020.pdf\">Synth\u00e8se D\u00e9chets M\u00e9nagers &amp; Assimil\u00e9s <\/a><a href=\"http:\/\/agorah.com\/upload\/environnement\/RapporAnnuel_ORD_2019.pdf\">\u00c9dition 2021<\/a><a href=\"http:\/\/agorah.com\/upload\/environnement\/Plaquette-DMA-2020.pdf\">&#8211; (donn\u00e9es 2019)<\/a><\/strong><\/p>\n<p><strong><a href=\"http:\/\/agorah.com\/upload\/environnement\/Rapport_DAE_2020_vf.pdf\">D\u00e9chets d&rsquo;activit\u00e9s \u00e9conomiques \u00e0 La R\u00e9union &#8211; \u00c9tat des lieux &#8211; <\/a><a href=\"http:\/\/agorah.com\/upload\/environnement\/RapporAnnuel_ORD_2019.pdf\">\u00c9dition 2020<\/a><\/strong><\/p>\n<\/blockquote>\n<blockquote>\n<p><strong>2020<\/strong><\/p>\n<p><strong><a href=\"http:\/\/agorah.com\/upload\/environnement\/RapporAnnuel_ORD_2019.pdf\">Rapport annuel ORD \u00c9dition 2020 &#8211; Donn\u00e9es 2018<\/a><\/strong><\/p>\n<p><strong><a href=\"http:\/\/agorah.com\/upload\/environnement\/Plaquette-DMA-2020.pdf\">Synth\u00e8se D\u00e9chets M\u00e9nagers &amp; Assimil\u00e9s <\/a><a href=\"http:\/\/agorah.com\/upload\/environnement\/RapporAnnuel_ORD_2019.pdf\">\u00c9dition 2020<\/a><a href=\"http:\/\/agorah.com\/upload\/environnement\/Plaquette-DMA-2020.pdf\">&#8211; (donn\u00e9es 2018)<\/a><\/strong><\/p>\n<\/blockquote>\n<blockquote>\n<p><strong>2019<\/strong><\/p>\n<p><strong><a href=\"http:\/\/agorah.com\/upload\/environnement\/Observatoire_des_d\u00e9chets_RapportAnnuel_2018_VF.pdf\" style=\"font-size: 14px;\">Rapport annuel ORD \u00c9dition 2019 &#8211; Donn\u00e9es 2017<\/a><\/strong><\/p>\n<p><strong><a href=\"http:\/\/agorah.com\/upload\/environnement\/Plaquette-DMA.pdf\">Synth\u00e8se D\u00e9chets M\u00e9nagers &amp; Assimil\u00e9s <\/a><a href=\"http:\/\/agorah.com\/upload\/environnement\/Observatoire_des_d\u00e9chets_RapportAnnuel_2018_VF.pdf\" style=\"font-size: 14px;\">\u00c9dition 2019<\/a><a href=\"http:\/\/agorah.com\/upload\/environnement\/Plaquette-DMA.pdf\"> &#8211; (donn\u00e9es 2017)<\/a><\/strong><\/p>\n<\/blockquote>\n<blockquote>\n<p><strong>Avant 2019<\/strong><\/p>\n<p><strong><a href=\"http:\/\/agorah.com\/upload\/environnement\/Chiffres_cles_DMA_2012.pdf\">Chiffres cl\u00e9s sur les d\u00e9chets m\u00e9nagers et assimil\u00e9s 2012<\/a><\/strong><\/p>\n<p><a href=\"http:\/\/agorah.com\/upload\/environnement\/AGORAH_PE_Etude_Depots_Sauvages_2016.pdf\"><strong>\u00c9tude sur les d\u00e9p\u00f4ts sauvages<\/strong> &#8211; <\/a><a href=\"http:\/\/agorah.com\/upload\/environnement\/AGORAH_PE_Etude_Depots_Sauvages_2016.zip\">T\u00e9l\u00e9charger au format ZIP<\/a><\/p>\n<\/blockquote>\n<blockquote><\/blockquote>\n<p>[\/et_pb_toggle][et_pb_text _builder_version=\u00a0\u00bb4.16&Prime; _module_preset=\u00a0\u00bbdefault\u00a0\u00bb global_colors_info=\u00a0\u00bb{}\u00a0\u00bb]<\/p>\n<blockquote>\n<h2><span>Retrouvez toutes les publications de l\u2019agence sur la th\u00e9matique \u00ab\u00a0Am\u00e9nagement &amp; Environnement\u00a0\u00bb<\/span><\/h2>\n<\/blockquote>\n<p>[\/et_pb_text][\/et_pb_column][\/et_pb_row][et_pb_row column_structure=\u00a0\u00bb1_4,1_4,1_4,1_4&Prime; _builder_version=\u00a0\u00bb4.16&Prime; _module_preset=\u00a0\u00bbdefault\u00a0\u00bb custom_padding=\u00a0\u00bb||52px|||\u00a0\u00bb global_colors_info=\u00a0\u00bb{}\u00a0\u00bb][et_pb_column type=\u00a0\u00bb1_4&Prime; _builder_version=\u00a0\u00bb4.16&Prime; _module_preset=\u00a0\u00bbdefault\u00a0\u00bb global_colors_info=\u00a0\u00bb{}\u00a0\u00bb][et_pb_image src=\u00a0\u00bbhttp:\/\/www.agorah.com\/wp-content\/uploads\/2021\/05\/communication7.jpg\u00a0\u00bb alt=\u00a0\u00bbPortraits de quartiers &#8211; Logement\u00a0\u00bb title_text=\u00a0\u00bbcommunication7&Prime; url=\u00a0\u00bbhttp:\/\/www.agorah.com\/index.php\/urbanisme-reglementaire\/\u00a0\u00bb _builder_version=\u00a0\u00bb4.16&Prime; _module_preset=\u00a0\u00bbdefault\u00a0\u00bb global_colors_info=\u00a0\u00bb{}\u00a0\u00bb][\/et_pb_image][\/et_pb_column][et_pb_column type=\u00a0\u00bb1_4&Prime; _builder_version=\u00a0\u00bb4.16&Prime; _module_preset=\u00a0\u00bbdefault\u00a0\u00bb global_colors_info=\u00a0\u00bb{}\u00a0\u00bb][et_pb_image src=\u00a0\u00bbhttp:\/\/www.agorah.com\/wp-content\/uploads\/2021\/05\/communication72.jpg\u00a0\u00bb alt=\u00a0\u00bbPortraits de quartiers &#8211; Superficie et urbanisation\u00a0\u00bb title_text=\u00a0\u00bbcommunication72&Prime; url=\u00a0\u00bbhttp:\/\/www.agorah.com\/index.php\/etudes-urbaines\/\u00a0\u00bb _builder_version=\u00a0\u00bb4.16&Prime; _module_preset=\u00a0\u00bbdefault\u00a0\u00bb global_colors_info=\u00a0\u00bb{}\u00a0\u00bb][\/et_pb_image][\/et_pb_column][et_pb_column type=\u00a0\u00bb1_4&Prime; _builder_version=\u00a0\u00bb4.16&Prime; _module_preset=\u00a0\u00bbdefault\u00a0\u00bb global_colors_info=\u00a0\u00bb{}\u00a0\u00bb][et_pb_image src=\u00a0\u00bbhttp:\/\/www.agorah.com\/wp-content\/uploads\/2021\/05\/communication73.jpg\u00a0\u00bb alt=\u00a0\u00bbPortraits de quartiers &#8211; Superficie et urbanisation\u00a0\u00bb title_text=\u00a0\u00bbcommunication73&Prime; url=\u00a0\u00bbhttp:\/\/www.agorah.com\/index.php\/observatoire-des-dechets\/\u00a0\u00bb _builder_version=\u00a0\u00bb4.16&Prime; _module_preset=\u00a0\u00bbdefault\u00a0\u00bb global_colors_info=\u00a0\u00bb{}\u00a0\u00bb][\/et_pb_image][\/et_pb_column][et_pb_column type=\u00a0\u00bb1_4&Prime; _builder_version=\u00a0\u00bb4.16&Prime; _module_preset=\u00a0\u00bbdefault\u00a0\u00bb global_colors_info=\u00a0\u00bb{}\u00a0\u00bb][et_pb_image src=\u00a0\u00bbhttp:\/\/www.agorah.com\/wp-content\/uploads\/2021\/05\/note.jpg\u00a0\u00bb alt=\u00a0\u00bbPortraits de quartiers &#8211; Logement\u00a0\u00bb title_text=\u00a0\u00bbnote\u00a0\u00bb url=\u00a0\u00bbhttp:\/\/www.agorah.com\/index.php\/notes-juridiques\/\u00a0\u00bb _builder_version=\u00a0\u00bb4.16&Prime; _module_preset=\u00a0\u00bbdefault\u00a0\u00bb global_colors_info=\u00a0\u00bb{}\u00a0\u00bb][\/et_pb_image][\/et_pb_column][\/et_pb_row][et_pb_row column_structure=\u00a0\u00bb1_4,1_4,1_4,1_4&Prime; _builder_version=\u00a0\u00bb4.16&Prime; _module_preset=\u00a0\u00bbdefault\u00a0\u00bb custom_padding=\u00a0\u00bb||52px|||\u00a0\u00bb global_colors_info=\u00a0\u00bb{}\u00a0\u00bb][et_pb_column type=\u00a0\u00bb1_4&Prime; _builder_version=\u00a0\u00bb4.16&Prime; _module_preset=\u00a0\u00bbdefault\u00a0\u00bb global_colors_info=\u00a0\u00bb{}\u00a0\u00bb][et_pb_image src=\u00a0\u00bbhttp:\/\/www.agorah.com\/wp-content\/uploads\/2021\/05\/communication75.jpg\u00a0\u00bb alt=\u00a0\u00bbPortraits de quartiers &#8211; Logement\u00a0\u00bb title_text=\u00a0\u00bbcommunication75&Prime; url=\u00a0\u00bbhttp:\/\/www.agorah.com\/index.php\/ecologie-urbaine\/\u00a0\u00bb _builder_version=\u00a0\u00bb4.16&Prime; _module_preset=\u00a0\u00bbdefault\u00a0\u00bb global_colors_info=\u00a0\u00bb{}\u00a0\u00bb][\/et_pb_image][\/et_pb_column][et_pb_column type=\u00a0\u00bb1_4&Prime; _builder_version=\u00a0\u00bb4.16&Prime; _module_preset=\u00a0\u00bbdefault\u00a0\u00bb global_colors_info=\u00a0\u00bb{}\u00a0\u00bb][\/et_pb_column][et_pb_column type=\u00a0\u00bb1_4&Prime; _builder_version=\u00a0\u00bb4.16&Prime; _module_preset=\u00a0\u00bbdefault\u00a0\u00bb global_colors_info=\u00a0\u00bb{}\u00a0\u00bb][\/et_pb_column][et_pb_column type=\u00a0\u00bb1_4&Prime; _builder_version=\u00a0\u00bb4.16&Prime; _module_preset=\u00a0\u00bbdefault\u00a0\u00bb global_colors_info=\u00a0\u00bb{}\u00a0\u00bb][\/et_pb_column][\/et_pb_row][\/et_pb_section]<\/p>\n","protected":false},"excerpt":{"rendered":"<p>Observatoires des d\u00e9chets Observatoires des d\u00e9chets 2025 Agorah&rsquo;Scope N\u00b010 &#8211; Le co\u00fbt de la gestion des d\u00e9chets m\u00e9nagers et assimil\u00e9s \u00e0 La R\u00e9union Rapport annuel ORD \u00c9dition 2025 &#8211; Donn\u00e9es 2024 Agorah&rsquo;Scope N\u00b09 &#8211; La gestion des d\u00e9chets m\u00e9nagers et assimil\u00e9s \u00e0 La R\u00e9union 2024 R\u00e9f\u00e9rentiel des couts de gestion des D\u00e9chets M\u00e9nagers et Assimil\u00e9s [&hellip;]<\/p>\n","protected":false},"author":1,"featured_media":0,"parent":0,"menu_order":0,"comment_status":"closed","ping_status":"closed","template":"","meta":{"_et_pb_use_builder":"on","_et_pb_old_content":"","_et_gb_content_width":"","_monsterinsights_skip_tracking":false,"_monsterinsights_sitenote_active":false,"_monsterinsights_sitenote_note":"","_monsterinsights_sitenote_category":0,"footnotes":""},"yoast_head":"<!-- This site is optimized with the Yoast SEO plugin v23.2 - https:\/\/yoast.com\/wordpress\/plugins\/seo\/ -->\n<title>OBSERVATOIRE DES D\u00c9CHETS - AGORAH Agence d&#039;urbanisme de La R\u00e9union<\/title>\n<meta name=\"robots\" content=\"index, follow, max-snippet:-1, max-image-preview:large, max-video-preview:-1\" \/>\n<link rel=\"canonical\" href=\"https:\/\/www.agorah.com\/index.php\/observatoire-des-dechets\/\" \/>\n<meta property=\"og:locale\" content=\"fr_FR\" \/>\n<meta property=\"og:type\" content=\"article\" \/>\n<meta property=\"og:title\" content=\"OBSERVATOIRE DES D\u00c9CHETS - AGORAH Agence d&#039;urbanisme de La R\u00e9union\" \/>\n<meta property=\"og:description\" content=\"Observatoires des d\u00e9chets Observatoires des d\u00e9chets 2025 Agorah&#039;Scope N\u00b010 - Le co\u00fbt de la gestion des d\u00e9chets m\u00e9nagers et assimil\u00e9s \u00e0 La R\u00e9union Rapport annuel ORD \u00c9dition 2025 - Donn\u00e9es 2024 Agorah&#039;Scope N\u00b09 - La gestion des d\u00e9chets m\u00e9nagers et assimil\u00e9s \u00e0 La R\u00e9union 2024 R\u00e9f\u00e9rentiel des couts de gestion des D\u00e9chets M\u00e9nagers et Assimil\u00e9s [&hellip;]\" \/>\n<meta property=\"og:url\" content=\"https:\/\/www.agorah.com\/index.php\/observatoire-des-dechets\/\" \/>\n<meta property=\"og:site_name\" content=\"AGORAH Agence d&#039;urbanisme de La R\u00e9union\" \/>\n<meta property=\"article:publisher\" content=\"https:\/\/www.facebook.com\/AgorahReunion\" \/>\n<meta property=\"article:modified_time\" content=\"2025-09-03T09:49:42+00:00\" \/>\n<meta name=\"twitter:card\" content=\"summary_large_image\" \/>\n<script type=\"application\/ld+json\" class=\"yoast-schema-graph\">{\"@context\":\"https:\/\/schema.org\",\"@graph\":[{\"@type\":\"WebPage\",\"@id\":\"https:\/\/www.agorah.com\/index.php\/observatoire-des-dechets\/\",\"url\":\"https:\/\/www.agorah.com\/index.php\/observatoire-des-dechets\/\",\"name\":\"OBSERVATOIRE DES D\u00c9CHETS - AGORAH Agence d&#039;urbanisme de La R\u00e9union\",\"isPartOf\":{\"@id\":\"https:\/\/www.agorah.com\/#website\"},\"datePublished\":\"2021-05-21T04:03:57+00:00\",\"dateModified\":\"2025-09-03T09:49:42+00:00\",\"breadcrumb\":{\"@id\":\"https:\/\/www.agorah.com\/index.php\/observatoire-des-dechets\/#breadcrumb\"},\"inLanguage\":\"fr-FR\",\"potentialAction\":[{\"@type\":\"ReadAction\",\"target\":[\"https:\/\/www.agorah.com\/index.php\/observatoire-des-dechets\/\"]}]},{\"@type\":\"BreadcrumbList\",\"@id\":\"https:\/\/www.agorah.com\/index.php\/observatoire-des-dechets\/#breadcrumb\",\"itemListElement\":[{\"@type\":\"ListItem\",\"position\":1,\"name\":\"Accueil\",\"item\":\"https:\/\/www.agorah.com\/\"},{\"@type\":\"ListItem\",\"position\":2,\"name\":\"OBSERVATOIRE DES D\u00c9CHETS\"}]},{\"@type\":\"WebSite\",\"@id\":\"https:\/\/www.agorah.com\/#website\",\"url\":\"https:\/\/www.agorah.com\/\",\"name\":\"AGORAH Agence d'urbanisme de La R\u00e9union\",\"description\":\"AGORAH  Agence d&#039;urbanisme de La R\u00e9union\",\"publisher\":{\"@id\":\"https:\/\/www.agorah.com\/#organization\"},\"alternateName\":\"AGORAH\",\"potentialAction\":[{\"@type\":\"SearchAction\",\"target\":{\"@type\":\"EntryPoint\",\"urlTemplate\":\"https:\/\/www.agorah.com\/?s={search_term_string}\"},\"query-input\":\"required name=search_term_string\"}],\"inLanguage\":\"fr-FR\"},{\"@type\":\"Organization\",\"@id\":\"https:\/\/www.agorah.com\/#organization\",\"name\":\"AGORAH Agence d'urbanisme de La R\u00e9union\",\"alternateName\":\"AGORAH\",\"url\":\"https:\/\/www.agorah.com\/\",\"logo\":{\"@type\":\"ImageObject\",\"inLanguage\":\"fr-FR\",\"@id\":\"https:\/\/www.agorah.com\/#\/schema\/logo\/image\/\",\"url\":\"https:\/\/www.agorah.com\/wp-content\/uploads\/2020\/05\/LOGO-SITE-BASELINE-4.png\",\"contentUrl\":\"https:\/\/www.agorah.com\/wp-content\/uploads\/2020\/05\/LOGO-SITE-BASELINE-4.png\",\"width\":5111,\"height\":982,\"caption\":\"AGORAH Agence d'urbanisme de La R\u00e9union\"},\"image\":{\"@id\":\"https:\/\/www.agorah.com\/#\/schema\/logo\/image\/\"},\"sameAs\":[\"https:\/\/www.facebook.com\/AgorahReunion\",\"https:\/\/www.linkedin.com\/company\/agorah-agence-durbanisme--la-runion\/mycompany\/?viewAsMember=true\"]}]}<\/script>\n<!-- \/ Yoast SEO plugin. -->","yoast_head_json":{"title":"OBSERVATOIRE DES D\u00c9CHETS - AGORAH Agence d&#039;urbanisme de La R\u00e9union","robots":{"index":"index","follow":"follow","max-snippet":"max-snippet:-1","max-image-preview":"max-image-preview:large","max-video-preview":"max-video-preview:-1"},"canonical":"https:\/\/www.agorah.com\/index.php\/observatoire-des-dechets\/","og_locale":"fr_FR","og_type":"article","og_title":"OBSERVATOIRE DES D\u00c9CHETS - AGORAH Agence d&#039;urbanisme de La R\u00e9union","og_description":"Observatoires des d\u00e9chets Observatoires des d\u00e9chets 2025 Agorah'Scope N\u00b010 - Le co\u00fbt de la gestion des d\u00e9chets m\u00e9nagers et assimil\u00e9s \u00e0 La R\u00e9union Rapport annuel ORD \u00c9dition 2025 - Donn\u00e9es 2024 Agorah'Scope N\u00b09 - La gestion des d\u00e9chets m\u00e9nagers et assimil\u00e9s \u00e0 La R\u00e9union 2024 R\u00e9f\u00e9rentiel des couts de gestion des D\u00e9chets M\u00e9nagers et Assimil\u00e9s [&hellip;]","og_url":"https:\/\/www.agorah.com\/index.php\/observatoire-des-dechets\/","og_site_name":"AGORAH Agence d&#039;urbanisme de La R\u00e9union","article_publisher":"https:\/\/www.facebook.com\/AgorahReunion","article_modified_time":"2025-09-03T09:49:42+00:00","twitter_card":"summary_large_image","schema":{"@context":"https:\/\/schema.org","@graph":[{"@type":"WebPage","@id":"https:\/\/www.agorah.com\/index.php\/observatoire-des-dechets\/","url":"https:\/\/www.agorah.com\/index.php\/observatoire-des-dechets\/","name":"OBSERVATOIRE DES D\u00c9CHETS - AGORAH Agence d&#039;urbanisme de La R\u00e9union","isPartOf":{"@id":"https:\/\/www.agorah.com\/#website"},"datePublished":"2021-05-21T04:03:57+00:00","dateModified":"2025-09-03T09:49:42+00:00","breadcrumb":{"@id":"https:\/\/www.agorah.com\/index.php\/observatoire-des-dechets\/#breadcrumb"},"inLanguage":"fr-FR","potentialAction":[{"@type":"ReadAction","target":["https:\/\/www.agorah.com\/index.php\/observatoire-des-dechets\/"]}]},{"@type":"BreadcrumbList","@id":"https:\/\/www.agorah.com\/index.php\/observatoire-des-dechets\/#breadcrumb","itemListElement":[{"@type":"ListItem","position":1,"name":"Accueil","item":"https:\/\/www.agorah.com\/"},{"@type":"ListItem","position":2,"name":"OBSERVATOIRE DES D\u00c9CHETS"}]},{"@type":"WebSite","@id":"https:\/\/www.agorah.com\/#website","url":"https:\/\/www.agorah.com\/","name":"AGORAH Agence d'urbanisme de La R\u00e9union","description":"AGORAH  Agence d&#039;urbanisme de La R\u00e9union","publisher":{"@id":"https:\/\/www.agorah.com\/#organization"},"alternateName":"AGORAH","potentialAction":[{"@type":"SearchAction","target":{"@type":"EntryPoint","urlTemplate":"https:\/\/www.agorah.com\/?s={search_term_string}"},"query-input":"required name=search_term_string"}],"inLanguage":"fr-FR"},{"@type":"Organization","@id":"https:\/\/www.agorah.com\/#organization","name":"AGORAH Agence d'urbanisme de La R\u00e9union","alternateName":"AGORAH","url":"https:\/\/www.agorah.com\/","logo":{"@type":"ImageObject","inLanguage":"fr-FR","@id":"https:\/\/www.agorah.com\/#\/schema\/logo\/image\/","url":"https:\/\/www.agorah.com\/wp-content\/uploads\/2020\/05\/LOGO-SITE-BASELINE-4.png","contentUrl":"https:\/\/www.agorah.com\/wp-content\/uploads\/2020\/05\/LOGO-SITE-BASELINE-4.png","width":5111,"height":982,"caption":"AGORAH Agence d'urbanisme de La R\u00e9union"},"image":{"@id":"https:\/\/www.agorah.com\/#\/schema\/logo\/image\/"},"sameAs":["https:\/\/www.facebook.com\/AgorahReunion","https:\/\/www.linkedin.com\/company\/agorah-agence-durbanisme--la-runion\/mycompany\/?viewAsMember=true"]}]}},"_links":{"self":[{"href":"https:\/\/www.agorah.com\/index.php\/wp-json\/wp\/v2\/pages\/3161"}],"collection":[{"href":"https:\/\/www.agorah.com\/index.php\/wp-json\/wp\/v2\/pages"}],"about":[{"href":"https:\/\/www.agorah.com\/index.php\/wp-json\/wp\/v2\/types\/page"}],"author":[{"embeddable":true,"href":"https:\/\/www.agorah.com\/index.php\/wp-json\/wp\/v2\/users\/1"}],"replies":[{"embeddable":true,"href":"https:\/\/www.agorah.com\/index.php\/wp-json\/wp\/v2\/comments?post=3161"}],"version-history":[{"count":9,"href":"https:\/\/www.agorah.com\/index.php\/wp-json\/wp\/v2\/pages\/3161\/revisions"}],"predecessor-version":[{"id":4635,"href":"https:\/\/www.agorah.com\/index.php\/wp-json\/wp\/v2\/pages\/3161\/revisions\/4635"}],"wp:attachment":[{"href":"https:\/\/www.agorah.com\/index.php\/wp-json\/wp\/v2\/media?parent=3161"}],"curies":[{"name":"wp","href":"https:\/\/api.w.org\/{rel}","templated":true}]}}