{"id":3365,"date":"2021-08-26T13:58:28","date_gmt":"2021-08-26T09:58:28","guid":{"rendered":"http:\/\/www.agorah.com\/?page_id=3365"},"modified":"2025-07-15T10:34:19","modified_gmt":"2025-07-15T06:34:19","slug":"rapports-dactivites","status":"publish","type":"page","link":"https:\/\/www.agorah.com\/index.php\/rapports-dactivites\/","title":{"rendered":"rapports d&rsquo;activit\u00e9s"},"content":{"rendered":"<p>[et_pb_section fb_built=\u00a0\u00bb1&Prime; _builder_version=\u00a0\u00bb4.16&Prime; _module_preset=\u00a0\u00bbdefault\u00a0\u00bb min_height=\u00a0\u00bb1044.6px\u00a0\u00bb custom_margin=\u00a0\u00bb||-228px|||\u00a0\u00bb global_colors_info=\u00a0\u00bb{}\u00a0\u00bb][et_pb_row column_structure=\u00a0\u00bb1_3,1_3,1_3&Prime; _builder_version=\u00a0\u00bb4.16&Prime; background_color=\u00a0\u00bb#ff6e77&Prime; use_background_color_gradient=\u00a0\u00bbon\u00a0\u00bb background_color_gradient_direction=\u00a0\u00bb90deg\u00a0\u00bb background_color_gradient_stops=\u00a0\u00bb#43b49d 0%|#4ebdcf 100%\u00a0\u00bb background_color_gradient_start=\u00a0\u00bb#43b49d\u00a0\u00bb background_color_gradient_end=\u00a0\u00bb#4ebdcf\u00a0\u00bb custom_margin=\u00a0\u00bb-2px|auto|1px|auto||\u00a0\u00bb custom_padding=\u00a0\u00bb40px|40px|40px|40px|true|true\u00a0\u00bb animation_style=\u00a0\u00bbflip\u00a0\u00bb animation_intensity_flip=\u00a0\u00bb20%\u00a0\u00bb locked=\u00a0\u00bboff\u00a0\u00bb global_colors_info=\u00a0\u00bb{}\u00a0\u00bb][et_pb_column type=\u00a0\u00bb1_3&Prime; _builder_version=\u00a0\u00bb4.16&Prime; custom_padding=\u00a0\u00bb|||\u00a0\u00bb global_colors_info=\u00a0\u00bb{}\u00a0\u00bb custom_padding__hover=\u00a0\u00bb|||\u00a0\u00bb][et_pb_blurb title=\u00a0\u00bbTh\u00e9matique\u00a0\u00bb use_icon=\u00a0\u00bbon\u00a0\u00bb font_icon=\u00a0\u00bb&#xe022;||divi||400&Prime; icon_color=\u00a0\u00bb#ffffff\u00a0\u00bb icon_placement=\u00a0\u00bbleft\u00a0\u00bb image_icon_width=\u00a0\u00bb40px\u00a0\u00bb _builder_version=\u00a0\u00bb4.16&Prime; header_font=\u00a0\u00bbLato|700||on|||||\u00a0\u00bb header_font_size=\u00a0\u00bb10px\u00a0\u00bb header_letter_spacing=\u00a0\u00bb1px\u00a0\u00bb header_line_height=\u00a0\u00bb1.4em\u00a0\u00bb body_font=\u00a0\u00bbLato|700|||||||\u00a0\u00bb body_font_size=\u00a0\u00bb20px\u00a0\u00bb body_line_height=\u00a0\u00bb0.8em\u00a0\u00bb background_layout=\u00a0\u00bbdark\u00a0\u00bb custom_margin_tablet=\u00a0\u00bb||40px|\u00a0\u00bb custom_margin_phone=\u00a0\u00bb\u00a0\u00bb custom_margin_last_edited=\u00a0\u00bbon|tablet\u00a0\u00bb custom_padding=\u00a0\u00bb||0px|||\u00a0\u00bb animation=\u00a0\u00bboff\u00a0\u00bb icon_font_size=\u00a0\u00bb40px\u00a0\u00bb global_colors_info=\u00a0\u00bb{}\u00a0\u00bb]<\/p>\n<p>Rapports d&rsquo;activit\u00e9s<\/p>\n<p>[\/et_pb_blurb][\/et_pb_column][et_pb_column type=\u00a0\u00bb1_3&Prime; _builder_version=\u00a0\u00bb4.16&Prime; custom_padding=\u00a0\u00bb|||\u00a0\u00bb global_colors_info=\u00a0\u00bb{}\u00a0\u00bb custom_padding__hover=\u00a0\u00bb|||\u00a0\u00bb][\/et_pb_column][et_pb_column type=\u00a0\u00bb1_3&Prime; _builder_version=\u00a0\u00bb4.16&Prime; custom_padding=\u00a0\u00bb|||\u00a0\u00bb global_colors_info=\u00a0\u00bb{}\u00a0\u00bb custom_padding__hover=\u00a0\u00bb|||\u00a0\u00bb][\/et_pb_column][\/et_pb_row][et_pb_row _builder_version=\u00a0\u00bb4.16&Prime; _module_preset=\u00a0\u00bbdefault\u00a0\u00bb global_colors_info=\u00a0\u00bb{}\u00a0\u00bb][et_pb_column type=\u00a0\u00bb4_4&Prime; _builder_version=\u00a0\u00bb4.16&Prime; _module_preset=\u00a0\u00bbdefault\u00a0\u00bb global_colors_info=\u00a0\u00bb{}\u00a0\u00bb][et_pb_text _builder_version=\u00a0\u00bb4.16&Prime; _module_preset=\u00a0\u00bbdefault\u00a0\u00bb global_colors_info=\u00a0\u00bb{}\u00a0\u00bb]<\/p>\n<blockquote>\n<h1><strong>Les derni\u00e8res productions<\/strong><\/h1>\n<\/blockquote>\n<p>[\/et_pb_text][\/et_pb_column][\/et_pb_row][et_pb_row column_structure=\u00a0\u00bb2_5,3_5&Prime; _builder_version=\u00a0\u00bb4.18.0&Prime; _module_preset=\u00a0\u00bbdefault\u00a0\u00bb global_colors_info=\u00a0\u00bb{}\u00a0\u00bb][et_pb_column type=\u00a0\u00bb2_5&Prime; _builder_version=\u00a0\u00bb4.18.0&Prime; _module_preset=\u00a0\u00bbdefault\u00a0\u00bb global_colors_info=\u00a0\u00bb{}\u00a0\u00bb][et_pb_image src=\u00a0\u00bbhttp:\/\/www.agorah.com\/wp-content\/uploads\/2025\/07\/Image20250715103231.png\u00a0\u00bb title_text=\u00a0\u00bbImage20250715103231&Prime; url=\u00a0\u00bbhttps:\/\/www.agorah.com\/upload\/general\/Rapport-activites-AGORAH-2024-V-Finale-Light.pdf\u00a0\u00bb _builder_version=\u00a0\u00bb4.27.4&Prime; _module_preset=\u00a0\u00bbdefault\u00a0\u00bb hover_enabled=\u00a0\u00bb0&Prime; global_colors_info=\u00a0\u00bb{}\u00a0\u00bb sticky_enabled=\u00a0\u00bb0&Prime;][\/et_pb_image][\/et_pb_column][et_pb_column type=\u00a0\u00bb3_5&Prime; _builder_version=\u00a0\u00bb4.18.0&Prime; _module_preset=\u00a0\u00bbdefault\u00a0\u00bb global_colors_info=\u00a0\u00bb{}\u00a0\u00bb][\/et_pb_column][\/et_pb_row][et_pb_row _builder_version=\u00a0\u00bb4.16&Prime; _module_preset=\u00a0\u00bbdefault\u00a0\u00bb global_colors_info=\u00a0\u00bb{}\u00a0\u00bb][et_pb_column type=\u00a0\u00bb4_4&Prime; _builder_version=\u00a0\u00bb4.16&Prime; _module_preset=\u00a0\u00bbdefault\u00a0\u00bb global_colors_info=\u00a0\u00bb{}\u00a0\u00bb][et_pb_text _builder_version=\u00a0\u00bb4.16&Prime; _module_preset=\u00a0\u00bbdefault\u00a0\u00bb global_colors_info=\u00a0\u00bb{}\u00a0\u00bb]<\/p>\n<blockquote>\n<h1><strong>RAPPORTS D&rsquo;ACTIVIT\u00c9S<\/strong><\/h1>\n<\/blockquote>\n<p>[\/et_pb_text][et_pb_toggle title=\u00a0\u00bbRAPPORTS D&rsquo;ACTIVIT\u00c9S\u00a0\u00bb open=\u00a0\u00bbon\u00a0\u00bb _builder_version=\u00a0\u00bb4.24.0&Prime; _module_preset=\u00a0\u00bbdefault\u00a0\u00bb global_colors_info=\u00a0\u00bb{}\u00a0\u00bb]<\/p>\n<blockquote>\n<p><strong><\/strong><\/p>\n<p><strong><a href=\"https:\/\/www.agorah.com\/upload\/general\/Rapport-activites-AGORAH-2024-V-Finale-Light.pdf\">Rapports d&rsquo;Activit\u00e9s 2024<\/a><\/strong><\/p>\n<p><strong><a href=\"..\/..\/upload\/general\/Rapport-Activit\u00e9s-AGORAH-2023-Web.pdf\">Rapports d&rsquo;Activit\u00e9s 2023<\/a><\/strong><\/p>\n<p><strong><a href=\"..\/..\/upload\/general\/Rapport-Activites-AGORAH-2022-Light.pdf\">Rapports d&rsquo;Activit\u00e9s 2022<\/a><\/strong><\/p>\n<p><strong><a href=\"..\/..\/upload\/general\/2022\/Rapport-Activites-2021-AGORAH.pdf\">Rapports d&rsquo;Activit\u00e9s 2021<\/a><\/strong><\/p>\n<p><strong><a href=\"..\/..\/upload\/general\/2021\/Rapport-Activite-2020.pdf\">Rapports d&rsquo;Activit\u00e9s 2020<\/a><\/strong><\/p>\n<p><a href=\"..\/..\/upload\/general\/RapportActivites2019-LIGHT.pdf\"><strong>Rapports d&rsquo;Activit\u00e9s 2019 <\/strong><\/a><a href=\"..\/..\/upload\/general\/RapportActivites2019-LIGHT.zip\">T\u00e9l\u00e9charger au format ZIP<\/a><\/p>\n<p><a href=\"..\/..\/upload\/general\/Rapport-Activit\u00e9-2018.pdf\"><strong>Rapports d&rsquo;Activit\u00e9s 2018 <\/strong><\/a><a href=\"..\/..\/upload\/general\/Rapport-Activit\u00e9-2018.zip\">T\u00e9l\u00e9charger au format ZIP<\/a><\/p>\n<p><a href=\"..\/..\/upload\/general\/RapportActivites2017vFINAL-light.pdf\"><strong>Rapports d&rsquo;Activit\u00e9s 2017<\/strong><\/a>\u00a0 <a href=\"..\/..\/upload\/general\/RapportActivites2017vFINAL-light.zip\">T\u00e9l\u00e9charger au format ZIP<\/a><\/p>\n<p><a href=\"..\/..\/upload\/general\/RapportActivites-AGORAH-2016-Light.pdf\"><strong>Rapport d&rsquo;Activit\u00e9s 2016\u00a0 <\/strong><\/a><a href=\"..\/..\/upload\/general\/RapportActivites-AGORAH-2016-Light.zip\">T\u00e9l\u00e9charger au format ZIP<\/a><\/p>\n<p><a href=\"..\/..\/upload\/general\/Rapport_Activite_2015.pdf\"><strong>Rapport d&rsquo;Activit\u00e9s 2015\u00a0 <\/strong><\/a><a href=\"..\/..\/upload\/general\/Rapport_Activite_2015.zip\">T\u00e9l\u00e9charger au format ZIP<\/a><\/p>\n<p><a href=\"..\/..\/upload\/general\/RapportActivite_2014_v1.5_web.pdf\"><strong>Rapport d&rsquo;Activit\u00e9s 2014\u00a0 <\/strong><\/a><a href=\"..\/..\/upload\/general\/RapportActivite_2014_v1.5_web.zip\">T\u00e9l\u00e9charger au format ZIP<\/a><\/p>\n<p><a href=\"..\/..\/upload\/general\/Rapport_Activite_FINAL_A4H.pdf\"><strong>Rapport d&rsquo;Activit\u00e9s 2013\u00a0 <\/strong><\/a><a href=\"..\/..\/upload\/general\/Rapport_Activite_FINAL_A4H.zip\">T\u00e9l\u00e9charger au format ZIP<\/a><\/p>\n<p><a href=\"..\/..\/upload\/general\/Synthese2017-WEB.pdf\"><strong>Synth\u00e8se d&rsquo;activit\u00e9s 2017<\/strong><\/a><\/p>\n<\/blockquote>\n<blockquote><\/blockquote>\n<p>[\/et_pb_toggle][et_pb_text _builder_version=\u00a0\u00bb4.16&Prime; _module_preset=\u00a0\u00bbdefault\u00a0\u00bb global_colors_info=\u00a0\u00bb{}\u00a0\u00bb]<\/p>\n<blockquote>\n<h1><span>Retrouvez toutes les publications g\u00e9n\u00e9rales de l&rsquo;agence<\/span><\/h1>\n<\/blockquote>\n<p>[\/et_pb_text][\/et_pb_column][\/et_pb_row][et_pb_row column_structure=\u00a0\u00bb1_4,1_4,1_4,1_4&Prime; _builder_version=\u00a0\u00bb4.16&Prime; _module_preset=\u00a0\u00bbdefault\u00a0\u00bb global_colors_info=\u00a0\u00bb{}\u00a0\u00bb][et_pb_column type=\u00a0\u00bb1_4&Prime; _builder_version=\u00a0\u00bb4.16&Prime; _module_preset=\u00a0\u00bbdefault\u00a0\u00bb global_colors_info=\u00a0\u00bb{}\u00a0\u00bb][et_pb_image src=\u00a0\u00bbhttp:\/\/www.agorah.com\/wp-content\/uploads\/2021\/09\/bilans_des_observatoires.jpg\u00a0\u00bb alt=\u00a0\u00bbPortraits de quartiers &#8211; Logement\u00a0\u00bb title_text=\u00a0\u00bbbilans_des_observatoires\u00a0\u00bb url=\u00a0\u00bbhttp:\/\/www.agorah.com\/index.php\/bilans-des-observatoires\/\u00a0\u00bb _builder_version=\u00a0\u00bb4.16&Prime; _module_preset=\u00a0\u00bbdefault\u00a0\u00bb global_colors_info=\u00a0\u00bb{}\u00a0\u00bb][\/et_pb_image][\/et_pb_column][et_pb_column type=\u00a0\u00bb1_4&Prime; _builder_version=\u00a0\u00bb4.16&Prime; _module_preset=\u00a0\u00bbdefault\u00a0\u00bb global_colors_info=\u00a0\u00bb{}\u00a0\u00bb][et_pb_image src=\u00a0\u00bbhttp:\/\/www.agorah.com\/wp-content\/uploads\/2021\/09\/programme-de-travail-2.jpg\u00a0\u00bb alt=\u00a0\u00bbPortraits de quartiers &#8211; Superficie et urbanisation\u00a0\u00bb title_text=\u00a0\u00bbprogramme de travail\u00a0\u00bb url=\u00a0\u00bbhttp:\/\/www.agorah.com\/index.php\/bilans-des-observatoires\/\u00a0\u00bb _builder_version=\u00a0\u00bb4.16&Prime; _module_preset=\u00a0\u00bbdefault\u00a0\u00bb global_colors_info=\u00a0\u00bb{}\u00a0\u00bb][\/et_pb_image][\/et_pb_column][et_pb_column type=\u00a0\u00bb1_4&Prime; _builder_version=\u00a0\u00bb4.16&Prime; _module_preset=\u00a0\u00bbdefault\u00a0\u00bb global_colors_info=\u00a0\u00bb{}\u00a0\u00bb][\/et_pb_column][et_pb_column type=\u00a0\u00bb1_4&Prime; _builder_version=\u00a0\u00bb4.16&Prime; _module_preset=\u00a0\u00bbdefault\u00a0\u00bb global_colors_info=\u00a0\u00bb{}\u00a0\u00bb][\/et_pb_column][\/et_pb_row][\/et_pb_section][et_pb_section fb_built=\u00a0\u00bb1&Prime; _builder_version=\u00a0\u00bb4.16&Prime; _module_preset=\u00a0\u00bbdefault\u00a0\u00bb global_colors_info=\u00a0\u00bb{}\u00a0\u00bb][et_pb_row _builder_version=\u00a0\u00bb4.18.0&Prime; _module_preset=\u00a0\u00bbdefault\u00a0\u00bb custom_padding=\u00a0\u00bb8px|||||\u00a0\u00bb global_colors_info=\u00a0\u00bb{}\u00a0\u00bb][et_pb_column type=\u00a0\u00bb4_4&Prime; _builder_version=\u00a0\u00bb4.16&Prime; _module_preset=\u00a0\u00bbdefault\u00a0\u00bb global_colors_info=\u00a0\u00bb{}\u00a0\u00bb][\/et_pb_column][\/et_pb_row][\/et_pb_section]<\/p>\n","protected":false},"excerpt":{"rendered":"<p>Rapports d&rsquo;activit\u00e9s Les derni\u00e8res productions RAPPORTS D&rsquo;ACTIVIT\u00c9S Rapports d&rsquo;Activit\u00e9s 2024 Rapports d&rsquo;Activit\u00e9s 2023 Rapports d&rsquo;Activit\u00e9s 2022 Rapports d&rsquo;Activit\u00e9s 2021 Rapports d&rsquo;Activit\u00e9s 2020 Rapports d&rsquo;Activit\u00e9s 2019 T\u00e9l\u00e9charger au format ZIP Rapports d&rsquo;Activit\u00e9s 2018 T\u00e9l\u00e9charger au format ZIP Rapports d&rsquo;Activit\u00e9s 2017\u00a0 T\u00e9l\u00e9charger au format ZIP Rapport d&rsquo;Activit\u00e9s 2016\u00a0 T\u00e9l\u00e9charger au format ZIP Rapport d&rsquo;Activit\u00e9s 2015\u00a0 T\u00e9l\u00e9charger au [&hellip;]<\/p>\n","protected":false},"author":1,"featured_media":0,"parent":0,"menu_order":0,"comment_status":"closed","ping_status":"closed","template":"","meta":{"_et_pb_use_builder":"on","_et_pb_old_content":"","_et_gb_content_width":"","_monsterinsights_skip_tracking":false,"_monsterinsights_sitenote_active":false,"_monsterinsights_sitenote_note":"","_monsterinsights_sitenote_category":0,"footnotes":""},"yoast_head":"<!-- This site is optimized with the Yoast SEO plugin v23.2 - https:\/\/yoast.com\/wordpress\/plugins\/seo\/ -->\n<title>rapports d&#039;activit\u00e9s - AGORAH Agence d&#039;urbanisme de La R\u00e9union<\/title>\n<meta name=\"robots\" content=\"index, follow, max-snippet:-1, max-image-preview:large, max-video-preview:-1\" \/>\n<link rel=\"canonical\" href=\"https:\/\/www.agorah.com\/index.php\/rapports-dactivites\/\" \/>\n<meta property=\"og:locale\" content=\"fr_FR\" \/>\n<meta property=\"og:type\" content=\"article\" \/>\n<meta property=\"og:title\" content=\"rapports d&#039;activit\u00e9s - AGORAH Agence d&#039;urbanisme de La R\u00e9union\" \/>\n<meta property=\"og:description\" content=\"Rapports d&#039;activit\u00e9s Les derni\u00e8res productions RAPPORTS D&#039;ACTIVIT\u00c9S Rapports d&#039;Activit\u00e9s 2024 Rapports d&#039;Activit\u00e9s 2023 Rapports d&#039;Activit\u00e9s 2022 Rapports d&#039;Activit\u00e9s 2021 Rapports d&#039;Activit\u00e9s 2020 Rapports d&#039;Activit\u00e9s 2019 T\u00e9l\u00e9charger au format ZIP Rapports d&#039;Activit\u00e9s 2018 T\u00e9l\u00e9charger au format ZIP Rapports d&#039;Activit\u00e9s 2017\u00a0 T\u00e9l\u00e9charger au format ZIP Rapport d&#039;Activit\u00e9s 2016\u00a0 T\u00e9l\u00e9charger au format ZIP Rapport d&#039;Activit\u00e9s 2015\u00a0 T\u00e9l\u00e9charger au [&hellip;]\" \/>\n<meta property=\"og:url\" content=\"https:\/\/www.agorah.com\/index.php\/rapports-dactivites\/\" \/>\n<meta property=\"og:site_name\" content=\"AGORAH Agence d&#039;urbanisme de La R\u00e9union\" \/>\n<meta property=\"article:publisher\" content=\"https:\/\/www.facebook.com\/AgorahReunion\" \/>\n<meta property=\"article:modified_time\" content=\"2025-07-15T06:34:19+00:00\" \/>\n<meta name=\"twitter:card\" content=\"summary_large_image\" \/>\n<script type=\"application\/ld+json\" class=\"yoast-schema-graph\">{\"@context\":\"https:\/\/schema.org\",\"@graph\":[{\"@type\":\"WebPage\",\"@id\":\"https:\/\/www.agorah.com\/index.php\/rapports-dactivites\/\",\"url\":\"https:\/\/www.agorah.com\/index.php\/rapports-dactivites\/\",\"name\":\"rapports d'activit\u00e9s - AGORAH Agence d&#039;urbanisme de La R\u00e9union\",\"isPartOf\":{\"@id\":\"https:\/\/www.agorah.com\/#website\"},\"datePublished\":\"2021-08-26T09:58:28+00:00\",\"dateModified\":\"2025-07-15T06:34:19+00:00\",\"breadcrumb\":{\"@id\":\"https:\/\/www.agorah.com\/index.php\/rapports-dactivites\/#breadcrumb\"},\"inLanguage\":\"fr-FR\",\"potentialAction\":[{\"@type\":\"ReadAction\",\"target\":[\"https:\/\/www.agorah.com\/index.php\/rapports-dactivites\/\"]}]},{\"@type\":\"BreadcrumbList\",\"@id\":\"https:\/\/www.agorah.com\/index.php\/rapports-dactivites\/#breadcrumb\",\"itemListElement\":[{\"@type\":\"ListItem\",\"position\":1,\"name\":\"Accueil\",\"item\":\"https:\/\/www.agorah.com\/\"},{\"@type\":\"ListItem\",\"position\":2,\"name\":\"rapports d&rsquo;activit\u00e9s\"}]},{\"@type\":\"WebSite\",\"@id\":\"https:\/\/www.agorah.com\/#website\",\"url\":\"https:\/\/www.agorah.com\/\",\"name\":\"AGORAH Agence d'urbanisme de La R\u00e9union\",\"description\":\"AGORAH  Agence d&#039;urbanisme de La R\u00e9union\",\"publisher\":{\"@id\":\"https:\/\/www.agorah.com\/#organization\"},\"alternateName\":\"AGORAH\",\"potentialAction\":[{\"@type\":\"SearchAction\",\"target\":{\"@type\":\"EntryPoint\",\"urlTemplate\":\"https:\/\/www.agorah.com\/?s={search_term_string}\"},\"query-input\":\"required name=search_term_string\"}],\"inLanguage\":\"fr-FR\"},{\"@type\":\"Organization\",\"@id\":\"https:\/\/www.agorah.com\/#organization\",\"name\":\"AGORAH Agence d'urbanisme de La R\u00e9union\",\"alternateName\":\"AGORAH\",\"url\":\"https:\/\/www.agorah.com\/\",\"logo\":{\"@type\":\"ImageObject\",\"inLanguage\":\"fr-FR\",\"@id\":\"https:\/\/www.agorah.com\/#\/schema\/logo\/image\/\",\"url\":\"https:\/\/www.agorah.com\/wp-content\/uploads\/2020\/05\/LOGO-SITE-BASELINE-4.png\",\"contentUrl\":\"https:\/\/www.agorah.com\/wp-content\/uploads\/2020\/05\/LOGO-SITE-BASELINE-4.png\",\"width\":5111,\"height\":982,\"caption\":\"AGORAH Agence d'urbanisme de La R\u00e9union\"},\"image\":{\"@id\":\"https:\/\/www.agorah.com\/#\/schema\/logo\/image\/\"},\"sameAs\":[\"https:\/\/www.facebook.com\/AgorahReunion\",\"https:\/\/www.linkedin.com\/company\/agorah-agence-durbanisme--la-runion\/mycompany\/?viewAsMember=true\"]}]}<\/script>\n<!-- \/ Yoast SEO plugin. -->","yoast_head_json":{"title":"rapports d'activit\u00e9s - AGORAH Agence d&#039;urbanisme de La R\u00e9union","robots":{"index":"index","follow":"follow","max-snippet":"max-snippet:-1","max-image-preview":"max-image-preview:large","max-video-preview":"max-video-preview:-1"},"canonical":"https:\/\/www.agorah.com\/index.php\/rapports-dactivites\/","og_locale":"fr_FR","og_type":"article","og_title":"rapports d'activit\u00e9s - AGORAH Agence d&#039;urbanisme de La R\u00e9union","og_description":"Rapports d'activit\u00e9s Les derni\u00e8res productions RAPPORTS D'ACTIVIT\u00c9S Rapports d'Activit\u00e9s 2024 Rapports d'Activit\u00e9s 2023 Rapports d'Activit\u00e9s 2022 Rapports d'Activit\u00e9s 2021 Rapports d'Activit\u00e9s 2020 Rapports d'Activit\u00e9s 2019 T\u00e9l\u00e9charger au format ZIP Rapports d'Activit\u00e9s 2018 T\u00e9l\u00e9charger au format ZIP Rapports d'Activit\u00e9s 2017\u00a0 T\u00e9l\u00e9charger au format ZIP Rapport d'Activit\u00e9s 2016\u00a0 T\u00e9l\u00e9charger au format ZIP Rapport d'Activit\u00e9s 2015\u00a0 T\u00e9l\u00e9charger au [&hellip;]","og_url":"https:\/\/www.agorah.com\/index.php\/rapports-dactivites\/","og_site_name":"AGORAH Agence d&#039;urbanisme de La R\u00e9union","article_publisher":"https:\/\/www.facebook.com\/AgorahReunion","article_modified_time":"2025-07-15T06:34:19+00:00","twitter_card":"summary_large_image","schema":{"@context":"https:\/\/schema.org","@graph":[{"@type":"WebPage","@id":"https:\/\/www.agorah.com\/index.php\/rapports-dactivites\/","url":"https:\/\/www.agorah.com\/index.php\/rapports-dactivites\/","name":"rapports d'activit\u00e9s - AGORAH Agence d&#039;urbanisme de La R\u00e9union","isPartOf":{"@id":"https:\/\/www.agorah.com\/#website"},"datePublished":"2021-08-26T09:58:28+00:00","dateModified":"2025-07-15T06:34:19+00:00","breadcrumb":{"@id":"https:\/\/www.agorah.com\/index.php\/rapports-dactivites\/#breadcrumb"},"inLanguage":"fr-FR","potentialAction":[{"@type":"ReadAction","target":["https:\/\/www.agorah.com\/index.php\/rapports-dactivites\/"]}]},{"@type":"BreadcrumbList","@id":"https:\/\/www.agorah.com\/index.php\/rapports-dactivites\/#breadcrumb","itemListElement":[{"@type":"ListItem","position":1,"name":"Accueil","item":"https:\/\/www.agorah.com\/"},{"@type":"ListItem","position":2,"name":"rapports d&rsquo;activit\u00e9s"}]},{"@type":"WebSite","@id":"https:\/\/www.agorah.com\/#website","url":"https:\/\/www.agorah.com\/","name":"AGORAH Agence d'urbanisme de La R\u00e9union","description":"AGORAH  Agence d&#039;urbanisme de La R\u00e9union","publisher":{"@id":"https:\/\/www.agorah.com\/#organization"},"alternateName":"AGORAH","potentialAction":[{"@type":"SearchAction","target":{"@type":"EntryPoint","urlTemplate":"https:\/\/www.agorah.com\/?s={search_term_string}"},"query-input":"required name=search_term_string"}],"inLanguage":"fr-FR"},{"@type":"Organization","@id":"https:\/\/www.agorah.com\/#organization","name":"AGORAH Agence d'urbanisme de La R\u00e9union","alternateName":"AGORAH","url":"https:\/\/www.agorah.com\/","logo":{"@type":"ImageObject","inLanguage":"fr-FR","@id":"https:\/\/www.agorah.com\/#\/schema\/logo\/image\/","url":"https:\/\/www.agorah.com\/wp-content\/uploads\/2020\/05\/LOGO-SITE-BASELINE-4.png","contentUrl":"https:\/\/www.agorah.com\/wp-content\/uploads\/2020\/05\/LOGO-SITE-BASELINE-4.png","width":5111,"height":982,"caption":"AGORAH Agence d'urbanisme de La R\u00e9union"},"image":{"@id":"https:\/\/www.agorah.com\/#\/schema\/logo\/image\/"},"sameAs":["https:\/\/www.facebook.com\/AgorahReunion","https:\/\/www.linkedin.com\/company\/agorah-agence-durbanisme--la-runion\/mycompany\/?viewAsMember=true"]}]}},"_links":{"self":[{"href":"https:\/\/www.agorah.com\/index.php\/wp-json\/wp\/v2\/pages\/3365"}],"collection":[{"href":"https:\/\/www.agorah.com\/index.php\/wp-json\/wp\/v2\/pages"}],"about":[{"href":"https:\/\/www.agorah.com\/index.php\/wp-json\/wp\/v2\/types\/page"}],"author":[{"embeddable":true,"href":"https:\/\/www.agorah.com\/index.php\/wp-json\/wp\/v2\/users\/1"}],"replies":[{"embeddable":true,"href":"https:\/\/www.agorah.com\/index.php\/wp-json\/wp\/v2\/comments?post=3365"}],"version-history":[{"count":4,"href":"https:\/\/www.agorah.com\/index.php\/wp-json\/wp\/v2\/pages\/3365\/revisions"}],"predecessor-version":[{"id":4510,"href":"https:\/\/www.agorah.com\/index.php\/wp-json\/wp\/v2\/pages\/3365\/revisions\/4510"}],"wp:attachment":[{"href":"https:\/\/www.agorah.com\/index.php\/wp-json\/wp\/v2\/media?parent=3365"}],"curies":[{"name":"wp","href":"https:\/\/api.w.org\/{rel}","templated":true}]}}