{"id":3374,"date":"2021-08-27T10:37:05","date_gmt":"2021-08-27T06:37:05","guid":{"rendered":"http:\/\/www.agorah.com\/?page_id=3374"},"modified":"2024-07-01T09:03:08","modified_gmt":"2024-07-01T05:03:08","slug":"bilans-des-observatoires","status":"publish","type":"page","link":"https:\/\/www.agorah.com\/index.php\/bilans-des-observatoires\/","title":{"rendered":"bilans des observatoires"},"content":{"rendered":"<p>[et_pb_section fb_built=\u00a0\u00bb1&Prime; _builder_version=\u00a0\u00bb4.16&Prime; _module_preset=\u00a0\u00bbdefault\u00a0\u00bb min_height=\u00a0\u00bb1044.6px\u00a0\u00bb custom_margin=\u00a0\u00bb||-228px|||\u00a0\u00bb global_colors_info=\u00a0\u00bb{}\u00a0\u00bb][et_pb_row column_structure=\u00a0\u00bb1_3,1_3,1_3&Prime; _builder_version=\u00a0\u00bb4.16&Prime; background_color=\u00a0\u00bb#ff6e77&Prime; use_background_color_gradient=\u00a0\u00bbon\u00a0\u00bb background_color_gradient_direction=\u00a0\u00bb90deg\u00a0\u00bb background_color_gradient_stops=\u00a0\u00bb#43b49d 0%|#4ebdcf 100%\u00a0\u00bb background_color_gradient_start=\u00a0\u00bb#43b49d\u00a0\u00bb background_color_gradient_end=\u00a0\u00bb#4ebdcf\u00a0\u00bb custom_margin=\u00a0\u00bb-2px|auto|1px|auto||\u00a0\u00bb custom_padding=\u00a0\u00bb40px|40px|40px|40px|true|true\u00a0\u00bb animation_style=\u00a0\u00bbflip\u00a0\u00bb animation_intensity_flip=\u00a0\u00bb20%\u00a0\u00bb locked=\u00a0\u00bboff\u00a0\u00bb global_colors_info=\u00a0\u00bb{}\u00a0\u00bb][et_pb_column type=\u00a0\u00bb1_3&Prime; _builder_version=\u00a0\u00bb4.16&Prime; custom_padding=\u00a0\u00bb|||\u00a0\u00bb global_colors_info=\u00a0\u00bb{}\u00a0\u00bb custom_padding__hover=\u00a0\u00bb|||\u00a0\u00bb][et_pb_blurb title=\u00a0\u00bbTh\u00e9matique\u00a0\u00bb use_icon=\u00a0\u00bbon\u00a0\u00bb font_icon=\u00a0\u00bb&#xe022;||divi||400&Prime; icon_color=\u00a0\u00bb#ffffff\u00a0\u00bb icon_placement=\u00a0\u00bbleft\u00a0\u00bb image_icon_width=\u00a0\u00bb40px\u00a0\u00bb _builder_version=\u00a0\u00bb4.16&Prime; header_font=\u00a0\u00bbLato|700||on|||||\u00a0\u00bb header_font_size=\u00a0\u00bb10px\u00a0\u00bb header_letter_spacing=\u00a0\u00bb1px\u00a0\u00bb header_line_height=\u00a0\u00bb1.4em\u00a0\u00bb body_font=\u00a0\u00bbLato|700|||||||\u00a0\u00bb body_font_size=\u00a0\u00bb20px\u00a0\u00bb body_line_height=\u00a0\u00bb0.8em\u00a0\u00bb background_layout=\u00a0\u00bbdark\u00a0\u00bb custom_margin_tablet=\u00a0\u00bb||40px|\u00a0\u00bb custom_margin_phone=\u00a0\u00bb\u00a0\u00bb custom_margin_last_edited=\u00a0\u00bbon|tablet\u00a0\u00bb custom_padding=\u00a0\u00bb||0px|||\u00a0\u00bb animation=\u00a0\u00bboff\u00a0\u00bb icon_font_size=\u00a0\u00bb40px\u00a0\u00bb global_colors_info=\u00a0\u00bb{}\u00a0\u00bb]<\/p>\n<p>Bilans des Observatoires<\/p>\n<p>[\/et_pb_blurb][\/et_pb_column][et_pb_column type=\u00a0\u00bb1_3&Prime; _builder_version=\u00a0\u00bb4.16&Prime; custom_padding=\u00a0\u00bb|||\u00a0\u00bb global_colors_info=\u00a0\u00bb{}\u00a0\u00bb custom_padding__hover=\u00a0\u00bb|||\u00a0\u00bb][\/et_pb_column][et_pb_column type=\u00a0\u00bb1_3&Prime; _builder_version=\u00a0\u00bb4.16&Prime; custom_padding=\u00a0\u00bb|||\u00a0\u00bb global_colors_info=\u00a0\u00bb{}\u00a0\u00bb custom_padding__hover=\u00a0\u00bb|||\u00a0\u00bb][\/et_pb_column][\/et_pb_row][et_pb_row _builder_version=\u00a0\u00bb4.16&Prime; _module_preset=\u00a0\u00bbdefault\u00a0\u00bb global_colors_info=\u00a0\u00bb{}\u00a0\u00bb][et_pb_column type=\u00a0\u00bb4_4&Prime; _builder_version=\u00a0\u00bb4.16&Prime; _module_preset=\u00a0\u00bbdefault\u00a0\u00bb global_colors_info=\u00a0\u00bb{}\u00a0\u00bb][et_pb_text _builder_version=\u00a0\u00bb4.16&Prime; _module_preset=\u00a0\u00bbdefault\u00a0\u00bb global_colors_info=\u00a0\u00bb{}\u00a0\u00bb]<\/p>\n<blockquote>\n<h1><strong>BILANS DES OBSERVATOIRES<\/strong><\/h1>\n<\/blockquote>\n<p>[\/et_pb_text][et_pb_toggle title=\u00a0\u00bbBILANS DES OBSERVATOIRES\u00a0\u00bb open=\u00a0\u00bbon\u00a0\u00bb _builder_version=\u00a0\u00bb4.24.0&Prime; _module_preset=\u00a0\u00bbdefault\u00a0\u00bb hover_enabled=\u00a0\u00bb0&Prime; global_colors_info=\u00a0\u00bb{}\u00a0\u00bb sticky_enabled=\u00a0\u00bb0&Prime;]<\/p>\n<blockquote>\n<p><strong><a href=\"..\/..\/upload\/general\/Synthese-des-observatoires-2023-V-DEFINITIVE-WEB.pdf\">Synth\u00e8se des Observatoires 2023<\/a><\/strong><\/p>\n<p><strong><a href=\"..\/..\/upload\/general\/SyntheseDesObservatoires2022-light.pdf\">Synth\u00e8se des Observatoires 2022<\/a><\/strong><\/p>\n<p><strong><a href=\"..\/..\/upload\/general\/2022\/SynthesesDesObeservatoires-AGORAH-2021.pdf\">Synth\u00e8se des Observatoires 2021<\/a><\/strong><\/p>\n<p><strong><a href=\"..\/..\/upload\/general\/2021\/Synthese_des_Observatoires_2020.pdf\">Synth\u00e8se des Observatoires 2020<\/a><\/strong><\/p>\n<p>&nbsp;<\/p>\n<p><a href=\"..\/..\/upload\/general\/Bilan Des Observatoires 2019-LIGHT.pdf\"><strong>Bilan des Observatoires 2019 <\/strong><\/a><br \/><a href=\"..\/..\/upload\/general\/Bilan Des Observatoires 2019-LIGHT.zip\">T\u00e9l\u00e9charger au format ZIP<\/a><strong><\/strong><\/p>\n<p><a href=\"..\/..\/upload\/general\/BilanDesObservatoires2018.pdf\"><strong>Bilan des Observatoires 2018 (donn\u00e9es 2017)\u00a0\u00a0<\/strong><\/a><br \/><a href=\"..\/..\/upload\/general\/BilanDesObservatoires2018.zip\">T\u00e9l\u00e9charger au format ZIP<\/a><strong><\/strong><\/p>\n<p><a href=\"..\/..\/upload\/general\/Bilan2016DesObservatoiresAGORAH-Light.pdf\"><strong>Bilan des Observatoires 2016<\/strong><\/a><br \/><a href=\"..\/..\/upload\/general\/Bilan2016DesObservatoiresAGORAH-Light.zip\">T\u00e9l\u00e9charger au format ZIP<\/a><strong><\/strong><\/p>\n<p><a href=\"..\/..\/upload\/general\/BilanDesObservatoires2015_VersionFinale_Light.pdf\"> <strong>Bilan des Observatoires 2015\u00a0 \u00a0<\/strong><\/a><br \/><a href=\"..\/..\/upload\/general\/BilanDesObservatoires2015_VersionFinale_Light.zip\">T\u00e9l\u00e9charger au format ZIP<\/a><strong><\/strong><\/p>\n<p><a href=\"..\/..\/upload\/general\/Bilan_des_observatoires2014_v2.0finale_light.pdf\"><strong>Bilan des Observatoires 2014\u00a0\u00a0<\/strong><\/a><br \/><a href=\"..\/..\/upload\/general\/Bilan_des_observatoires2014_v2.0finale_light.zip\">T\u00e9l\u00e9charger au format ZIP<\/a><\/p>\n<\/blockquote>\n<p>[\/et_pb_toggle][\/et_pb_column][\/et_pb_row][et_pb_row _builder_version=\u00a0\u00bb4.16&Prime; _module_preset=\u00a0\u00bbdefault\u00a0\u00bb global_colors_info=\u00a0\u00bb{}\u00a0\u00bb][et_pb_column type=\u00a0\u00bb4_4&Prime; _builder_version=\u00a0\u00bb4.16&Prime; _module_preset=\u00a0\u00bbdefault\u00a0\u00bb global_colors_info=\u00a0\u00bb{}\u00a0\u00bb][et_pb_text _builder_version=\u00a0\u00bb4.16&Prime; _module_preset=\u00a0\u00bbdefault\u00a0\u00bb global_colors_info=\u00a0\u00bb{}\u00a0\u00bb]<\/p>\n<blockquote>\n<h1><span>Retrouvez toutes les publications g\u00e9n\u00e9rales de l\u2019agence<\/span><\/h1>\n<\/blockquote>\n<p>[\/et_pb_text][\/et_pb_column][\/et_pb_row][et_pb_row column_structure=\u00a0\u00bb1_4,1_4,1_4,1_4&Prime; _builder_version=\u00a0\u00bb4.16&Prime; _module_preset=\u00a0\u00bbdefault\u00a0\u00bb custom_margin=\u00a0\u00bb-204px|auto|76px|auto||\u00a0\u00bb global_colors_info=\u00a0\u00bb{}\u00a0\u00bb][et_pb_column type=\u00a0\u00bb1_4&Prime; _builder_version=\u00a0\u00bb4.16&Prime; _module_preset=\u00a0\u00bbdefault\u00a0\u00bb global_colors_info=\u00a0\u00bb{}\u00a0\u00bb][et_pb_image src=\u00a0\u00bbhttp:\/\/www.agorah.com\/wp-content\/uploads\/2021\/08\/VIGNETTE_RAPPORTS_ACTIVITESLD-1.jpg\u00a0\u00bb alt=\u00a0\u00bbrapport d&rsquo;activit\u00e9s\u00a0\u00bb title_text=\u00a0\u00bbrapport d&rsquo;activit\u00e9s\u00a0\u00bb url=\u00a0\u00bbhttp:\/\/www.agorah.com\/index.php\/rapports-dactivites\/\u00a0\u00bb _builder_version=\u00a0\u00bb4.16&Prime; _module_preset=\u00a0\u00bbdefault\u00a0\u00bb global_colors_info=\u00a0\u00bb{}\u00a0\u00bb][\/et_pb_image][\/et_pb_column][et_pb_column type=\u00a0\u00bb1_4&Prime; _builder_version=\u00a0\u00bb4.16&Prime; _module_preset=\u00a0\u00bbdefault\u00a0\u00bb global_colors_info=\u00a0\u00bb{}\u00a0\u00bb][et_pb_image src=\u00a0\u00bbhttp:\/\/www.agorah.com\/wp-content\/uploads\/2021\/09\/programme-de-travail-2.jpg\u00a0\u00bb alt=\u00a0\u00bbPortraits de quartiers &#8211; Superficie et urbanisation\u00a0\u00bb title_text=\u00a0\u00bbprogramme de travail\u00a0\u00bb url=\u00a0\u00bbhttp:\/\/www.agorah.com\/index.php\/programmes-de-travail\/\u00a0\u00bb _builder_version=\u00a0\u00bb4.16&Prime; _module_preset=\u00a0\u00bbdefault\u00a0\u00bb global_colors_info=\u00a0\u00bb{}\u00a0\u00bb][\/et_pb_image][\/et_pb_column][et_pb_column type=\u00a0\u00bb1_4&Prime; _builder_version=\u00a0\u00bb4.16&Prime; _module_preset=\u00a0\u00bbdefault\u00a0\u00bb global_colors_info=\u00a0\u00bb{}\u00a0\u00bb][\/et_pb_column][et_pb_column type=\u00a0\u00bb1_4&Prime; _builder_version=\u00a0\u00bb4.16&Prime; _module_preset=\u00a0\u00bbdefault\u00a0\u00bb global_colors_info=\u00a0\u00bb{}\u00a0\u00bb][\/et_pb_column][\/et_pb_row][\/et_pb_section]<\/p>\n","protected":false},"excerpt":{"rendered":"<p>Bilans des Observatoires BILANS DES OBSERVATOIRES Synth\u00e8se des Observatoires 2023 Synth\u00e8se des Observatoires 2022 Synth\u00e8se des Observatoires 2021 Synth\u00e8se des Observatoires 2020 &nbsp; Bilan des Observatoires 2019 T\u00e9l\u00e9charger au format ZIP Bilan des Observatoires 2018 (donn\u00e9es 2017)\u00a0\u00a0T\u00e9l\u00e9charger au format ZIP Bilan des Observatoires 2016T\u00e9l\u00e9charger au format ZIP Bilan des Observatoires 2015\u00a0 \u00a0T\u00e9l\u00e9charger au format ZIP [&hellip;]<\/p>\n","protected":false},"author":1,"featured_media":0,"parent":0,"menu_order":0,"comment_status":"closed","ping_status":"closed","template":"","meta":{"_et_pb_use_builder":"on","_et_pb_old_content":"","_et_gb_content_width":"","_monsterinsights_skip_tracking":false,"_monsterinsights_sitenote_active":false,"_monsterinsights_sitenote_note":"","_monsterinsights_sitenote_category":0,"footnotes":""},"yoast_head":"<!-- This site is optimized with the Yoast SEO plugin v23.2 - https:\/\/yoast.com\/wordpress\/plugins\/seo\/ -->\n<title>bilans des observatoires - AGORAH Agence d&#039;urbanisme de La R\u00e9union<\/title>\n<meta name=\"robots\" content=\"index, follow, max-snippet:-1, max-image-preview:large, max-video-preview:-1\" \/>\n<link rel=\"canonical\" href=\"https:\/\/www.agorah.com\/index.php\/bilans-des-observatoires\/\" \/>\n<meta property=\"og:locale\" content=\"fr_FR\" \/>\n<meta property=\"og:type\" content=\"article\" \/>\n<meta property=\"og:title\" content=\"bilans des observatoires - AGORAH Agence d&#039;urbanisme de La R\u00e9union\" \/>\n<meta property=\"og:description\" content=\"Bilans des Observatoires BILANS DES OBSERVATOIRES Synth\u00e8se des Observatoires 2023 Synth\u00e8se des Observatoires 2022 Synth\u00e8se des Observatoires 2021 Synth\u00e8se des Observatoires 2020 &nbsp; Bilan des Observatoires 2019 T\u00e9l\u00e9charger au format ZIP Bilan des Observatoires 2018 (donn\u00e9es 2017)\u00a0\u00a0T\u00e9l\u00e9charger au format ZIP Bilan des Observatoires 2016T\u00e9l\u00e9charger au format ZIP Bilan des Observatoires 2015\u00a0 \u00a0T\u00e9l\u00e9charger au format ZIP [&hellip;]\" \/>\n<meta property=\"og:url\" content=\"https:\/\/www.agorah.com\/index.php\/bilans-des-observatoires\/\" \/>\n<meta property=\"og:site_name\" content=\"AGORAH Agence d&#039;urbanisme de La R\u00e9union\" \/>\n<meta property=\"article:publisher\" content=\"https:\/\/www.facebook.com\/AgorahReunion\" \/>\n<meta property=\"article:modified_time\" content=\"2024-07-01T05:03:08+00:00\" \/>\n<meta name=\"twitter:card\" content=\"summary_large_image\" \/>\n<meta name=\"twitter:label1\" content=\"Dur\u00e9e de lecture estim\u00e9e\" \/>\n\t<meta name=\"twitter:data1\" content=\"2 minutes\" \/>\n<script type=\"application\/ld+json\" class=\"yoast-schema-graph\">{\"@context\":\"https:\/\/schema.org\",\"@graph\":[{\"@type\":\"WebPage\",\"@id\":\"https:\/\/www.agorah.com\/index.php\/bilans-des-observatoires\/\",\"url\":\"https:\/\/www.agorah.com\/index.php\/bilans-des-observatoires\/\",\"name\":\"bilans des observatoires - AGORAH Agence d&#039;urbanisme de La R\u00e9union\",\"isPartOf\":{\"@id\":\"https:\/\/www.agorah.com\/#website\"},\"datePublished\":\"2021-08-27T06:37:05+00:00\",\"dateModified\":\"2024-07-01T05:03:08+00:00\",\"breadcrumb\":{\"@id\":\"https:\/\/www.agorah.com\/index.php\/bilans-des-observatoires\/#breadcrumb\"},\"inLanguage\":\"fr-FR\",\"potentialAction\":[{\"@type\":\"ReadAction\",\"target\":[\"https:\/\/www.agorah.com\/index.php\/bilans-des-observatoires\/\"]}]},{\"@type\":\"BreadcrumbList\",\"@id\":\"https:\/\/www.agorah.com\/index.php\/bilans-des-observatoires\/#breadcrumb\",\"itemListElement\":[{\"@type\":\"ListItem\",\"position\":1,\"name\":\"Accueil\",\"item\":\"https:\/\/www.agorah.com\/\"},{\"@type\":\"ListItem\",\"position\":2,\"name\":\"bilans des observatoires\"}]},{\"@type\":\"WebSite\",\"@id\":\"https:\/\/www.agorah.com\/#website\",\"url\":\"https:\/\/www.agorah.com\/\",\"name\":\"AGORAH Agence d'urbanisme de La R\u00e9union\",\"description\":\"AGORAH  Agence d&#039;urbanisme de La R\u00e9union\",\"publisher\":{\"@id\":\"https:\/\/www.agorah.com\/#organization\"},\"alternateName\":\"AGORAH\",\"potentialAction\":[{\"@type\":\"SearchAction\",\"target\":{\"@type\":\"EntryPoint\",\"urlTemplate\":\"https:\/\/www.agorah.com\/?s={search_term_string}\"},\"query-input\":\"required name=search_term_string\"}],\"inLanguage\":\"fr-FR\"},{\"@type\":\"Organization\",\"@id\":\"https:\/\/www.agorah.com\/#organization\",\"name\":\"AGORAH Agence d'urbanisme de La R\u00e9union\",\"alternateName\":\"AGORAH\",\"url\":\"https:\/\/www.agorah.com\/\",\"logo\":{\"@type\":\"ImageObject\",\"inLanguage\":\"fr-FR\",\"@id\":\"https:\/\/www.agorah.com\/#\/schema\/logo\/image\/\",\"url\":\"https:\/\/www.agorah.com\/wp-content\/uploads\/2020\/05\/LOGO-SITE-BASELINE-4.png\",\"contentUrl\":\"https:\/\/www.agorah.com\/wp-content\/uploads\/2020\/05\/LOGO-SITE-BASELINE-4.png\",\"width\":5111,\"height\":982,\"caption\":\"AGORAH Agence d'urbanisme de La R\u00e9union\"},\"image\":{\"@id\":\"https:\/\/www.agorah.com\/#\/schema\/logo\/image\/\"},\"sameAs\":[\"https:\/\/www.facebook.com\/AgorahReunion\",\"https:\/\/www.linkedin.com\/company\/agorah-agence-durbanisme--la-runion\/mycompany\/?viewAsMember=true\"]}]}<\/script>\n<!-- \/ Yoast SEO plugin. -->","yoast_head_json":{"title":"bilans des observatoires - AGORAH Agence d&#039;urbanisme de La R\u00e9union","robots":{"index":"index","follow":"follow","max-snippet":"max-snippet:-1","max-image-preview":"max-image-preview:large","max-video-preview":"max-video-preview:-1"},"canonical":"https:\/\/www.agorah.com\/index.php\/bilans-des-observatoires\/","og_locale":"fr_FR","og_type":"article","og_title":"bilans des observatoires - AGORAH Agence d&#039;urbanisme de La R\u00e9union","og_description":"Bilans des Observatoires BILANS DES OBSERVATOIRES Synth\u00e8se des Observatoires 2023 Synth\u00e8se des Observatoires 2022 Synth\u00e8se des Observatoires 2021 Synth\u00e8se des Observatoires 2020 &nbsp; Bilan des Observatoires 2019 T\u00e9l\u00e9charger au format ZIP Bilan des Observatoires 2018 (donn\u00e9es 2017)\u00a0\u00a0T\u00e9l\u00e9charger au format ZIP Bilan des Observatoires 2016T\u00e9l\u00e9charger au format ZIP Bilan des Observatoires 2015\u00a0 \u00a0T\u00e9l\u00e9charger au format ZIP [&hellip;]","og_url":"https:\/\/www.agorah.com\/index.php\/bilans-des-observatoires\/","og_site_name":"AGORAH Agence d&#039;urbanisme de La R\u00e9union","article_publisher":"https:\/\/www.facebook.com\/AgorahReunion","article_modified_time":"2024-07-01T05:03:08+00:00","twitter_card":"summary_large_image","twitter_misc":{"Dur\u00e9e de lecture estim\u00e9e":"2 minutes"},"schema":{"@context":"https:\/\/schema.org","@graph":[{"@type":"WebPage","@id":"https:\/\/www.agorah.com\/index.php\/bilans-des-observatoires\/","url":"https:\/\/www.agorah.com\/index.php\/bilans-des-observatoires\/","name":"bilans des observatoires - AGORAH Agence d&#039;urbanisme de La R\u00e9union","isPartOf":{"@id":"https:\/\/www.agorah.com\/#website"},"datePublished":"2021-08-27T06:37:05+00:00","dateModified":"2024-07-01T05:03:08+00:00","breadcrumb":{"@id":"https:\/\/www.agorah.com\/index.php\/bilans-des-observatoires\/#breadcrumb"},"inLanguage":"fr-FR","potentialAction":[{"@type":"ReadAction","target":["https:\/\/www.agorah.com\/index.php\/bilans-des-observatoires\/"]}]},{"@type":"BreadcrumbList","@id":"https:\/\/www.agorah.com\/index.php\/bilans-des-observatoires\/#breadcrumb","itemListElement":[{"@type":"ListItem","position":1,"name":"Accueil","item":"https:\/\/www.agorah.com\/"},{"@type":"ListItem","position":2,"name":"bilans des observatoires"}]},{"@type":"WebSite","@id":"https:\/\/www.agorah.com\/#website","url":"https:\/\/www.agorah.com\/","name":"AGORAH Agence d'urbanisme de La R\u00e9union","description":"AGORAH  Agence d&#039;urbanisme de La R\u00e9union","publisher":{"@id":"https:\/\/www.agorah.com\/#organization"},"alternateName":"AGORAH","potentialAction":[{"@type":"SearchAction","target":{"@type":"EntryPoint","urlTemplate":"https:\/\/www.agorah.com\/?s={search_term_string}"},"query-input":"required name=search_term_string"}],"inLanguage":"fr-FR"},{"@type":"Organization","@id":"https:\/\/www.agorah.com\/#organization","name":"AGORAH Agence d'urbanisme de La R\u00e9union","alternateName":"AGORAH","url":"https:\/\/www.agorah.com\/","logo":{"@type":"ImageObject","inLanguage":"fr-FR","@id":"https:\/\/www.agorah.com\/#\/schema\/logo\/image\/","url":"https:\/\/www.agorah.com\/wp-content\/uploads\/2020\/05\/LOGO-SITE-BASELINE-4.png","contentUrl":"https:\/\/www.agorah.com\/wp-content\/uploads\/2020\/05\/LOGO-SITE-BASELINE-4.png","width":5111,"height":982,"caption":"AGORAH Agence d'urbanisme de La R\u00e9union"},"image":{"@id":"https:\/\/www.agorah.com\/#\/schema\/logo\/image\/"},"sameAs":["https:\/\/www.facebook.com\/AgorahReunion","https:\/\/www.linkedin.com\/company\/agorah-agence-durbanisme--la-runion\/mycompany\/?viewAsMember=true"]}]}},"_links":{"self":[{"href":"https:\/\/www.agorah.com\/index.php\/wp-json\/wp\/v2\/pages\/3374"}],"collection":[{"href":"https:\/\/www.agorah.com\/index.php\/wp-json\/wp\/v2\/pages"}],"about":[{"href":"https:\/\/www.agorah.com\/index.php\/wp-json\/wp\/v2\/types\/page"}],"author":[{"embeddable":true,"href":"https:\/\/www.agorah.com\/index.php\/wp-json\/wp\/v2\/users\/1"}],"replies":[{"embeddable":true,"href":"https:\/\/www.agorah.com\/index.php\/wp-json\/wp\/v2\/comments?post=3374"}],"version-history":[{"count":1,"href":"https:\/\/www.agorah.com\/index.php\/wp-json\/wp\/v2\/pages\/3374\/revisions"}],"predecessor-version":[{"id":4201,"href":"https:\/\/www.agorah.com\/index.php\/wp-json\/wp\/v2\/pages\/3374\/revisions\/4201"}],"wp:attachment":[{"href":"https:\/\/www.agorah.com\/index.php\/wp-json\/wp\/v2\/media?parent=3374"}],"curies":[{"name":"wp","href":"https:\/\/api.w.org\/{rel}","templated":true}]}}