{"id":4316,"date":"2024-10-11T09:02:30","date_gmt":"2024-10-11T05:02:30","guid":{"rendered":"https:\/\/www.agorah.com\/?page_id=4316"},"modified":"2026-02-26T11:46:28","modified_gmt":"2026-02-26T07:46:28","slug":"observatoire-de-lhabitat-et-du-foncier-ohf","status":"publish","type":"page","link":"https:\/\/www.agorah.com\/index.php\/observatoire-de-lhabitat-et-du-foncier-ohf\/","title":{"rendered":"OBSERVATOIRE DE L\u2019HABITAT ET DU FONCIER (OHF)"},"content":{"rendered":"<p>[et_pb_section fb_built=\u00a0\u00bb1&Prime; fullwidth=\u00a0\u00bbon\u00a0\u00bb _builder_version=\u00a0\u00bb4.16&Prime; custom_padding=\u00a0\u00bb0px|0px|0px|0px\u00a0\u00bb global_colors_info=\u00a0\u00bb{}\u00a0\u00bb][et_pb_fullwidth_image src=\u00a0\u00bbhttp:\/\/www.agorah.com\/wp-content\/uploads\/2020\/03\/JGHDF.png\u00a0\u00bb alt=\u00a0\u00bbBandeau-site\u00a0\u00bb title_text=\u00a0\u00bbBandeau-site\u00a0\u00bb _builder_version=\u00a0\u00bb4.24.0&Prime; global_colors_info=\u00a0\u00bb{}\u00a0\u00bb][\/et_pb_fullwidth_image][\/et_pb_section][et_pb_section fb_built=\u00a0\u00bb1&Prime; admin_label=\u00a0\u00bbsection\u00a0\u00bb _builder_version=\u00a0\u00bb4.16&Prime; custom_padding=\u00a0\u00bb0px|0px|34px|0px\u00a0\u00bb global_colors_info=\u00a0\u00bb{}\u00a0\u00bb][et_pb_row _builder_version=\u00a0\u00bb4.16&Prime; global_colors_info=\u00a0\u00bb{}\u00a0\u00bb][et_pb_column type=\u00a0\u00bb4_4&Prime; _builder_version=\u00a0\u00bb4.16&Prime; custom_padding=\u00a0\u00bb|||\u00a0\u00bb global_colors_info=\u00a0\u00bb{}\u00a0\u00bb custom_padding__hover=\u00a0\u00bb|||\u00a0\u00bb][et_pb_text _builder_version=\u00a0\u00bb4.25.2&Prime; text_line_height=\u00a0\u00bb2.2em\u00a0\u00bb custom_padding=\u00a0\u00bb16px|||||\u00a0\u00bb inline_fonts=\u00a0\u00bbOxygen\u00a0\u00bb global_colors_info=\u00a0\u00bb{}\u00a0\u00bb]<\/p>\n<blockquote><\/blockquote>\n<h1><span style=\"font-size: xx-large;\"><strong>OBSERVATOIRE DE L\u2019HABITAT ET DU FONCIER (OHF)<\/strong><\/span><\/h1>\n<p>&nbsp;<\/p>\n<p style=\"text-align: justify;\"><span style=\"color: #000000; font-size: x-large; font-family: inherit; font-weight: normal;\">L\u2019Observatoire r\u00e9gional de l\u2019habitat et du foncier, pilot\u00e9 par l\u2019AGORAH, a \u00e9t\u00e9 lanc\u00e9 en 2023. Il propose <strong>un regard crois\u00e9 entre les enjeux de production de logements et de mobilisation du foncier \u00e0 l\u2019aune de l\u2019objectif du Z\u00e9ro Artificialisation Nette (ZAN)<\/strong> impos\u00e9 par la Loi Climat &amp; R\u00e9silience.<\/span><\/p>\n<p>[\/et_pb_text][et_pb_text _builder_version=\u00a0\u00bb4.25.2&Prime; header_font_size=\u00a0\u00bb36px\u00a0\u00bb custom_padding=\u00a0\u00bb||28px|||\u00a0\u00bb global_colors_info=\u00a0\u00bb{}\u00a0\u00bb]<\/p>\n<h1><b>Chiffres cl\u00e9s<\/b><\/h1>\n<p>[\/et_pb_text][\/et_pb_column][\/et_pb_row][et_pb_row column_structure=\u00a0\u00bb1_3,1_3,1_3&Prime; _builder_version=\u00a0\u00bb4.16&Prime; min_height=\u00a0\u00bb119px\u00a0\u00bb custom_padding=\u00a0\u00bb0px|0px|0px|0px||\u00a0\u00bb global_colors_info=\u00a0\u00bb{}\u00a0\u00bb][et_pb_column type=\u00a0\u00bb1_3&Prime; _builder_version=\u00a0\u00bb4.16&Prime; custom_padding=\u00a0\u00bb|||\u00a0\u00bb global_colors_info=\u00a0\u00bb{}\u00a0\u00bb custom_padding__hover=\u00a0\u00bb|||\u00a0\u00bb][et_pb_number_counter title=\u00a0\u00bblogements autoris\u00e9s en moyenne par an entre 2020 et 2024&Prime; number=\u00a0\u00bb6300&Prime; percent_sign=\u00a0\u00bboff\u00a0\u00bb _builder_version=\u00a0\u00bb4.27.4&Prime; title_font=\u00a0\u00bbRoboto Condensed|700|||||||\u00a0\u00bb number_font=\u00a0\u00bbRoboto Condensed|700|||||||\u00a0\u00bb global_colors_info=\u00a0\u00bb{}\u00a0\u00bb][\/et_pb_number_counter][\/et_pb_column][et_pb_column type=\u00a0\u00bb1_3&Prime; _builder_version=\u00a0\u00bb4.16&Prime; custom_padding=\u00a0\u00bb|||\u00a0\u00bb global_colors_info=\u00a0\u00bb{}\u00a0\u00bb custom_padding__hover=\u00a0\u00bb|||\u00a0\u00bb][et_pb_number_counter title=\u00a0\u00bbdes logements autoris\u00e9s entre 2020 et 2024 se situent sur des parcelles \u00e0 l\u2019int\u00e9rieur de la tache urbaine\u00a0\u00bb number=\u00a0\u00bb60&Prime; _builder_version=\u00a0\u00bb4.27.4&Prime; title_font=\u00a0\u00bbRoboto Condensed|700|||||||\u00a0\u00bb number_font=\u00a0\u00bbRoboto Condensed|700|||||||\u00a0\u00bb global_colors_info=\u00a0\u00bb{}\u00a0\u00bb][\/et_pb_number_counter][\/et_pb_column][et_pb_column type=\u00a0\u00bb1_3&Prime; _builder_version=\u00a0\u00bb4.16&Prime; custom_padding=\u00a0\u00bb|||\u00a0\u00bb global_colors_info=\u00a0\u00bb{}\u00a0\u00bb custom_padding__hover=\u00a0\u00bb|||\u00a0\u00bb][et_pb_number_counter title=\u00a0\u00bblogements priv\u00e9s d\u00e9clar\u00e9s vacants depuis au moins deux ans \u00e0 La R\u00e9union\u00a0\u00bb number=\u00a0\u00bb13000&Prime; percent_sign=\u00a0\u00bboff\u00a0\u00bb _builder_version=\u00a0\u00bb4.27.5&Prime; title_font=\u00a0\u00bbRoboto Condensed|700|||||||\u00a0\u00bb number_font=\u00a0\u00bbRoboto Condensed|700|||||||\u00a0\u00bb hover_enabled=\u00a0\u00bb0&Prime; global_colors_info=\u00a0\u00bb{}\u00a0\u00bb sticky_enabled=\u00a0\u00bb0&Prime;][\/et_pb_number_counter][\/et_pb_column][\/et_pb_row][et_pb_row _builder_version=\u00a0\u00bb4.16&Prime; custom_padding=\u00a0\u00bb0px|0px|0px|0px\u00a0\u00bb global_colors_info=\u00a0\u00bb{}\u00a0\u00bb][et_pb_column type=\u00a0\u00bb4_4&Prime; _builder_version=\u00a0\u00bb4.16&Prime; custom_padding=\u00a0\u00bb|||\u00a0\u00bb global_colors_info=\u00a0\u00bb{}\u00a0\u00bb custom_padding__hover=\u00a0\u00bb|||\u00a0\u00bb][et_pb_text _builder_version=\u00a0\u00bb4.16&Prime; custom_margin=\u00a0\u00bb-11px|||||\u00a0\u00bb custom_padding=\u00a0\u00bb||41px|||\u00a0\u00bb global_colors_info=\u00a0\u00bb{}\u00a0\u00bb]<\/p>\n<blockquote><\/blockquote>\n<p style=\"text-align: justify;\"><span style=\"font-family: inherit; font-weight: normal; color: #000000; font-size: large;\">L\u2019important besoin en logements \u00e0 La R\u00e9union fait face \u00e0 l\u2019enjeu de mobiliser du foncier \u00e0 l\u2019aune de l\u2019objectif du Z\u00e9ro Artificialisation Nette impos\u00e9 par la Loi Climat &amp; R\u00e9silience. La production de logements devra en grande partie s\u2019inscrire dans une logique de densification des espaces d\u00e9j\u00e0 urbanis\u00e9s, en particulier par l\u2019optimisation de la densit\u00e9 de logements, la mutabilit\u00e9 du foncier, la requalification des friches urbaines ainsi que par la remise sur le march\u00e9 des logements vacants.<br \/>Afin de r\u00e9pondre \u00e0 ces enjeux territoriaux de production de logements, l\u2019observatoire de l\u2019habitat et du foncier vise \u00e0 apporter les outils n\u00e9cessaires aux collectivit\u00e9s et \u00e0 l\u2019ensemble de leurs partenaires pour alimenter leur politique d\u2019habitat et leur strat\u00e9gie fonci\u00e8re.<br \/><\/span><\/p>\n<p style=\"text-align: justify;\">\n<p>[\/et_pb_text][\/et_pb_column][\/et_pb_row][et_pb_row _builder_version=\u00a0\u00bb4.16&Prime; global_colors_info=\u00a0\u00bb{}\u00a0\u00bb][et_pb_column type=\u00a0\u00bb4_4&Prime; _builder_version=\u00a0\u00bb4.16&Prime; custom_padding=\u00a0\u00bb|||\u00a0\u00bb global_colors_info=\u00a0\u00bb{}\u00a0\u00bb custom_padding__hover=\u00a0\u00bb|||\u00a0\u00bb][et_pb_testimonial author=\u00a0\u00bbEmmanuelle SCHATZ\u00a0\u00bb job_title=\u00a0\u00bbChef de projet en Urbanisme\u00a0\u00bb company_name=\u00a0\u00bbAGORAH\u00a0\u00bb portrait_url=\u00a0\u00bbhttp:\/\/www.agorah.com\/wp-content\/uploads\/2022\/03\/1647925483097-Copie.jpg\u00a0\u00bb portrait_width=\u00a0\u00bb110px\u00a0\u00bb portrait_height=\u00a0\u00bb110px\u00a0\u00bb _builder_version=\u00a0\u00bb4.25.2&Prime; background_color=\u00a0\u00bbrgba(76,76,76,0.25)\u00a0\u00bb text_orientation=\u00a0\u00bbjustified\u00a0\u00bb background_layout=\u00a0\u00bbdark\u00a0\u00bb border_width_all_portrait=\u00a0\u00bb3px\u00a0\u00bb border_color_all_portrait=\u00a0\u00bb#ffffff\u00a0\u00bb locked=\u00a0\u00bboff\u00a0\u00bb global_colors_info=\u00a0\u00bb{}\u00a0\u00bb]<\/p>\n<p><strong>schatz@agorah.com<\/strong> \/ Urbaniste de formation, Emmanuelle SCHATZ a \u00e9t\u00e9 en charge de la gestion de plusieurs projets urbains en Afrique pour l\u2019Agence fran\u00e7aise de d\u00e9veloppement (AFD) et s\u2019est sp\u00e9cialis\u00e9e dans l\u2019accompagnement des collectivit\u00e9s locales dans leur projet de territoire. En 2022, elle a rejoint l\u2019AGORAH pour mettre en place et animer l\u2019observatoire de l\u2019habitat et du foncier \u00e0 La R\u00e9union. Elle pilote \u00e9galement des appuis sp\u00e9cifiques aux communes, ainsi que les missions de coop\u00e9ration r\u00e9gionale aux Comores et \u00e0 Madagascar.<\/p>\n<p>[\/et_pb_testimonial][\/et_pb_column][\/et_pb_row][et_pb_row _builder_version=\u00a0\u00bb4.16&Prime; locked=\u00a0\u00bboff\u00a0\u00bb global_colors_info=\u00a0\u00bb{}\u00a0\u00bb][et_pb_column type=\u00a0\u00bb4_4&Prime; _builder_version=\u00a0\u00bb4.16&Prime; custom_padding=\u00a0\u00bb|||\u00a0\u00bb global_colors_info=\u00a0\u00bb{}\u00a0\u00bb custom_padding__hover=\u00a0\u00bb|||\u00a0\u00bb][et_pb_text _builder_version=\u00a0\u00bb4.25.2&Prime; header_font_size=\u00a0\u00bb35px\u00a0\u00bb header_2_font_size=\u00a0\u00bb29px\u00a0\u00bb custom_padding=\u00a0\u00bb50px|||||\u00a0\u00bb global_colors_info=\u00a0\u00bb{}\u00a0\u00bb]<\/p>\n<h2><span><strong>Tableau de bord interactif\u00a0<\/strong><\/span><\/h2>\n<p>[\/et_pb_text][\/et_pb_column][\/et_pb_row][\/et_pb_section][et_pb_section fb_built=\u00a0\u00bb1&Prime; fullwidth=\u00a0\u00bbon\u00a0\u00bb _builder_version=\u00a0\u00bb4.16&Prime; global_colors_info=\u00a0\u00bb{}\u00a0\u00bb][et_pb_fullwidth_code _builder_version=\u00a0\u00bb4.27.4&Prime; global_colors_info=\u00a0\u00bb{}\u00a0\u00bb]\n<!-- iframe plugin v.6.0 wordpress.org\/plugins\/iframe\/ -->\n<iframe loading=\"lazy\" scrolling=\"no\" width=\"100%\" src=\"https:\/\/peigeo.re\/dashboard\/Logements_prives_vacants\/Logements_prives_vacants.html\" height=\"800\" style=\"overflow=hidden\" 0=\"style=&quot;margin-top:300px\" class=\"iframe-class\" frameborder=\"0\"><\/iframe>\n<!-- [et_pb_line_break_holder] --><!-- [et_pb_line_break_holder] -->\t\t\t\t\t<!-- [et_pb_line_break_holder] --><!-- [et_pb_line_break_holder] --><!-- [et_pb_line_break_holder] --><!-- [et_pb_line_break_holder] --><!-- [et_pb_line_break_holder] -->[\/et_pb_fullwidth_code][\/et_pb_section][et_pb_section fb_built=\u00a0\u00bb1&Prime; _builder_version=\u00a0\u00bb4.25.2&Prime; _module_preset=\u00a0\u00bbdefault\u00a0\u00bb background_color=\u00a0\u00bb#e6e6e6&Prime; global_colors_info=\u00a0\u00bb{}\u00a0\u00bb][et_pb_row _builder_version=\u00a0\u00bb4.16&Prime; _module_preset=\u00a0\u00bbdefault\u00a0\u00bb custom_padding=\u00a0\u00bb||27px|0px||\u00a0\u00bb global_colors_info=\u00a0\u00bb{}\u00a0\u00bb][et_pb_column type=\u00a0\u00bb4_4&Prime; _builder_version=\u00a0\u00bb4.16&Prime; _module_preset=\u00a0\u00bbdefault\u00a0\u00bb global_colors_info=\u00a0\u00bb{}\u00a0\u00bb][et_pb_text _builder_version=\u00a0\u00bb4.25.2&Prime; min_height=\u00a0\u00bb63px\u00a0\u00bb custom_padding=\u00a0\u00bb||0px|||\u00a0\u00bb inline_fonts=\u00a0\u00bbOxygen\u00a0\u00bb global_colors_info=\u00a0\u00bb{}\u00a0\u00bb]<\/p>\n<p>&nbsp;<\/p>\n<h2 style=\"text-align: left;\"><strong><span style=\"font-size: xx-large; font-family: Oxygen;\">POUR ALLER PLUS LOIN<\/span><\/strong><\/h2>\n<p>&nbsp;<\/p>\n<p>[\/et_pb_text][et_pb_toggle title=\u00a0\u00bbOBSERVATOIRE DE l&rsquo;HABITAT ET DU FONCIER\u00a0\u00bb open=\u00a0\u00bbon\u00a0\u00bb _builder_version=\u00a0\u00bb4.27.4&Prime; _module_preset=\u00a0\u00bbdefault\u00a0\u00bb global_colors_info=\u00a0\u00bb{}\u00a0\u00bb]<\/p>\n<blockquote><\/blockquote>\n<p style=\"text-align: center;\"><a href=\"https:\/\/www.agorah.com\/upload\/habitat\/2024-RAPPORT-OHF.pdf\"><strong><\/strong><\/a><strong><a href=\"https:\/\/www.agorah.com\/upload\/habitat\/2024-RAPPORT-OHF.pdf\"><\/a><a href=\"https:\/\/www.agorah.com\/upload\/habitat\/2024-RAPPORT-OHF.pdf\"><img loading=\"lazy\" decoding=\"async\" src=\"http:\/\/www.agorah.com\/wp-content\/uploads\/2024\/10\/TELECHARGER.png\" width=\"35\" height=\"41\" alt=\"\" class=\"wp-image-4323 alignnone size-full\" \/><\/a>\u00a0<\/strong><\/p>\n<p style=\"text-align: center;\"><strong><a href=\"https:\/\/www.agorah.com\/upload\/habitat\/Plaquette-OHF-v-web-finale.pdf\">AGORAH\u2019SCOPE N\u00b0 12 \u2013 Observatoire de l&rsquo;Habitat et du Foncier<\/a><\/strong><\/p>\n<p style=\"text-align: center;\"><strong><a href=\"https:\/\/www.agorah.com\/upload\/habitat\/friches-v-finale-v-WEB.pdf\">Observatoire de l\u2019habitat et du foncier &#8211;<\/a><\/strong><a href=\"https:\/\/www.agorah.com\/upload\/habitat\/friches-v-finale-v-WEB.pdf\"> Recensement des friches urbaines dans les ORT \u00e0 La R\u00e9union\u00a0<\/a><\/p>\n<p style=\"text-align: center;\"><a href=\"https:\/\/www.agorah.com\/upload\/habitat\/2024-RAPPORT-OHF.pdf\"><strong>Observatoire de l\u2019habitat et du foncier<\/strong> &#8211; Synth\u00e8se des premiers enseignements\u00a0<\/a><\/p>\n<p><strong><\/strong><\/p>\n<blockquote><\/blockquote>\n<p>[\/et_pb_toggle][\/et_pb_column][\/et_pb_row][\/et_pb_section]<\/p>\n","protected":false},"excerpt":{"rendered":"<p>OBSERVATOIRE DE L\u2019HABITAT ET DU FONCIER (OHF) &nbsp; L\u2019Observatoire r\u00e9gional de l\u2019habitat et du foncier, pilot\u00e9 par l\u2019AGORAH, a \u00e9t\u00e9 lanc\u00e9 en 2023. Il propose un regard crois\u00e9 entre les enjeux de production de logements et de mobilisation du foncier \u00e0 l\u2019aune de l\u2019objectif du Z\u00e9ro Artificialisation Nette (ZAN) impos\u00e9 par la Loi Climat &amp; [&hellip;]<\/p>\n","protected":false},"author":1,"featured_media":0,"parent":0,"menu_order":0,"comment_status":"closed","ping_status":"closed","template":"","meta":{"_et_pb_use_builder":"on","_et_pb_old_content":"","_et_gb_content_width":"","_monsterinsights_skip_tracking":false,"_monsterinsights_sitenote_active":false,"_monsterinsights_sitenote_note":"","_monsterinsights_sitenote_category":0,"footnotes":""},"yoast_head":"<!-- This site is optimized with the Yoast SEO plugin v23.2 - https:\/\/yoast.com\/wordpress\/plugins\/seo\/ -->\n<title>OBSERVATOIRE DE L\u2019HABITAT ET DU FONCIER (OHF) - AGORAH Agence d&#039;urbanisme de La R\u00e9union<\/title>\n<meta name=\"robots\" content=\"index, follow, max-snippet:-1, max-image-preview:large, max-video-preview:-1\" \/>\n<link rel=\"canonical\" href=\"https:\/\/www.agorah.com\/index.php\/observatoire-de-lhabitat-et-du-foncier-ohf\/\" \/>\n<meta property=\"og:locale\" content=\"fr_FR\" \/>\n<meta property=\"og:type\" content=\"article\" \/>\n<meta property=\"og:title\" content=\"OBSERVATOIRE DE L\u2019HABITAT ET DU FONCIER (OHF) - AGORAH Agence d&#039;urbanisme de La R\u00e9union\" \/>\n<meta property=\"og:description\" content=\"OBSERVATOIRE DE L\u2019HABITAT ET DU FONCIER (OHF) &nbsp; L\u2019Observatoire r\u00e9gional de l\u2019habitat et du foncier, pilot\u00e9 par l\u2019AGORAH, a \u00e9t\u00e9 lanc\u00e9 en 2023. Il propose un regard crois\u00e9 entre les enjeux de production de logements et de mobilisation du foncier \u00e0 l\u2019aune de l\u2019objectif du Z\u00e9ro Artificialisation Nette (ZAN) impos\u00e9 par la Loi Climat &amp; [&hellip;]\" \/>\n<meta property=\"og:url\" content=\"https:\/\/www.agorah.com\/index.php\/observatoire-de-lhabitat-et-du-foncier-ohf\/\" \/>\n<meta property=\"og:site_name\" content=\"AGORAH Agence d&#039;urbanisme de La R\u00e9union\" \/>\n<meta property=\"article:publisher\" content=\"https:\/\/www.facebook.com\/AgorahReunion\" \/>\n<meta property=\"article:modified_time\" content=\"2026-02-26T07:46:28+00:00\" \/>\n<meta property=\"og:image\" content=\"http:\/\/www.agorah.com\/wp-content\/uploads\/2024\/10\/TELECHARGER.png\" \/>\n<meta name=\"twitter:card\" content=\"summary_large_image\" \/>\n<meta name=\"twitter:label1\" content=\"Dur\u00e9e de lecture estim\u00e9e\" \/>\n\t<meta name=\"twitter:data1\" content=\"3 minutes\" \/>\n<script type=\"application\/ld+json\" class=\"yoast-schema-graph\">{\"@context\":\"https:\/\/schema.org\",\"@graph\":[{\"@type\":\"WebPage\",\"@id\":\"https:\/\/www.agorah.com\/index.php\/observatoire-de-lhabitat-et-du-foncier-ohf\/\",\"url\":\"https:\/\/www.agorah.com\/index.php\/observatoire-de-lhabitat-et-du-foncier-ohf\/\",\"name\":\"OBSERVATOIRE DE L\u2019HABITAT ET DU FONCIER (OHF) - AGORAH Agence d&#039;urbanisme de La R\u00e9union\",\"isPartOf\":{\"@id\":\"https:\/\/www.agorah.com\/#website\"},\"primaryImageOfPage\":{\"@id\":\"https:\/\/www.agorah.com\/index.php\/observatoire-de-lhabitat-et-du-foncier-ohf\/#primaryimage\"},\"image\":{\"@id\":\"https:\/\/www.agorah.com\/index.php\/observatoire-de-lhabitat-et-du-foncier-ohf\/#primaryimage\"},\"thumbnailUrl\":\"http:\/\/www.agorah.com\/wp-content\/uploads\/2024\/10\/TELECHARGER.png\",\"datePublished\":\"2024-10-11T05:02:30+00:00\",\"dateModified\":\"2026-02-26T07:46:28+00:00\",\"breadcrumb\":{\"@id\":\"https:\/\/www.agorah.com\/index.php\/observatoire-de-lhabitat-et-du-foncier-ohf\/#breadcrumb\"},\"inLanguage\":\"fr-FR\",\"potentialAction\":[{\"@type\":\"ReadAction\",\"target\":[\"https:\/\/www.agorah.com\/index.php\/observatoire-de-lhabitat-et-du-foncier-ohf\/\"]}]},{\"@type\":\"ImageObject\",\"inLanguage\":\"fr-FR\",\"@id\":\"https:\/\/www.agorah.com\/index.php\/observatoire-de-lhabitat-et-du-foncier-ohf\/#primaryimage\",\"url\":\"https:\/\/www.agorah.com\/wp-content\/uploads\/2024\/10\/TELECHARGER.png\",\"contentUrl\":\"https:\/\/www.agorah.com\/wp-content\/uploads\/2024\/10\/TELECHARGER.png\",\"width\":52,\"height\":64},{\"@type\":\"BreadcrumbList\",\"@id\":\"https:\/\/www.agorah.com\/index.php\/observatoire-de-lhabitat-et-du-foncier-ohf\/#breadcrumb\",\"itemListElement\":[{\"@type\":\"ListItem\",\"position\":1,\"name\":\"Accueil\",\"item\":\"https:\/\/www.agorah.com\/\"},{\"@type\":\"ListItem\",\"position\":2,\"name\":\"OBSERVATOIRE DE L\u2019HABITAT ET DU FONCIER (OHF)\"}]},{\"@type\":\"WebSite\",\"@id\":\"https:\/\/www.agorah.com\/#website\",\"url\":\"https:\/\/www.agorah.com\/\",\"name\":\"AGORAH Agence d'urbanisme de La R\u00e9union\",\"description\":\"AGORAH  Agence d&#039;urbanisme de La R\u00e9union\",\"publisher\":{\"@id\":\"https:\/\/www.agorah.com\/#organization\"},\"alternateName\":\"AGORAH\",\"potentialAction\":[{\"@type\":\"SearchAction\",\"target\":{\"@type\":\"EntryPoint\",\"urlTemplate\":\"https:\/\/www.agorah.com\/?s={search_term_string}\"},\"query-input\":\"required name=search_term_string\"}],\"inLanguage\":\"fr-FR\"},{\"@type\":\"Organization\",\"@id\":\"https:\/\/www.agorah.com\/#organization\",\"name\":\"AGORAH Agence d'urbanisme de La R\u00e9union\",\"alternateName\":\"AGORAH\",\"url\":\"https:\/\/www.agorah.com\/\",\"logo\":{\"@type\":\"ImageObject\",\"inLanguage\":\"fr-FR\",\"@id\":\"https:\/\/www.agorah.com\/#\/schema\/logo\/image\/\",\"url\":\"https:\/\/www.agorah.com\/wp-content\/uploads\/2020\/05\/LOGO-SITE-BASELINE-4.png\",\"contentUrl\":\"https:\/\/www.agorah.com\/wp-content\/uploads\/2020\/05\/LOGO-SITE-BASELINE-4.png\",\"width\":5111,\"height\":982,\"caption\":\"AGORAH Agence d'urbanisme de La R\u00e9union\"},\"image\":{\"@id\":\"https:\/\/www.agorah.com\/#\/schema\/logo\/image\/\"},\"sameAs\":[\"https:\/\/www.facebook.com\/AgorahReunion\",\"https:\/\/www.linkedin.com\/company\/agorah-agence-durbanisme--la-runion\/mycompany\/?viewAsMember=true\"]}]}<\/script>\n<!-- \/ Yoast SEO plugin. -->","yoast_head_json":{"title":"OBSERVATOIRE DE L\u2019HABITAT ET DU FONCIER (OHF) - AGORAH Agence d&#039;urbanisme de La R\u00e9union","robots":{"index":"index","follow":"follow","max-snippet":"max-snippet:-1","max-image-preview":"max-image-preview:large","max-video-preview":"max-video-preview:-1"},"canonical":"https:\/\/www.agorah.com\/index.php\/observatoire-de-lhabitat-et-du-foncier-ohf\/","og_locale":"fr_FR","og_type":"article","og_title":"OBSERVATOIRE DE L\u2019HABITAT ET DU FONCIER (OHF) - AGORAH Agence d&#039;urbanisme de La R\u00e9union","og_description":"OBSERVATOIRE DE L\u2019HABITAT ET DU FONCIER (OHF) &nbsp; L\u2019Observatoire r\u00e9gional de l\u2019habitat et du foncier, pilot\u00e9 par l\u2019AGORAH, a \u00e9t\u00e9 lanc\u00e9 en 2023. Il propose un regard crois\u00e9 entre les enjeux de production de logements et de mobilisation du foncier \u00e0 l\u2019aune de l\u2019objectif du Z\u00e9ro Artificialisation Nette (ZAN) impos\u00e9 par la Loi Climat &amp; [&hellip;]","og_url":"https:\/\/www.agorah.com\/index.php\/observatoire-de-lhabitat-et-du-foncier-ohf\/","og_site_name":"AGORAH Agence d&#039;urbanisme de La R\u00e9union","article_publisher":"https:\/\/www.facebook.com\/AgorahReunion","article_modified_time":"2026-02-26T07:46:28+00:00","og_image":[{"url":"http:\/\/www.agorah.com\/wp-content\/uploads\/2024\/10\/TELECHARGER.png"}],"twitter_card":"summary_large_image","twitter_misc":{"Dur\u00e9e de lecture estim\u00e9e":"3 minutes"},"schema":{"@context":"https:\/\/schema.org","@graph":[{"@type":"WebPage","@id":"https:\/\/www.agorah.com\/index.php\/observatoire-de-lhabitat-et-du-foncier-ohf\/","url":"https:\/\/www.agorah.com\/index.php\/observatoire-de-lhabitat-et-du-foncier-ohf\/","name":"OBSERVATOIRE DE L\u2019HABITAT ET DU FONCIER (OHF) - AGORAH Agence d&#039;urbanisme de La R\u00e9union","isPartOf":{"@id":"https:\/\/www.agorah.com\/#website"},"primaryImageOfPage":{"@id":"https:\/\/www.agorah.com\/index.php\/observatoire-de-lhabitat-et-du-foncier-ohf\/#primaryimage"},"image":{"@id":"https:\/\/www.agorah.com\/index.php\/observatoire-de-lhabitat-et-du-foncier-ohf\/#primaryimage"},"thumbnailUrl":"http:\/\/www.agorah.com\/wp-content\/uploads\/2024\/10\/TELECHARGER.png","datePublished":"2024-10-11T05:02:30+00:00","dateModified":"2026-02-26T07:46:28+00:00","breadcrumb":{"@id":"https:\/\/www.agorah.com\/index.php\/observatoire-de-lhabitat-et-du-foncier-ohf\/#breadcrumb"},"inLanguage":"fr-FR","potentialAction":[{"@type":"ReadAction","target":["https:\/\/www.agorah.com\/index.php\/observatoire-de-lhabitat-et-du-foncier-ohf\/"]}]},{"@type":"ImageObject","inLanguage":"fr-FR","@id":"https:\/\/www.agorah.com\/index.php\/observatoire-de-lhabitat-et-du-foncier-ohf\/#primaryimage","url":"https:\/\/www.agorah.com\/wp-content\/uploads\/2024\/10\/TELECHARGER.png","contentUrl":"https:\/\/www.agorah.com\/wp-content\/uploads\/2024\/10\/TELECHARGER.png","width":52,"height":64},{"@type":"BreadcrumbList","@id":"https:\/\/www.agorah.com\/index.php\/observatoire-de-lhabitat-et-du-foncier-ohf\/#breadcrumb","itemListElement":[{"@type":"ListItem","position":1,"name":"Accueil","item":"https:\/\/www.agorah.com\/"},{"@type":"ListItem","position":2,"name":"OBSERVATOIRE DE L\u2019HABITAT ET DU FONCIER (OHF)"}]},{"@type":"WebSite","@id":"https:\/\/www.agorah.com\/#website","url":"https:\/\/www.agorah.com\/","name":"AGORAH Agence d'urbanisme de La R\u00e9union","description":"AGORAH  Agence d&#039;urbanisme de La R\u00e9union","publisher":{"@id":"https:\/\/www.agorah.com\/#organization"},"alternateName":"AGORAH","potentialAction":[{"@type":"SearchAction","target":{"@type":"EntryPoint","urlTemplate":"https:\/\/www.agorah.com\/?s={search_term_string}"},"query-input":"required name=search_term_string"}],"inLanguage":"fr-FR"},{"@type":"Organization","@id":"https:\/\/www.agorah.com\/#organization","name":"AGORAH Agence d'urbanisme de La R\u00e9union","alternateName":"AGORAH","url":"https:\/\/www.agorah.com\/","logo":{"@type":"ImageObject","inLanguage":"fr-FR","@id":"https:\/\/www.agorah.com\/#\/schema\/logo\/image\/","url":"https:\/\/www.agorah.com\/wp-content\/uploads\/2020\/05\/LOGO-SITE-BASELINE-4.png","contentUrl":"https:\/\/www.agorah.com\/wp-content\/uploads\/2020\/05\/LOGO-SITE-BASELINE-4.png","width":5111,"height":982,"caption":"AGORAH Agence d'urbanisme de La R\u00e9union"},"image":{"@id":"https:\/\/www.agorah.com\/#\/schema\/logo\/image\/"},"sameAs":["https:\/\/www.facebook.com\/AgorahReunion","https:\/\/www.linkedin.com\/company\/agorah-agence-durbanisme--la-runion\/mycompany\/?viewAsMember=true"]}]}},"_links":{"self":[{"href":"https:\/\/www.agorah.com\/index.php\/wp-json\/wp\/v2\/pages\/4316"}],"collection":[{"href":"https:\/\/www.agorah.com\/index.php\/wp-json\/wp\/v2\/pages"}],"about":[{"href":"https:\/\/www.agorah.com\/index.php\/wp-json\/wp\/v2\/types\/page"}],"author":[{"embeddable":true,"href":"https:\/\/www.agorah.com\/index.php\/wp-json\/wp\/v2\/users\/1"}],"replies":[{"embeddable":true,"href":"https:\/\/www.agorah.com\/index.php\/wp-json\/wp\/v2\/comments?post=4316"}],"version-history":[{"count":14,"href":"https:\/\/www.agorah.com\/index.php\/wp-json\/wp\/v2\/pages\/4316\/revisions"}],"predecessor-version":[{"id":4770,"href":"https:\/\/www.agorah.com\/index.php\/wp-json\/wp\/v2\/pages\/4316\/revisions\/4770"}],"wp:attachment":[{"href":"https:\/\/www.agorah.com\/index.php\/wp-json\/wp\/v2\/media?parent=4316"}],"curies":[{"name":"wp","href":"https:\/\/api.w.org\/{rel}","templated":true}]}}