{"id":940,"date":"2020-03-27T08:59:25","date_gmt":"2020-03-27T04:59:25","guid":{"rendered":"http:\/\/agorah.com\/?page_id=940"},"modified":"2025-11-20T09:17:26","modified_gmt":"2025-11-20T05:17:26","slug":"lobservatoire-reunionnais-de-lhabitat-indigne-orhi","status":"publish","type":"page","link":"https:\/\/www.agorah.com\/index.php\/lobservatoire-reunionnais-de-lhabitat-indigne-orhi\/","title":{"rendered":"L&rsquo;Observatoire R\u00e9unionnais de l\u2019Habitat Indigne (ORHI)"},"content":{"rendered":"<p>[et_pb_section fb_built=\u00a0\u00bb1&Prime; fullwidth=\u00a0\u00bbon\u00a0\u00bb _builder_version=\u00a0\u00bb4.16&Prime; global_colors_info=\u00a0\u00bb{}\u00a0\u00bb][et_pb_fullwidth_image src=\u00a0\u00bbhttp:\/\/www.agorah.com\/wp-content\/uploads\/2020\/03\/JGHDF.png\u00a0\u00bb alt=\u00a0\u00bbBandeau-site\u00a0\u00bb title_text=\u00a0\u00bbBandeau-site\u00a0\u00bb _builder_version=\u00a0\u00bb4.24.0&Prime; global_colors_info=\u00a0\u00bb{}\u00a0\u00bb][\/et_pb_fullwidth_image][\/et_pb_section][et_pb_section fb_built=\u00a0\u00bb1&Prime; _builder_version=\u00a0\u00bb4.16&Prime; custom_padding=\u00a0\u00bb0px|0px|44px|0px\u00a0\u00bb global_colors_info=\u00a0\u00bb{}\u00a0\u00bb][et_pb_row _builder_version=\u00a0\u00bb4.16&Prime; global_colors_info=\u00a0\u00bb{}\u00a0\u00bb][et_pb_column type=\u00a0\u00bb4_4&Prime; _builder_version=\u00a0\u00bb4.16&Prime; custom_padding=\u00a0\u00bb|||\u00a0\u00bb global_colors_info=\u00a0\u00bb{}\u00a0\u00bb custom_padding__hover=\u00a0\u00bb|||\u00a0\u00bb][et_pb_text _builder_version=\u00a0\u00bb4.16&Prime; global_colors_info=\u00a0\u00bb{}\u00a0\u00bb]<\/p>\n<blockquote>\n<h1><strong>L&rsquo;Observatoire R\u00e9unionnais de l\u2019Habitat Indigne (ORHI)<\/strong><\/h1>\n<\/blockquote>\n<p style=\"text-align: justify;\">L\u2019Observatoire R\u00e9unionnais de l\u2019Habitat Indigne (ORHI), cr\u00e9\u00e9 en 2015, c\u00e9l\u00e8bre cette ann\u00e9e ses dix ans d\u2019existence.\u00a0Il r\u00e9pond aux enjeux forts de connaissance des situations d\u2019indignit\u00e9 de l\u2019habitat et de suivi des actions d\u2019am\u00e9lioration et de r\u00e9sorption. Il s\u2019appuie sur les Plans Intercommunaux de Lutte contre l\u2019Habitat Indigne (PILHI ) qui se d\u00e9ploient sur l\u2019\u00eele, permettant de capitaliser des donn\u00e9es de rep\u00e9rage actualis\u00e9es, mais aussi d\u2019accompagner les \u00e9quipes op\u00e9rationnelles \u00e0 constituer des donn\u00e9es de suivi dans le cadre de leurs interventions sur le terrain.<\/p>\n<p>[\/et_pb_text][\/et_pb_column][\/et_pb_row][et_pb_row column_structure=\u00a0\u00bb1_3,1_3,1_3&Prime; _builder_version=\u00a0\u00bb4.16&Prime; custom_padding=\u00a0\u00bb30px|0px|30px|0px\u00a0\u00bb global_colors_info=\u00a0\u00bb{}\u00a0\u00bb][et_pb_column type=\u00a0\u00bb1_3&Prime; _builder_version=\u00a0\u00bb4.16&Prime; custom_padding=\u00a0\u00bb|||\u00a0\u00bb global_colors_info=\u00a0\u00bb{}\u00a0\u00bb custom_padding__hover=\u00a0\u00bb|||\u00a0\u00bb][et_pb_number_counter title=\u00a0\u00bbOp\u00e9ration Group\u00e9e d\u2019Am\u00e9lioration L\u00e9g\u00e8re    (OGRAL) r\u00e9alis\u00e9es\u00a0\u00bb number=\u00a0\u00bb6&Prime; percent_sign=\u00a0\u00bboff\u00a0\u00bb _builder_version=\u00a0\u00bb4.16&Prime; title_font=\u00a0\u00bbRoboto Condensed|700|||||||\u00a0\u00bb number_font=\u00a0\u00bbRoboto Condensed|700|||||||\u00a0\u00bb locked=\u00a0\u00bboff\u00a0\u00bb global_colors_info=\u00a0\u00bb{}\u00a0\u00bb][\/et_pb_number_counter][\/et_pb_column][et_pb_column type=\u00a0\u00bb1_3&Prime; _builder_version=\u00a0\u00bb4.16&Prime; custom_padding=\u00a0\u00bb|||\u00a0\u00bb global_colors_info=\u00a0\u00bb{}\u00a0\u00bb custom_padding__hover=\u00a0\u00bb|||\u00a0\u00bb][et_pb_number_counter title=\u00a0\u00bbR\u00e9sorption de l&rsquo;habitat spontan\u00e9 (RHS) en cours\u00a0\u00bb number=\u00a0\u00bb6&Prime; percent_sign=\u00a0\u00bboff\u00a0\u00bb _builder_version=\u00a0\u00bb4.16&Prime; title_font=\u00a0\u00bbRoboto Condensed|700|||||||\u00a0\u00bb number_font=\u00a0\u00bbRoboto Condensed|700|||||||\u00a0\u00bb locked=\u00a0\u00bboff\u00a0\u00bb global_colors_info=\u00a0\u00bb{}\u00a0\u00bb][\/et_pb_number_counter][\/et_pb_column][et_pb_column type=\u00a0\u00bb1_3&Prime; _builder_version=\u00a0\u00bb4.16&Prime; custom_padding=\u00a0\u00bb|||\u00a0\u00bb global_colors_info=\u00a0\u00bb{}\u00a0\u00bb custom_padding__hover=\u00a0\u00bb|||\u00a0\u00bb][et_pb_number_counter title=\u00a0\u00bbdu parc de maisons individuelles sont indignes \u00e0 La R\u00e9union\u00a0\u00bb number=\u00a0\u00bb7&Prime; _builder_version=\u00a0\u00bb4.21.0&Prime; title_font=\u00a0\u00bbRoboto Condensed|700|||||||\u00a0\u00bb number_font=\u00a0\u00bbRoboto Condensed|700|||||||\u00a0\u00bb locked=\u00a0\u00bboff\u00a0\u00bb global_colors_info=\u00a0\u00bb{}\u00a0\u00bb][\/et_pb_number_counter][\/et_pb_column][\/et_pb_row][et_pb_row _builder_version=\u00a0\u00bb4.16&Prime; custom_padding=\u00a0\u00bb0px|0px|23px|0px\u00a0\u00bb global_colors_info=\u00a0\u00bb{}\u00a0\u00bb][et_pb_column type=\u00a0\u00bb4_4&Prime; _builder_version=\u00a0\u00bb4.16&Prime; custom_padding=\u00a0\u00bb|||\u00a0\u00bb global_colors_info=\u00a0\u00bb{}\u00a0\u00bb custom_padding__hover=\u00a0\u00bb|||\u00a0\u00bb][et_pb_text _builder_version=\u00a0\u00bb4.16&Prime; global_colors_info=\u00a0\u00bb{}\u00a0\u00bb]<\/p>\n<p style=\"text-align: justify;\">Ces objectifs s\u2019inscrivent pleinement dans le programme d\u2019actions 2023-2027 du P\u00f4le D\u00e9partemental de Lutte contre l\u2019Habitat Indigne (PDLHI), charg\u00e9 de piloter la politique d\u00e9partementale en la mati\u00e8re et de coordonner le travail en r\u00e9seau des diff\u00e9rents acteurs. \u00c0 l\u2019\u00e9chelle r\u00e9gionale, l\u2019ensemble des communes dispose d\u00e9sormais d\u2019un rep\u00e9rage de leur territoire. Ces donn\u00e9es sont centralis\u00e9es au sein d\u2019une base r\u00e9gionale d\u00e9di\u00e9e \u00e0 l\u2019observatoire, qui s\u2019enrichit progressivement avec la mise en place des \u00e9quipes sur chaque EPCI et leurs interventions cibl\u00e9es.<br \/>En 2024, un outil m\u00e9tier \u00e0 destination des EPCI a \u00e9t\u00e9 mis \u00e0 disposition. Ce projet a vu le jour gr\u00e2ce \u00e0 une collaboration \u00e9troite entre la DEAL, les EPCI, le prestataire technique ITS974 et l\u2019AGORAH, illustrant la force d\u2019un partenariat structur\u00e9 et orient\u00e9 vers l\u2019action. Une fois appropri\u00e9 et aliment\u00e9 par le personnel en charge des PILHI, cet outil permet \u00e0 l\u2019ORHI de quantifier les logements am\u00e9lior\u00e9s selon les dispositifs mobilis\u00e9s, et aux EPCI de r\u00e9aliser une \u00e9valuation annuelle de leurs plans d\u2019action. En 2025, l\u2019AGORAH poursuit son engagement en renfor\u00e7ant la robustesse et l\u2019exhaustivit\u00e9 de l\u2019outil,notamment gr\u00e2ce \u00e0 son interfa\u00e7age avec la plateforme Signal Logement.<\/p>\n<p>[\/et_pb_text][\/et_pb_column][\/et_pb_row][et_pb_row disabled_on=\u00a0\u00bboff|off|off\u00a0\u00bb _builder_version=\u00a0\u00bb4.27.4&Prime; global_colors_info=\u00a0\u00bb{}\u00a0\u00bb][et_pb_column type=\u00a0\u00bb4_4&Prime; _builder_version=\u00a0\u00bb4.16&Prime; custom_padding=\u00a0\u00bb|||\u00a0\u00bb global_colors_info=\u00a0\u00bb{}\u00a0\u00bb custom_padding__hover=\u00a0\u00bb|||\u00a0\u00bb][et_pb_testimonial author=\u00a0\u00bbMarine GRONDIN\u00a0\u00bb job_title=\u00a0\u00bbCharg\u00e9e d\u2019\u00e9tudes sur les questions d\u2019habitat social, de r\u00e9novation urbaine et de logement indigne\u00a0\u00bb company_name=\u00a0\u00bbAGORAH\u00a0\u00bb portrait_url=\u00a0\u00bbhttp:\/\/www.agorah.com\/wp-content\/uploads\/2025\/07\/Image20250716105640.jpg\u00a0\u00bb portrait_width=\u00a0\u00bb110px\u00a0\u00bb portrait_height=\u00a0\u00bb110px\u00a0\u00bb _builder_version=\u00a0\u00bb4.27.4&Prime; background_color=\u00a0\u00bbrgba(76,76,76,0.25)\u00a0\u00bb text_orientation=\u00a0\u00bbjustified\u00a0\u00bb border_width_all_portrait=\u00a0\u00bb3px\u00a0\u00bb border_color_all_portrait=\u00a0\u00bb#ffffff\u00a0\u00bb locked=\u00a0\u00bboff\u00a0\u00bb global_colors_info=\u00a0\u00bb{}\u00a0\u00bb]<\/p>\n<p><strong>marine.grondin@agorah.com<\/strong> \/ <span data-olk-copy-source=\"MessageBody\">Titulaire d\u2019un Master en urbanisme et sp\u00e9cialis\u00e9e en politique et projets d\u2019Habitat, Marine occupe aujourd\u2019hui le poste de charg\u00e9e d\u2019\u00e9tudes en urbanisme r\u00e9glementaire et Habitat \u00e0 l\u2019AGORAH. Forte d\u2019une exp\u00e9rience significative dans l\u2019am\u00e9lioration de l\u2019Habitat, acquise au sein d\u2019un CAUE mais aussi en bureau d\u2019\u00e9tudes, elle a d\u00e9velopp\u00e9 une expertise op\u00e9rationnelle et strat\u00e9gique sur les enjeux de l\u2019habitat et des territoires. En tant que nouvelle r\u00e9f\u00e9rente de l\u2019Observatoire R\u00e9unionnais de l\u2019Habitat Indigne, Marine met cette exp\u00e9rience au service du pilotage et du d\u00e9veloppement de l\u2019observatoire.<\/span><\/p>\n<p>[\/et_pb_testimonial][\/et_pb_column][\/et_pb_row][et_pb_row _builder_version=\u00a0\u00bb4.16&Prime; custom_padding=\u00a0\u00bb14px|0px|0px|0px\u00a0\u00bb global_colors_info=\u00a0\u00bb{}\u00a0\u00bb][et_pb_column type=\u00a0\u00bb4_4&Prime; _builder_version=\u00a0\u00bb4.16&Prime; custom_padding=\u00a0\u00bb|||\u00a0\u00bb global_colors_info=\u00a0\u00bb{}\u00a0\u00bb custom_padding__hover=\u00a0\u00bb|||\u00a0\u00bb][et_pb_text _builder_version=\u00a0\u00bb4.16&Prime; global_colors_info=\u00a0\u00bb{}\u00a0\u00bb]<\/p>\n<blockquote>\n<h2><strong>POUR ALLER PLUS LOIN\u00a0<\/strong><\/h2>\n<\/blockquote>\n<p>[\/et_pb_text][\/et_pb_column][\/et_pb_row][et_pb_row _builder_version=\u00a0\u00bb4.16&Prime; global_colors_info=\u00a0\u00bb{}\u00a0\u00bb][et_pb_column type=\u00a0\u00bb4_4&Prime; _builder_version=\u00a0\u00bb4.16&Prime; custom_padding=\u00a0\u00bb|||\u00a0\u00bb global_colors_info=\u00a0\u00bb{}\u00a0\u00bb custom_padding__hover=\u00a0\u00bb|||\u00a0\u00bb][et_pb_accordion _builder_version=\u00a0\u00bb4.22.2&Prime; toggle_text_color=\u00a0\u00bb#14475a\u00a0\u00bb toggle_level=\u00a0\u00bbh3&Prime; toggle_font=\u00a0\u00bbOxygen|700||on|||||\u00a0\u00bb toggle_font_size=\u00a0\u00bb17px\u00a0\u00bb animation_style=\u00a0\u00bbfade\u00a0\u00bb locked=\u00a0\u00bboff\u00a0\u00bb global_colors_info=\u00a0\u00bb{}\u00a0\u00bb][et_pb_accordion_item title=\u00a0\u00bbHabitats &#038; march\u00e9s immobiliers\u00a0\u00bb open=\u00a0\u00bbon\u00a0\u00bb _builder_version=\u00a0\u00bb4.22.2&Prime; global_colors_info=\u00a0\u00bb{}\u00a0\u00bb]<\/p>\n<blockquote><\/blockquote>\n<p><strong>Observatoire R\u00e9unionnais de lutte contre l&rsquo;Habitat Indigne (ORHI)<\/strong><\/p>\n<blockquote>\n<p><strong><a href=\"http:\/\/www.agorah.com\/upload\/habitat\/AgorahScope-N1-Habitat-Indigne-09-10-2023-WEB.pdf\" target=\"_blank\" rel=\"noopener noreferrer\">2023 &#8211; Agorah&rsquo;Scope N\u00b01 &#8211; Observatoire R\u00e9unionnais de l&rsquo;Habitat Indigne &#8211; Plaquette<\/a><\/strong><\/p>\n<p><strong><a href=\"http:\/\/www.agorah.com\/upload\/habitat\/Livret-RHS-2022.pdf\" target=\"_blank\" rel=\"noopener noreferrer\">2022 &#8211; Matinale de l&rsquo;ORHI &#8211; L&rsquo;outil RHS &#8211; Visite des premi\u00e8res r\u00e9alisation &amp; op\u00e9rations en cours dans la commune de Saint-Paul &#8211; Livret<\/a><\/strong><\/p>\n<p><a href=\"..\/..\/upload\/habitat\/PLAQUETTE-OGRAL-light.pdf\" target=\"_blank\" rel=\"noopener noreferrer\"><strong>2020 &#8211; Op\u00e9ration Group\u00e9e d&rsquo;Am\u00e9lioration L\u00e9g\u00e8re (OGRAL), retour sur les op\u00e9rations men\u00e9es &#8211; Plaquette<\/strong><\/a><\/p>\n<p><a href=\"..\/..\/upload\/habitat\/plaquette%20orhi-light2019.pdf\"><strong>2019 &#8211; Observatoire R\u00e9unionnais de l&rsquo;Habitat Indigne &#8211; Plaquette<\/strong><\/a><\/p>\n<p><a href=\"..\/..\/upload\/habitat\/Plaquette-ORHI.pdf\"><strong>2018 &#8211;<\/strong> Observatoire R\u00e9unionnais de l&rsquo;Habitat Indigne &#8211; Plaquette<\/a><br \/><a href=\"..\/..\/upload\/habitat\/r\u00e9sultats_2016_ORHI.pdf\"><strong>2018 &#8211;<\/strong> Observatoire R\u00e9unionnais de l&rsquo;Habitat Indigne &#8211; Premiers r\u00e9sultats<\/a><br \/><span style=\"font-size: 14px;\"><strong>2017 &#8211;<\/strong> Guide m\u00e9thodologique pour le rep\u00e9rage de l\u2019habitat indigne et le suivi des actions de r\u00e9sorption &#8211; Partie 1 &#8211; <\/span><a href=\"..\/..\/upload\/habitat\/ORHI_GUIDE_PARTIE1.zip\" style=\"font-size: 14px;\"> T\u00e9l\u00e9charger au format ZIP<\/a><br \/><a href=\"..\/..\/upload\/habitat\/ORHI_GUIDE_FICHES_1A11.pdf\"><strong>2017 &#8211;<\/strong> Guide m\u00e9thodologique &#8211; Fiches techniques th\u00e9matiques &#8211; <\/a><br \/><a href=\"..\/..\/upload\/habitat\/ORHI_GUIDE_FICHES_1A11-WEB.zip\"> T\u00e9l\u00e9charger au format ZIP<\/a><br \/><a href=\"..\/..\/upload\/habitat\/GUIDE_ANNEXES.pdf\"><strong>2017 &#8211;<\/strong> Guide m\u00e9thodologique &#8211; Annexes &#8211; <\/a><br \/><a href=\"..\/..\/upload\/habitat\/GUIDE_ANNEXES.zip\"> T\u00e9l\u00e9charger au format ZIP<\/a><br \/><a href=\"..\/..\/upload\/habitat\/Livret_OHI_guide_methodologique_GT1.pdf\"><strong>2016 &#8211;<\/strong> Livret atelier n\u00b01 &#8211; Rep\u00e9rage de l\u2019habitat indigne et suivi des actions de r\u00e9sorption<\/a><br \/><a href=\"..\/..\/upload\/habitat\/Livret_OHI_guide_methodologique_GT2.pdf\"><strong>2016 &#8211;<\/strong> Livret atelier n\u00b02 &#8211; Rep\u00e9rage de l\u2019habitat indigne et suivi des actions de r\u00e9sorption<\/a><\/p>\n<p><strong>2015 &#8211; 2016<\/strong> &amp; \u00e9l\u00e9ments d&rsquo;analyse 1 <a href=\"..\/..\/upload\/habitat\/r\u00e9sultats_2016_ORHI.zip\"> T\u00e9l\u00e9charger au format ZIP<\/a><br \/><a href=\"..\/..\/upload\/habitat\/RepertoireLutteHabitatDegrade_2014.pdf\"><strong>2014 &#8211;<\/strong> R\u00e9pertoire de Lutte contre l&rsquo;Habitat D\u00e9grad\u00e9<\/a><\/p>\n<\/blockquote>\n<p><a href=\"..\/..\/upload\/habitat\/Bilan_FRAFU_2007-2013_20150209_V3.zip\"><\/a><\/p>\n<p>[\/et_pb_accordion_item][\/et_pb_accordion][\/et_pb_column][\/et_pb_row][\/et_pb_section]<\/p>\n","protected":false},"excerpt":{"rendered":"<p>L&rsquo;Observatoire R\u00e9unionnais de l\u2019Habitat Indigne (ORHI) L\u2019Observatoire R\u00e9unionnais de l\u2019Habitat Indigne (ORHI), cr\u00e9\u00e9 en 2015, c\u00e9l\u00e8bre cette ann\u00e9e ses dix ans d\u2019existence.\u00a0Il r\u00e9pond aux enjeux forts de connaissance des situations d\u2019indignit\u00e9 de l\u2019habitat et de suivi des actions d\u2019am\u00e9lioration et de r\u00e9sorption. Il s\u2019appuie sur les Plans Intercommunaux de Lutte contre l\u2019Habitat Indigne (PILHI ) [&hellip;]<\/p>\n","protected":false},"author":1,"featured_media":0,"parent":0,"menu_order":0,"comment_status":"closed","ping_status":"closed","template":"","meta":{"_et_pb_use_builder":"on","_et_pb_old_content":"","_et_gb_content_width":"","_monsterinsights_skip_tracking":false,"_monsterinsights_sitenote_active":false,"_monsterinsights_sitenote_note":"","_monsterinsights_sitenote_category":0,"footnotes":""},"yoast_head":"<!-- This site is optimized with the Yoast SEO plugin v23.2 - https:\/\/yoast.com\/wordpress\/plugins\/seo\/ -->\n<title>L&#039;Observatoire R\u00e9unionnais de l\u2019Habitat Indigne (ORHI) - AGORAH Agence d&#039;urbanisme de La R\u00e9union<\/title>\n<meta name=\"robots\" content=\"index, follow, max-snippet:-1, max-image-preview:large, max-video-preview:-1\" \/>\n<link rel=\"canonical\" href=\"https:\/\/www.agorah.com\/index.php\/lobservatoire-reunionnais-de-lhabitat-indigne-orhi\/\" \/>\n<meta property=\"og:locale\" content=\"fr_FR\" \/>\n<meta property=\"og:type\" content=\"article\" \/>\n<meta property=\"og:title\" content=\"L&#039;Observatoire R\u00e9unionnais de l\u2019Habitat Indigne (ORHI) - AGORAH Agence d&#039;urbanisme de La R\u00e9union\" \/>\n<meta property=\"og:description\" content=\"L&#039;Observatoire R\u00e9unionnais de l\u2019Habitat Indigne (ORHI) L\u2019Observatoire R\u00e9unionnais de l\u2019Habitat Indigne (ORHI), cr\u00e9\u00e9 en 2015, c\u00e9l\u00e8bre cette ann\u00e9e ses dix ans d\u2019existence.\u00a0Il r\u00e9pond aux enjeux forts de connaissance des situations d\u2019indignit\u00e9 de l\u2019habitat et de suivi des actions d\u2019am\u00e9lioration et de r\u00e9sorption. Il s\u2019appuie sur les Plans Intercommunaux de Lutte contre l\u2019Habitat Indigne (PILHI ) [&hellip;]\" \/>\n<meta property=\"og:url\" content=\"https:\/\/www.agorah.com\/index.php\/lobservatoire-reunionnais-de-lhabitat-indigne-orhi\/\" \/>\n<meta property=\"og:site_name\" content=\"AGORAH Agence d&#039;urbanisme de La R\u00e9union\" \/>\n<meta property=\"article:publisher\" content=\"https:\/\/www.facebook.com\/AgorahReunion\" \/>\n<meta property=\"article:modified_time\" content=\"2025-11-20T05:17:26+00:00\" \/>\n<meta name=\"twitter:card\" content=\"summary_large_image\" \/>\n<meta name=\"twitter:label1\" content=\"Dur\u00e9e de lecture estim\u00e9e\" \/>\n\t<meta name=\"twitter:data1\" content=\"6 minutes\" \/>\n<script type=\"application\/ld+json\" class=\"yoast-schema-graph\">{\"@context\":\"https:\/\/schema.org\",\"@graph\":[{\"@type\":\"WebPage\",\"@id\":\"https:\/\/www.agorah.com\/index.php\/lobservatoire-reunionnais-de-lhabitat-indigne-orhi\/\",\"url\":\"https:\/\/www.agorah.com\/index.php\/lobservatoire-reunionnais-de-lhabitat-indigne-orhi\/\",\"name\":\"L'Observatoire R\u00e9unionnais de l\u2019Habitat Indigne (ORHI) - AGORAH Agence d&#039;urbanisme de La R\u00e9union\",\"isPartOf\":{\"@id\":\"https:\/\/www.agorah.com\/#website\"},\"datePublished\":\"2020-03-27T04:59:25+00:00\",\"dateModified\":\"2025-11-20T05:17:26+00:00\",\"breadcrumb\":{\"@id\":\"https:\/\/www.agorah.com\/index.php\/lobservatoire-reunionnais-de-lhabitat-indigne-orhi\/#breadcrumb\"},\"inLanguage\":\"fr-FR\",\"potentialAction\":[{\"@type\":\"ReadAction\",\"target\":[\"https:\/\/www.agorah.com\/index.php\/lobservatoire-reunionnais-de-lhabitat-indigne-orhi\/\"]}]},{\"@type\":\"BreadcrumbList\",\"@id\":\"https:\/\/www.agorah.com\/index.php\/lobservatoire-reunionnais-de-lhabitat-indigne-orhi\/#breadcrumb\",\"itemListElement\":[{\"@type\":\"ListItem\",\"position\":1,\"name\":\"Accueil\",\"item\":\"https:\/\/www.agorah.com\/\"},{\"@type\":\"ListItem\",\"position\":2,\"name\":\"L&rsquo;Observatoire R\u00e9unionnais de l\u2019Habitat Indigne (ORHI)\"}]},{\"@type\":\"WebSite\",\"@id\":\"https:\/\/www.agorah.com\/#website\",\"url\":\"https:\/\/www.agorah.com\/\",\"name\":\"AGORAH Agence d'urbanisme de La R\u00e9union\",\"description\":\"AGORAH  Agence d&#039;urbanisme de La R\u00e9union\",\"publisher\":{\"@id\":\"https:\/\/www.agorah.com\/#organization\"},\"alternateName\":\"AGORAH\",\"potentialAction\":[{\"@type\":\"SearchAction\",\"target\":{\"@type\":\"EntryPoint\",\"urlTemplate\":\"https:\/\/www.agorah.com\/?s={search_term_string}\"},\"query-input\":\"required name=search_term_string\"}],\"inLanguage\":\"fr-FR\"},{\"@type\":\"Organization\",\"@id\":\"https:\/\/www.agorah.com\/#organization\",\"name\":\"AGORAH Agence d'urbanisme de La R\u00e9union\",\"alternateName\":\"AGORAH\",\"url\":\"https:\/\/www.agorah.com\/\",\"logo\":{\"@type\":\"ImageObject\",\"inLanguage\":\"fr-FR\",\"@id\":\"https:\/\/www.agorah.com\/#\/schema\/logo\/image\/\",\"url\":\"https:\/\/www.agorah.com\/wp-content\/uploads\/2020\/05\/LOGO-SITE-BASELINE-4.png\",\"contentUrl\":\"https:\/\/www.agorah.com\/wp-content\/uploads\/2020\/05\/LOGO-SITE-BASELINE-4.png\",\"width\":5111,\"height\":982,\"caption\":\"AGORAH Agence d'urbanisme de La R\u00e9union\"},\"image\":{\"@id\":\"https:\/\/www.agorah.com\/#\/schema\/logo\/image\/\"},\"sameAs\":[\"https:\/\/www.facebook.com\/AgorahReunion\",\"https:\/\/www.linkedin.com\/company\/agorah-agence-durbanisme--la-runion\/mycompany\/?viewAsMember=true\"]}]}<\/script>\n<!-- \/ Yoast SEO plugin. -->","yoast_head_json":{"title":"L'Observatoire R\u00e9unionnais de l\u2019Habitat Indigne (ORHI) - AGORAH Agence d&#039;urbanisme de La R\u00e9union","robots":{"index":"index","follow":"follow","max-snippet":"max-snippet:-1","max-image-preview":"max-image-preview:large","max-video-preview":"max-video-preview:-1"},"canonical":"https:\/\/www.agorah.com\/index.php\/lobservatoire-reunionnais-de-lhabitat-indigne-orhi\/","og_locale":"fr_FR","og_type":"article","og_title":"L'Observatoire R\u00e9unionnais de l\u2019Habitat Indigne (ORHI) - AGORAH Agence d&#039;urbanisme de La R\u00e9union","og_description":"L'Observatoire R\u00e9unionnais de l\u2019Habitat Indigne (ORHI) L\u2019Observatoire R\u00e9unionnais de l\u2019Habitat Indigne (ORHI), cr\u00e9\u00e9 en 2015, c\u00e9l\u00e8bre cette ann\u00e9e ses dix ans d\u2019existence.\u00a0Il r\u00e9pond aux enjeux forts de connaissance des situations d\u2019indignit\u00e9 de l\u2019habitat et de suivi des actions d\u2019am\u00e9lioration et de r\u00e9sorption. Il s\u2019appuie sur les Plans Intercommunaux de Lutte contre l\u2019Habitat Indigne (PILHI ) [&hellip;]","og_url":"https:\/\/www.agorah.com\/index.php\/lobservatoire-reunionnais-de-lhabitat-indigne-orhi\/","og_site_name":"AGORAH Agence d&#039;urbanisme de La R\u00e9union","article_publisher":"https:\/\/www.facebook.com\/AgorahReunion","article_modified_time":"2025-11-20T05:17:26+00:00","twitter_card":"summary_large_image","twitter_misc":{"Dur\u00e9e de lecture estim\u00e9e":"6 minutes"},"schema":{"@context":"https:\/\/schema.org","@graph":[{"@type":"WebPage","@id":"https:\/\/www.agorah.com\/index.php\/lobservatoire-reunionnais-de-lhabitat-indigne-orhi\/","url":"https:\/\/www.agorah.com\/index.php\/lobservatoire-reunionnais-de-lhabitat-indigne-orhi\/","name":"L'Observatoire R\u00e9unionnais de l\u2019Habitat Indigne (ORHI) - AGORAH Agence d&#039;urbanisme de La R\u00e9union","isPartOf":{"@id":"https:\/\/www.agorah.com\/#website"},"datePublished":"2020-03-27T04:59:25+00:00","dateModified":"2025-11-20T05:17:26+00:00","breadcrumb":{"@id":"https:\/\/www.agorah.com\/index.php\/lobservatoire-reunionnais-de-lhabitat-indigne-orhi\/#breadcrumb"},"inLanguage":"fr-FR","potentialAction":[{"@type":"ReadAction","target":["https:\/\/www.agorah.com\/index.php\/lobservatoire-reunionnais-de-lhabitat-indigne-orhi\/"]}]},{"@type":"BreadcrumbList","@id":"https:\/\/www.agorah.com\/index.php\/lobservatoire-reunionnais-de-lhabitat-indigne-orhi\/#breadcrumb","itemListElement":[{"@type":"ListItem","position":1,"name":"Accueil","item":"https:\/\/www.agorah.com\/"},{"@type":"ListItem","position":2,"name":"L&rsquo;Observatoire R\u00e9unionnais de l\u2019Habitat Indigne (ORHI)"}]},{"@type":"WebSite","@id":"https:\/\/www.agorah.com\/#website","url":"https:\/\/www.agorah.com\/","name":"AGORAH Agence d'urbanisme de La R\u00e9union","description":"AGORAH  Agence d&#039;urbanisme de La R\u00e9union","publisher":{"@id":"https:\/\/www.agorah.com\/#organization"},"alternateName":"AGORAH","potentialAction":[{"@type":"SearchAction","target":{"@type":"EntryPoint","urlTemplate":"https:\/\/www.agorah.com\/?s={search_term_string}"},"query-input":"required name=search_term_string"}],"inLanguage":"fr-FR"},{"@type":"Organization","@id":"https:\/\/www.agorah.com\/#organization","name":"AGORAH Agence d'urbanisme de La R\u00e9union","alternateName":"AGORAH","url":"https:\/\/www.agorah.com\/","logo":{"@type":"ImageObject","inLanguage":"fr-FR","@id":"https:\/\/www.agorah.com\/#\/schema\/logo\/image\/","url":"https:\/\/www.agorah.com\/wp-content\/uploads\/2020\/05\/LOGO-SITE-BASELINE-4.png","contentUrl":"https:\/\/www.agorah.com\/wp-content\/uploads\/2020\/05\/LOGO-SITE-BASELINE-4.png","width":5111,"height":982,"caption":"AGORAH Agence d'urbanisme de La R\u00e9union"},"image":{"@id":"https:\/\/www.agorah.com\/#\/schema\/logo\/image\/"},"sameAs":["https:\/\/www.facebook.com\/AgorahReunion","https:\/\/www.linkedin.com\/company\/agorah-agence-durbanisme--la-runion\/mycompany\/?viewAsMember=true"]}]}},"_links":{"self":[{"href":"https:\/\/www.agorah.com\/index.php\/wp-json\/wp\/v2\/pages\/940"}],"collection":[{"href":"https:\/\/www.agorah.com\/index.php\/wp-json\/wp\/v2\/pages"}],"about":[{"href":"https:\/\/www.agorah.com\/index.php\/wp-json\/wp\/v2\/types\/page"}],"author":[{"embeddable":true,"href":"https:\/\/www.agorah.com\/index.php\/wp-json\/wp\/v2\/users\/1"}],"replies":[{"embeddable":true,"href":"https:\/\/www.agorah.com\/index.php\/wp-json\/wp\/v2\/comments?post=940"}],"version-history":[{"count":5,"href":"https:\/\/www.agorah.com\/index.php\/wp-json\/wp\/v2\/pages\/940\/revisions"}],"predecessor-version":[{"id":4732,"href":"https:\/\/www.agorah.com\/index.php\/wp-json\/wp\/v2\/pages\/940\/revisions\/4732"}],"wp:attachment":[{"href":"https:\/\/www.agorah.com\/index.php\/wp-json\/wp\/v2\/media?parent=940"}],"curies":[{"name":"wp","href":"https:\/\/api.w.org\/{rel}","templated":true}]}}