{"id":959,"date":"2020-03-27T11:47:58","date_gmt":"2020-03-27T07:47:58","guid":{"rendered":"http:\/\/agorah.com\/?page_id=959"},"modified":"2025-06-18T14:07:21","modified_gmt":"2025-06-18T10:07:21","slug":"la-base-permanente-des-plu","status":"publish","type":"page","link":"https:\/\/www.agorah.com\/index.php\/la-base-permanente-des-plu\/","title":{"rendered":"La base permanente des PLU"},"content":{"rendered":"<p>[et_pb_section fb_built=\u00a0\u00bb1&Prime; fullwidth=\u00a0\u00bbon\u00a0\u00bb _builder_version=\u00a0\u00bb4.16&Prime; global_colors_info=\u00a0\u00bb{}\u00a0\u00bb][et_pb_fullwidth_image src=\u00a0\u00bbhttp:\/\/www.agorah.com\/wp-content\/uploads\/2020\/03\/JGHDF.png\u00a0\u00bb alt=\u00a0\u00bbBandeau-site\u00a0\u00bb title_text=\u00a0\u00bbBandeau-site\u00a0\u00bb _builder_version=\u00a0\u00bb4.24.0&Prime; global_colors_info=\u00a0\u00bb{}\u00a0\u00bb][\/et_pb_fullwidth_image][\/et_pb_section][et_pb_section fb_built=\u00a0\u00bb1&Prime; admin_label=\u00a0\u00bbsection\u00a0\u00bb _builder_version=\u00a0\u00bb4.16&Prime; global_colors_info=\u00a0\u00bb{}\u00a0\u00bb][et_pb_row admin_label=\u00a0\u00bbrow\u00a0\u00bb _builder_version=\u00a0\u00bb4.16&Prime; background_size=\u00a0\u00bbinitial\u00a0\u00bb background_position=\u00a0\u00bbtop_left\u00a0\u00bb background_repeat=\u00a0\u00bbrepeat\u00a0\u00bb global_colors_info=\u00a0\u00bb{}\u00a0\u00bb][et_pb_column type=\u00a0\u00bb4_4&Prime; _builder_version=\u00a0\u00bb4.16&Prime; custom_padding=\u00a0\u00bb|||\u00a0\u00bb global_colors_info=\u00a0\u00bb{}\u00a0\u00bb custom_padding__hover=\u00a0\u00bb|||\u00a0\u00bb][et_pb_text admin_label=\u00a0\u00bbText\u00a0\u00bb _builder_version=\u00a0\u00bb4.16&Prime; background_size=\u00a0\u00bbinitial\u00a0\u00bb background_position=\u00a0\u00bbtop_left\u00a0\u00bb background_repeat=\u00a0\u00bbrepeat\u00a0\u00bb global_colors_info=\u00a0\u00bb{}\u00a0\u00bb]\t\t\t\t[\/et_pb_text][\/et_pb_column][\/et_pb_row][et_pb_row _builder_version=\u00a0\u00bb4.16&Prime; custom_padding=\u00a0\u00bb18px|0px|0px|0px\u00a0\u00bb global_colors_info=\u00a0\u00bb{}\u00a0\u00bb][et_pb_column type=\u00a0\u00bb4_4&Prime; _builder_version=\u00a0\u00bb4.16&Prime; custom_padding=\u00a0\u00bb|||\u00a0\u00bb global_colors_info=\u00a0\u00bb{}\u00a0\u00bb custom_padding__hover=\u00a0\u00bb|||\u00a0\u00bb][et_pb_text _builder_version=\u00a0\u00bb4.16&Prime; global_colors_info=\u00a0\u00bb{}\u00a0\u00bb]<\/p>\n<blockquote>\n<h1 style=\"text-align: justify;\"><strong>La base permanente des PLU<\/strong><\/h1>\n<\/blockquote>\n<p style=\"text-align: justify;\">Le cadre juridique et institutionnel de la planification a \u00e9t\u00e9 profond\u00e9ment remani\u00e9 au cours de ces dix derni\u00e8res ann\u00e9es, afin d\u2019offrir une nouvelle donne aux documents d\u2019urbanisme. L\u2019enjeu majeur soutenu par ces mutations l\u00e9gislatives, est un int\u00e9r\u00eat g\u00e9n\u00e9ral de modernisation des documents d\u2019urbanisme par leur d\u00e9mat\u00e9rialisation. En effet, avec l\u2019av\u00e8nement des technologies de l\u2019information et de la communication, la communaut\u00e9 d\u2019utilisateurs des Syst\u00e8mes d\u2019Information G\u00e9ographique (SIG ) s\u2019\u00e9largit, se composant aujourd\u2019hui de professionnels et du grand public. Il s\u2019agit alors de rendre les documents d\u2019urbanisme accessibles \u00e0 tous (professionnels, administrations, citoyens\u2026).<\/p>\n<p style=\"text-align: justify;\">Ceci afin de r\u00e9pondre \u00e0 une perspective plus large visant la modernisation de l\u2019administration, notamment pour am\u00e9liorer l\u2019efficacit\u00e9 de l\u2019action administrative et la qualit\u00e9 de la gestion publique, am\u00e9liorer les services rendus aux citoyens, ou encore simplifier l\u2019organisation administrative de l\u2019\u00c9tat. Cependant, l\u2019h\u00e9t\u00e9rog\u00e9n\u00e9it\u00e9 des formats et des supports a mis en exergue les besoins d\u2019interop\u00e9rabilit\u00e9 et de mutualisation de la donn\u00e9e. Au regard de ces probl\u00e9matiques, des initiatives ont vu le jour afin de normaliser et de standardiser les donn\u00e9es num\u00e9riques, facilitant ainsi l\u2019accessibilit\u00e9 et le partage des donn\u00e9es g\u00e9ographiques. Au vu de ce contexte de modernisation des documents d\u2019urbanisme, les partenaires de l\u2019AGORAH lui ont confi\u00e9 depuis 2012, la r\u00e9alisation et la mise en oeuvre op\u00e9rationnelle d\u2019un r\u00e9f\u00e9rentiel g\u00e9ographique num\u00e9rique et normalis\u00e9 des documents d\u2019urbanisme [Plans d\u2019Occupation des Sols (POS) et Plans Locaux d\u2019Urbanisme (PLU)] en vigueur sur le territoire r\u00e9unionnais.<\/p>\n<p style=\"text-align: justify;\">D\u00e9nomm\u00e9e \u00ab Base permanente des POS\/PLU \u00bb, cette base de donn\u00e9es a \u00e9t\u00e9 constitu\u00e9e \u00e0 partir des donn\u00e9es cartographiques et des pi\u00e8ces constitutives inh\u00e9rentes \u00e0 chaque document d\u2019urbanisme, remises et valid\u00e9es par les communes.<\/p>\n<p>[\/et_pb_text][\/et_pb_column][\/et_pb_row][\/et_pb_section][et_pb_section fb_built=\u00a0\u00bb1&Prime; _builder_version=\u00a0\u00bb4.16&Prime; global_colors_info=\u00a0\u00bb{}\u00a0\u00bb][et_pb_row _builder_version=\u00a0\u00bb4.16&Prime; custom_padding=\u00a0\u00bb24px|0px|0px|0px\u00a0\u00bb global_colors_info=\u00a0\u00bb{}\u00a0\u00bb][et_pb_column type=\u00a0\u00bb4_4&Prime; _builder_version=\u00a0\u00bb4.16&Prime; custom_padding=\u00a0\u00bb|||\u00a0\u00bb global_colors_info=\u00a0\u00bb{}\u00a0\u00bb custom_padding__hover=\u00a0\u00bb|||\u00a0\u00bb][et_pb_text _builder_version=\u00a0\u00bb4.16&Prime; global_colors_info=\u00a0\u00bb{}\u00a0\u00bb]<\/p>\n<blockquote>\n<h1><strong>Chiffres cl\u00e9s<\/strong><\/h1>\n<\/blockquote>\n<p>[\/et_pb_text][\/et_pb_column][\/et_pb_row][et_pb_row column_structure=\u00a0\u00bb1_3,1_3,1_3&Prime; _builder_version=\u00a0\u00bb4.16&Prime; custom_padding=\u00a0\u00bb0px|0px|44px|0px\u00a0\u00bb global_colors_info=\u00a0\u00bb{}\u00a0\u00bb][et_pb_column type=\u00a0\u00bb1_3&Prime; _builder_version=\u00a0\u00bb4.16&Prime; custom_padding=\u00a0\u00bb|||\u00a0\u00bb global_colors_info=\u00a0\u00bb{}\u00a0\u00bb custom_padding__hover=\u00a0\u00bb|||\u00a0\u00bb][et_pb_number_counter title=\u00a0\u00bbdu territoire r\u00e9unionnais est couvert par un SCoT\u00a0\u00bb number=\u00a0\u00bb71&Prime; _builder_version=\u00a0\u00bb4.16&Prime; title_font=\u00a0\u00bbRoboto Condensed|700|||||||\u00a0\u00bb number_font=\u00a0\u00bbRoboto Condensed|700|||||||\u00a0\u00bb locked=\u00a0\u00bboff\u00a0\u00bb global_colors_info=\u00a0\u00bb{}\u00a0\u00bb][\/et_pb_number_counter][\/et_pb_column][et_pb_column type=\u00a0\u00bb1_3&Prime; _builder_version=\u00a0\u00bb4.16&Prime; custom_padding=\u00a0\u00bb|||\u00a0\u00bb global_colors_info=\u00a0\u00bb{}\u00a0\u00bb custom_padding__hover=\u00a0\u00bb|||\u00a0\u00bb][et_pb_number_counter title=\u00a0\u00bbdes 24 communes sont couvertes par un PLU compatible au SAR de 2011&Prime; number=\u00a0\u00bb17&Prime; percent_sign=\u00a0\u00bboff\u00a0\u00bb _builder_version=\u00a0\u00bb4.16&Prime; title_font=\u00a0\u00bbRoboto Condensed|700|||||||\u00a0\u00bb number_font=\u00a0\u00bbRoboto Condensed|700|||||||\u00a0\u00bb locked=\u00a0\u00bboff\u00a0\u00bb global_colors_info=\u00a0\u00bb{}\u00a0\u00bb][\/et_pb_number_counter][\/et_pb_column][et_pb_column type=\u00a0\u00bb1_3&Prime; _builder_version=\u00a0\u00bb4.16&Prime; custom_padding=\u00a0\u00bb|||\u00a0\u00bb global_colors_info=\u00a0\u00bb{}\u00a0\u00bb custom_padding__hover=\u00a0\u00bb|||\u00a0\u00bb][et_pb_number_counter title=\u00a0\u00bbHA  d&rsquo;extensions urbaines dans les documents d&rsquo;urbanisme entre 2011 et 2020&Prime; number=\u00a0\u00bb500&Prime; percent_sign=\u00a0\u00bboff\u00a0\u00bb _builder_version=\u00a0\u00bb4.16&Prime; title_font=\u00a0\u00bbRoboto Condensed|700|||||||\u00a0\u00bb number_font=\u00a0\u00bbRoboto Condensed|700|||||||\u00a0\u00bb locked=\u00a0\u00bboff\u00a0\u00bb global_colors_info=\u00a0\u00bb{}\u00a0\u00bb][\/et_pb_number_counter][\/et_pb_column][\/et_pb_row][et_pb_row _builder_version=\u00a0\u00bb4.16&Prime; global_colors_info=\u00a0\u00bb{}\u00a0\u00bb][et_pb_column type=\u00a0\u00bb4_4&Prime; _builder_version=\u00a0\u00bb4.16&Prime; custom_padding=\u00a0\u00bb|||\u00a0\u00bb global_colors_info=\u00a0\u00bb{}\u00a0\u00bb custom_padding__hover=\u00a0\u00bb|||\u00a0\u00bb][et_pb_testimonial author=\u00a0\u00bbGr\u00e9gory JEANNE\u00a0\u00bb job_title=\u00a0\u00bbCharg\u00e9 d&rsquo;\u00e9tudes Urbanisme r\u00e9glementaire\u00a0\u00bb company_name=\u00a0\u00bbAGORAH\u00a0\u00bb portrait_url=\u00a0\u00bbhttp:\/\/www.agorah.com\/wp-content\/uploads\/2020\/07\/gregory.jpg\u00a0\u00bb portrait_width=\u00a0\u00bb110px\u00a0\u00bb portrait_height=\u00a0\u00bb110px\u00a0\u00bb _builder_version=\u00a0\u00bb4.22.1&Prime; background_color=\u00a0\u00bbrgba(76,76,76,0.25)\u00a0\u00bb text_orientation=\u00a0\u00bbjustified\u00a0\u00bb border_width_all_portrait=\u00a0\u00bb3px\u00a0\u00bb border_color_all_portrait=\u00a0\u00bb#ffffff\u00a0\u00bb locked=\u00a0\u00bboff\u00a0\u00bb global_colors_info=\u00a0\u00bb{}\u00a0\u00bb]<\/p>\n<p><strong><span style=\"color: #000000;\"><a href=\"mailto:techer@agorah.com\" style=\"color: #000000;\">jeanne@agorah.com<\/a><\/span><\/strong>\u00a0\/ Ayant acquis une solide exp\u00e9rience en am\u00e9nagement du territoire au sein d\u2019une Chambre consulaire, Gr\u00e9gory JEANNE a r\u00e9cemment int\u00e9gr\u00e9 les rangs de l\u2019AGORAH en tant que charg\u00e9 de mission en urbanisme r\u00e9glementaire. Il est amen\u00e9 \u00e0 r\u00e9aliser de nombreuses \u00e9tudes et autres analyses sur le rapport de compatibilit\u00e9 entre les diff\u00e9rents documents d\u2019urbanisme et autres sch\u00e9mas de planification. R\u00e9f\u00e9rent sur les Plans Locaux d\u2019urbanisme au sein de l\u2019agence, il est en charge de la correspondance avec les collectivit\u00e9s dans le suivi de l\u2019\u00e9volution des PLU. Il assure \u00e9galement la veille r\u00e9glementaire sur les \u00e9volutions des politiques publiques d\u2019am\u00e9nagement du territoire.<\/p>\n<p>[\/et_pb_testimonial][\/et_pb_column][\/et_pb_row][et_pb_row _builder_version=\u00a0\u00bb4.16&Prime; global_colors_info=\u00a0\u00bb{}\u00a0\u00bb][et_pb_column type=\u00a0\u00bb4_4&Prime; _builder_version=\u00a0\u00bb4.16&Prime; custom_padding=\u00a0\u00bb|||\u00a0\u00bb global_colors_info=\u00a0\u00bb{}\u00a0\u00bb custom_padding__hover=\u00a0\u00bb|||\u00a0\u00bb][et_pb_image align_tablet=\u00a0\u00bbcenter\u00a0\u00bb align_phone=\u00a0\u00bbcenter\u00a0\u00bb align_last_edited=\u00a0\u00bbon|desktop\u00a0\u00bb _builder_version=\u00a0\u00bb4.16&Prime; global_colors_info=\u00a0\u00bb{}\u00a0\u00bb][\/et_pb_image][\/et_pb_column][\/et_pb_row][\/et_pb_section][et_pb_section fb_built=\u00a0\u00bb1&Prime; _builder_version=\u00a0\u00bb4.16&Prime; global_colors_info=\u00a0\u00bb{}\u00a0\u00bb][et_pb_row _builder_version=\u00a0\u00bb4.16&Prime; global_colors_info=\u00a0\u00bb{}\u00a0\u00bb][et_pb_column type=\u00a0\u00bb4_4&Prime; _builder_version=\u00a0\u00bb4.16&Prime; custom_padding=\u00a0\u00bb|||\u00a0\u00bb global_colors_info=\u00a0\u00bb{}\u00a0\u00bb custom_padding__hover=\u00a0\u00bb|||\u00a0\u00bb][et_pb_text _builder_version=\u00a0\u00bb4.16&Prime; global_colors_info=\u00a0\u00bb{}\u00a0\u00bb]<\/p>\n<blockquote>\n<h2><strong>Carte r\u00e9gl\u00e9mentaire des PLU de La R\u00e9union<\/strong><\/h2>\n<\/blockquote>\n<p>[\/et_pb_text][\/et_pb_column][\/et_pb_row][\/et_pb_section][et_pb_section fb_built=\u00a0\u00bb1&Prime; theme_builder_area=\u00a0\u00bbpost_content\u00a0\u00bb _builder_version=\u00a0\u00bb4.27.4&Prime; _module_preset=\u00a0\u00bbdefault\u00a0\u00bb min_height=\u00a0\u00bb589px\u00a0\u00bb][et_pb_row _builder_version=\u00a0\u00bb4.27.4&Prime; _module_preset=\u00a0\u00bbdefault\u00a0\u00bb theme_builder_area=\u00a0\u00bbpost_content\u00a0\u00bb][et_pb_column _builder_version=\u00a0\u00bb4.27.4&Prime; _module_preset=\u00a0\u00bbdefault\u00a0\u00bb theme_builder_area=\u00a0\u00bbpost_content\u00a0\u00bb type=\u00a0\u00bb4_4&Prime;][et_pb_image src=\u00a0\u00bbhttp:\/\/www.agorah.com\/wp-content\/uploads\/2025\/06\/ILLUSTRATION-PEIGEO.jpg\u00a0\u00bb _builder_version=\u00a0\u00bb4.27.4&Prime; _module_preset=\u00a0\u00bbdefault\u00a0\u00bb theme_builder_area=\u00a0\u00bbpost_content\u00a0\u00bb hover_enabled=\u00a0\u00bb0&Prime; sticky_enabled=\u00a0\u00bb0&Prime; align=\u00a0\u00bbcenter\u00a0\u00bb url=\u00a0\u00bbhttp:\/\/peigeo.re:8080\/map\/leaflet\/POS_PLU.html\u00a0\u00bb][\/et_pb_image][\/et_pb_column][\/et_pb_row][\/et_pb_section]<\/p>\n","protected":false},"excerpt":{"rendered":"<p>La base permanente des PLU Le cadre juridique et institutionnel de la planification a \u00e9t\u00e9 profond\u00e9ment remani\u00e9 au cours de ces dix derni\u00e8res ann\u00e9es, afin d\u2019offrir une nouvelle donne aux documents d\u2019urbanisme. L\u2019enjeu majeur soutenu par ces mutations l\u00e9gislatives, est un int\u00e9r\u00eat g\u00e9n\u00e9ral de modernisation des documents d\u2019urbanisme par leur d\u00e9mat\u00e9rialisation. En effet, avec l\u2019av\u00e8nement [&hellip;]<\/p>\n","protected":false},"author":1,"featured_media":0,"parent":0,"menu_order":0,"comment_status":"closed","ping_status":"closed","template":"","meta":{"_et_pb_use_builder":"on","_et_pb_old_content":"","_et_gb_content_width":"","_monsterinsights_skip_tracking":false,"_monsterinsights_sitenote_active":false,"_monsterinsights_sitenote_note":"","_monsterinsights_sitenote_category":0,"footnotes":""},"yoast_head":"<!-- This site is optimized with the Yoast SEO plugin v23.2 - https:\/\/yoast.com\/wordpress\/plugins\/seo\/ -->\n<title>La base permanente des PLU - AGORAH Agence d&#039;urbanisme de La R\u00e9union<\/title>\n<meta name=\"robots\" content=\"index, follow, max-snippet:-1, max-image-preview:large, max-video-preview:-1\" \/>\n<link rel=\"canonical\" href=\"https:\/\/www.agorah.com\/index.php\/la-base-permanente-des-plu\/\" \/>\n<meta property=\"og:locale\" content=\"fr_FR\" \/>\n<meta property=\"og:type\" content=\"article\" \/>\n<meta property=\"og:title\" content=\"La base permanente des PLU - AGORAH Agence d&#039;urbanisme de La R\u00e9union\" \/>\n<meta property=\"og:description\" content=\"La base permanente des PLU Le cadre juridique et institutionnel de la planification a \u00e9t\u00e9 profond\u00e9ment remani\u00e9 au cours de ces dix derni\u00e8res ann\u00e9es, afin d\u2019offrir une nouvelle donne aux documents d\u2019urbanisme. L\u2019enjeu majeur soutenu par ces mutations l\u00e9gislatives, est un int\u00e9r\u00eat g\u00e9n\u00e9ral de modernisation des documents d\u2019urbanisme par leur d\u00e9mat\u00e9rialisation. En effet, avec l\u2019av\u00e8nement [&hellip;]\" \/>\n<meta property=\"og:url\" content=\"https:\/\/www.agorah.com\/index.php\/la-base-permanente-des-plu\/\" \/>\n<meta property=\"og:site_name\" content=\"AGORAH Agence d&#039;urbanisme de La R\u00e9union\" \/>\n<meta property=\"article:publisher\" content=\"https:\/\/www.facebook.com\/AgorahReunion\" \/>\n<meta property=\"article:modified_time\" content=\"2025-06-18T10:07:21+00:00\" \/>\n<meta name=\"twitter:card\" content=\"summary_large_image\" \/>\n<meta name=\"twitter:label1\" content=\"Dur\u00e9e de lecture estim\u00e9e\" \/>\n\t<meta name=\"twitter:data1\" content=\"6 minutes\" \/>\n<script type=\"application\/ld+json\" class=\"yoast-schema-graph\">{\"@context\":\"https:\/\/schema.org\",\"@graph\":[{\"@type\":\"WebPage\",\"@id\":\"https:\/\/www.agorah.com\/index.php\/la-base-permanente-des-plu\/\",\"url\":\"https:\/\/www.agorah.com\/index.php\/la-base-permanente-des-plu\/\",\"name\":\"La base permanente des PLU - AGORAH Agence d&#039;urbanisme de La R\u00e9union\",\"isPartOf\":{\"@id\":\"https:\/\/www.agorah.com\/#website\"},\"datePublished\":\"2020-03-27T07:47:58+00:00\",\"dateModified\":\"2025-06-18T10:07:21+00:00\",\"breadcrumb\":{\"@id\":\"https:\/\/www.agorah.com\/index.php\/la-base-permanente-des-plu\/#breadcrumb\"},\"inLanguage\":\"fr-FR\",\"potentialAction\":[{\"@type\":\"ReadAction\",\"target\":[\"https:\/\/www.agorah.com\/index.php\/la-base-permanente-des-plu\/\"]}]},{\"@type\":\"BreadcrumbList\",\"@id\":\"https:\/\/www.agorah.com\/index.php\/la-base-permanente-des-plu\/#breadcrumb\",\"itemListElement\":[{\"@type\":\"ListItem\",\"position\":1,\"name\":\"Accueil\",\"item\":\"https:\/\/www.agorah.com\/\"},{\"@type\":\"ListItem\",\"position\":2,\"name\":\"La base permanente des PLU\"}]},{\"@type\":\"WebSite\",\"@id\":\"https:\/\/www.agorah.com\/#website\",\"url\":\"https:\/\/www.agorah.com\/\",\"name\":\"AGORAH Agence d'urbanisme de La R\u00e9union\",\"description\":\"AGORAH  Agence d&#039;urbanisme de La R\u00e9union\",\"publisher\":{\"@id\":\"https:\/\/www.agorah.com\/#organization\"},\"alternateName\":\"AGORAH\",\"potentialAction\":[{\"@type\":\"SearchAction\",\"target\":{\"@type\":\"EntryPoint\",\"urlTemplate\":\"https:\/\/www.agorah.com\/?s={search_term_string}\"},\"query-input\":\"required name=search_term_string\"}],\"inLanguage\":\"fr-FR\"},{\"@type\":\"Organization\",\"@id\":\"https:\/\/www.agorah.com\/#organization\",\"name\":\"AGORAH Agence d'urbanisme de La R\u00e9union\",\"alternateName\":\"AGORAH\",\"url\":\"https:\/\/www.agorah.com\/\",\"logo\":{\"@type\":\"ImageObject\",\"inLanguage\":\"fr-FR\",\"@id\":\"https:\/\/www.agorah.com\/#\/schema\/logo\/image\/\",\"url\":\"https:\/\/www.agorah.com\/wp-content\/uploads\/2020\/05\/LOGO-SITE-BASELINE-4.png\",\"contentUrl\":\"https:\/\/www.agorah.com\/wp-content\/uploads\/2020\/05\/LOGO-SITE-BASELINE-4.png\",\"width\":5111,\"height\":982,\"caption\":\"AGORAH Agence d'urbanisme de La R\u00e9union\"},\"image\":{\"@id\":\"https:\/\/www.agorah.com\/#\/schema\/logo\/image\/\"},\"sameAs\":[\"https:\/\/www.facebook.com\/AgorahReunion\",\"https:\/\/www.linkedin.com\/company\/agorah-agence-durbanisme--la-runion\/mycompany\/?viewAsMember=true\"]}]}<\/script>\n<!-- \/ Yoast SEO plugin. -->","yoast_head_json":{"title":"La base permanente des PLU - AGORAH Agence d&#039;urbanisme de La R\u00e9union","robots":{"index":"index","follow":"follow","max-snippet":"max-snippet:-1","max-image-preview":"max-image-preview:large","max-video-preview":"max-video-preview:-1"},"canonical":"https:\/\/www.agorah.com\/index.php\/la-base-permanente-des-plu\/","og_locale":"fr_FR","og_type":"article","og_title":"La base permanente des PLU - AGORAH Agence d&#039;urbanisme de La R\u00e9union","og_description":"La base permanente des PLU Le cadre juridique et institutionnel de la planification a \u00e9t\u00e9 profond\u00e9ment remani\u00e9 au cours de ces dix derni\u00e8res ann\u00e9es, afin d\u2019offrir une nouvelle donne aux documents d\u2019urbanisme. L\u2019enjeu majeur soutenu par ces mutations l\u00e9gislatives, est un int\u00e9r\u00eat g\u00e9n\u00e9ral de modernisation des documents d\u2019urbanisme par leur d\u00e9mat\u00e9rialisation. En effet, avec l\u2019av\u00e8nement [&hellip;]","og_url":"https:\/\/www.agorah.com\/index.php\/la-base-permanente-des-plu\/","og_site_name":"AGORAH Agence d&#039;urbanisme de La R\u00e9union","article_publisher":"https:\/\/www.facebook.com\/AgorahReunion","article_modified_time":"2025-06-18T10:07:21+00:00","twitter_card":"summary_large_image","twitter_misc":{"Dur\u00e9e de lecture estim\u00e9e":"6 minutes"},"schema":{"@context":"https:\/\/schema.org","@graph":[{"@type":"WebPage","@id":"https:\/\/www.agorah.com\/index.php\/la-base-permanente-des-plu\/","url":"https:\/\/www.agorah.com\/index.php\/la-base-permanente-des-plu\/","name":"La base permanente des PLU - AGORAH Agence d&#039;urbanisme de La R\u00e9union","isPartOf":{"@id":"https:\/\/www.agorah.com\/#website"},"datePublished":"2020-03-27T07:47:58+00:00","dateModified":"2025-06-18T10:07:21+00:00","breadcrumb":{"@id":"https:\/\/www.agorah.com\/index.php\/la-base-permanente-des-plu\/#breadcrumb"},"inLanguage":"fr-FR","potentialAction":[{"@type":"ReadAction","target":["https:\/\/www.agorah.com\/index.php\/la-base-permanente-des-plu\/"]}]},{"@type":"BreadcrumbList","@id":"https:\/\/www.agorah.com\/index.php\/la-base-permanente-des-plu\/#breadcrumb","itemListElement":[{"@type":"ListItem","position":1,"name":"Accueil","item":"https:\/\/www.agorah.com\/"},{"@type":"ListItem","position":2,"name":"La base permanente des PLU"}]},{"@type":"WebSite","@id":"https:\/\/www.agorah.com\/#website","url":"https:\/\/www.agorah.com\/","name":"AGORAH Agence d'urbanisme de La R\u00e9union","description":"AGORAH  Agence d&#039;urbanisme de La R\u00e9union","publisher":{"@id":"https:\/\/www.agorah.com\/#organization"},"alternateName":"AGORAH","potentialAction":[{"@type":"SearchAction","target":{"@type":"EntryPoint","urlTemplate":"https:\/\/www.agorah.com\/?s={search_term_string}"},"query-input":"required name=search_term_string"}],"inLanguage":"fr-FR"},{"@type":"Organization","@id":"https:\/\/www.agorah.com\/#organization","name":"AGORAH Agence d'urbanisme de La R\u00e9union","alternateName":"AGORAH","url":"https:\/\/www.agorah.com\/","logo":{"@type":"ImageObject","inLanguage":"fr-FR","@id":"https:\/\/www.agorah.com\/#\/schema\/logo\/image\/","url":"https:\/\/www.agorah.com\/wp-content\/uploads\/2020\/05\/LOGO-SITE-BASELINE-4.png","contentUrl":"https:\/\/www.agorah.com\/wp-content\/uploads\/2020\/05\/LOGO-SITE-BASELINE-4.png","width":5111,"height":982,"caption":"AGORAH Agence d'urbanisme de La R\u00e9union"},"image":{"@id":"https:\/\/www.agorah.com\/#\/schema\/logo\/image\/"},"sameAs":["https:\/\/www.facebook.com\/AgorahReunion","https:\/\/www.linkedin.com\/company\/agorah-agence-durbanisme--la-runion\/mycompany\/?viewAsMember=true"]}]}},"_links":{"self":[{"href":"https:\/\/www.agorah.com\/index.php\/wp-json\/wp\/v2\/pages\/959"}],"collection":[{"href":"https:\/\/www.agorah.com\/index.php\/wp-json\/wp\/v2\/pages"}],"about":[{"href":"https:\/\/www.agorah.com\/index.php\/wp-json\/wp\/v2\/types\/page"}],"author":[{"embeddable":true,"href":"https:\/\/www.agorah.com\/index.php\/wp-json\/wp\/v2\/users\/1"}],"replies":[{"embeddable":true,"href":"https:\/\/www.agorah.com\/index.php\/wp-json\/wp\/v2\/comments?post=959"}],"version-history":[{"count":9,"href":"https:\/\/www.agorah.com\/index.php\/wp-json\/wp\/v2\/pages\/959\/revisions"}],"predecessor-version":[{"id":4466,"href":"https:\/\/www.agorah.com\/index.php\/wp-json\/wp\/v2\/pages\/959\/revisions\/4466"}],"wp:attachment":[{"href":"https:\/\/www.agorah.com\/index.php\/wp-json\/wp\/v2\/media?parent=959"}],"curies":[{"name":"wp","href":"https:\/\/api.w.org\/{rel}","templated":true}]}}