{"id":977,"date":"2020-03-30T11:05:36","date_gmt":"2020-03-30T07:05:36","guid":{"rendered":"http:\/\/agorah.com\/?page_id=977"},"modified":"2025-10-01T09:44:37","modified_gmt":"2025-10-01T05:44:37","slug":"la-base-des-equipements","status":"publish","type":"page","link":"https:\/\/www.agorah.com\/index.php\/la-base-des-equipements\/","title":{"rendered":"La base des \u00e9quipements"},"content":{"rendered":"<p>[et_pb_section fb_built=\u00a0\u00bb1&Prime; fullwidth=\u00a0\u00bbon\u00a0\u00bb _builder_version=\u00a0\u00bb4.16&Prime; global_colors_info=\u00a0\u00bb{}\u00a0\u00bb][et_pb_fullwidth_image src=\u00a0\u00bbhttp:\/\/www.agorah.com\/wp-content\/uploads\/2020\/03\/JGHDF.png\u00a0\u00bb alt=\u00a0\u00bbBandeau-site\u00a0\u00bb title_text=\u00a0\u00bbBandeau-site\u00a0\u00bb _builder_version=\u00a0\u00bb4.24.0&Prime; global_colors_info=\u00a0\u00bb{}\u00a0\u00bb][\/et_pb_fullwidth_image][\/et_pb_section][et_pb_section fb_built=\u00a0\u00bb1&Prime; _builder_version=\u00a0\u00bb4.16&Prime; global_colors_info=\u00a0\u00bb{}\u00a0\u00bb][et_pb_row _builder_version=\u00a0\u00bb4.16&Prime; global_colors_info=\u00a0\u00bb{}\u00a0\u00bb][et_pb_column type=\u00a0\u00bb4_4&Prime; _builder_version=\u00a0\u00bb4.16&Prime; custom_padding=\u00a0\u00bb|||\u00a0\u00bb global_colors_info=\u00a0\u00bb{}\u00a0\u00bb custom_padding__hover=\u00a0\u00bb|||\u00a0\u00bb][et_pb_text _builder_version=\u00a0\u00bb4.16&Prime; global_colors_info=\u00a0\u00bb{}\u00a0\u00bb]<\/p>\n<blockquote>\n<h1 style=\"text-align: justify;\"><strong>L&rsquo;Observatoire R\u00e9unionnais des \u00e9quipements<\/strong><\/h1>\n<\/blockquote>\n<p style=\"text-align: justify;\">En 2001, l\u2019AGORAH lance sa premi\u00e8re base des \u00e9quipements publics de La R\u00e9union. Il s\u2019agit alors de localiser et cartographier les \u00e9quipements puis de les classer dans les diff\u00e9rents th\u00e8mes et sous-th\u00e8mes d\u2019une nomenclature \u00e9labor\u00e9e en amont. Ces cartographies sont associ\u00e9es \u00e0 un fichier pr\u00e9cisant des informations compl\u00e9mentaires sur les \u00e9quipements, l\u2019adresse par exemple.<\/p>\n<p style=\"text-align: justify;\">La localisation des \u00e9quipements a pu se faire gr\u00e2ce \u00e0 un travail en \u00e9troite collaboration avec les Mairies et leurs services comp\u00e9tents en la mati\u00e8re (Service Urbanisme\/ Am\u00e9nagement ou Foncier, Services Techniques, \u2026). D\u2019autres structures ont parfois \u00e9t\u00e9 sollicit\u00e9es afin de compl\u00e9ter les informations manquantes (ARS, Conseil D\u00e9partemental, R\u00e9gion R\u00e9union,etc.)<\/p>\n<p style=\"text-align: justify;\">Une premi\u00e8re mise \u00e0 jour compl\u00e8te de cette base a eu lieu en 2005 et la derni\u00e8re mise \u00e0 jour de la base de donn\u00e9es a \u00e9t\u00e9 effectu\u00e9e en 2016. Une mise \u00e0 jour compl\u00e8te est pr\u00e9vue pour 2020. Ainsi donc, l\u2019AGORAH propose cette ann\u00e9e \u00e0 ses partenaires dans le cadre de l\u2019observatoire une comparaison du taux d\u2019\u00e9quipement \u00e0 La R\u00e9union par rapport aux autres r\u00e9gions fran\u00e7aises. Ce travail men\u00e9 dans un cadre partenarial, permet notamment d\u2019estimer les efforts restant \u00e0 r\u00e9aliser sur chacune des typologies d\u2019\u00e9quipement pour offrir \u00e0 la population r\u00e9unionnaise un niveau de service comparable aux autres r\u00e9gions fran\u00e7aises.<\/p>\n<p>[\/et_pb_text][\/et_pb_column][\/et_pb_row][et_pb_row _builder_version=\u00a0\u00bb4.16&Prime; custom_padding=\u00a0\u00bb9px|0px|0px|0px\u00a0\u00bb global_colors_info=\u00a0\u00bb{}\u00a0\u00bb][et_pb_column type=\u00a0\u00bb4_4&Prime; _builder_version=\u00a0\u00bb4.16&Prime; custom_padding=\u00a0\u00bb|||\u00a0\u00bb global_colors_info=\u00a0\u00bb{}\u00a0\u00bb custom_padding__hover=\u00a0\u00bb|||\u00a0\u00bb][et_pb_text _builder_version=\u00a0\u00bb4.16&Prime; global_colors_info=\u00a0\u00bb{}\u00a0\u00bb]<\/p>\n<blockquote>\n<h2><strong>Chiffres cl\u00e9s<\/strong><\/h2>\n<\/blockquote>\n<p>[\/et_pb_text][\/et_pb_column][\/et_pb_row][\/et_pb_section][et_pb_section fb_built=\u00a0\u00bb1&Prime; _builder_version=\u00a0\u00bb4.16&Prime; custom_padding=\u00a0\u00bb||55px|||\u00a0\u00bb global_colors_info=\u00a0\u00bb{}\u00a0\u00bb][et_pb_row column_structure=\u00a0\u00bb1_3,1_3,1_3&Prime; _builder_version=\u00a0\u00bb4.16&Prime; custom_padding=\u00a0\u00bb0px|0px|41px|0px\u00a0\u00bb global_colors_info=\u00a0\u00bb{}\u00a0\u00bb][et_pb_column type=\u00a0\u00bb1_3&Prime; _builder_version=\u00a0\u00bb4.16&Prime; custom_padding=\u00a0\u00bb|||\u00a0\u00bb global_colors_info=\u00a0\u00bb{}\u00a0\u00bb custom_padding__hover=\u00a0\u00bb|||\u00a0\u00bb][et_pb_number_counter title=\u00a0\u00bb\u00e8me r\u00e9gion Fran\u00e7aise la plus dynamique en mati\u00e8re de cr\u00e9ation d&rsquo;\u00e9quipements\u00a0\u00bb number=\u00a0\u00bb3&Prime; percent_sign=\u00a0\u00bboff\u00a0\u00bb _builder_version=\u00a0\u00bb4.16&Prime; title_font=\u00a0\u00bbRoboto Condensed|700|||||||\u00a0\u00bb number_font=\u00a0\u00bbRoboto Condensed|700|||||||\u00a0\u00bb locked=\u00a0\u00bboff\u00a0\u00bb global_colors_info=\u00a0\u00bb{}\u00a0\u00bb][\/et_pb_number_counter][\/et_pb_column][et_pb_column type=\u00a0\u00bb1_3&Prime; _builder_version=\u00a0\u00bb4.16&Prime; custom_padding=\u00a0\u00bb|||\u00a0\u00bb global_colors_info=\u00a0\u00bb{}\u00a0\u00bb custom_padding__hover=\u00a0\u00bb|||\u00a0\u00bb][et_pb_number_counter title=\u00a0\u00bbd&rsquo;\u00e9quipements suppl\u00e9mentaires cr\u00e9\u00e9s entre 2005 et 2016&Prime; number=\u00a0\u00bb16&Prime; _builder_version=\u00a0\u00bb4.16&Prime; title_font=\u00a0\u00bbRoboto Condensed|700|||||||\u00a0\u00bb number_font=\u00a0\u00bbRoboto Condensed|700|||||||\u00a0\u00bb locked=\u00a0\u00bboff\u00a0\u00bb global_colors_info=\u00a0\u00bb{}\u00a0\u00bb][\/et_pb_number_counter][\/et_pb_column][et_pb_column type=\u00a0\u00bb1_3&Prime; _builder_version=\u00a0\u00bb4.16&Prime; custom_padding=\u00a0\u00bb|||\u00a0\u00bb global_colors_info=\u00a0\u00bb{}\u00a0\u00bb custom_padding__hover=\u00a0\u00bb|||\u00a0\u00bb][et_pb_number_counter title=\u00a0\u00bbdes \u00e9quipements localis\u00e9s dans les Bas\u00a0\u00bb number=\u00a0\u00bb68&Prime; _builder_version=\u00a0\u00bb4.16&Prime; title_font=\u00a0\u00bbRoboto Condensed|700|||||||\u00a0\u00bb number_font=\u00a0\u00bbRoboto Condensed|700|||||||\u00a0\u00bb locked=\u00a0\u00bboff\u00a0\u00bb global_colors_info=\u00a0\u00bb{}\u00a0\u00bb][\/et_pb_number_counter][\/et_pb_column][\/et_pb_row][et_pb_row _builder_version=\u00a0\u00bb4.16&Prime; custom_padding=\u00a0\u00bb0px|0px|23px|0px\u00a0\u00bb global_colors_info=\u00a0\u00bb{}\u00a0\u00bb][et_pb_column type=\u00a0\u00bb4_4&Prime; _builder_version=\u00a0\u00bb4.16&Prime; custom_padding=\u00a0\u00bb|||\u00a0\u00bb global_colors_info=\u00a0\u00bb{}\u00a0\u00bb custom_padding__hover=\u00a0\u00bb|||\u00a0\u00bb][et_pb_testimonial author=\u00a0\u00bbGr\u00e9gory JEANNE\u00a0\u00bb job_title=\u00a0\u00bbCharg\u00e9 d&rsquo;\u00e9tudes Urbanisme r\u00e9glementaire\u00a0\u00bb company_name=\u00a0\u00bbAGORAH\u00a0\u00bb portrait_url=\u00a0\u00bbhttp:\/\/www.agorah.com\/wp-content\/uploads\/2020\/07\/gregory.jpg\u00a0\u00bb portrait_width=\u00a0\u00bb110px\u00a0\u00bb portrait_height=\u00a0\u00bb110px\u00a0\u00bb _builder_version=\u00a0\u00bb4.18.0&Prime; background_color=\u00a0\u00bbrgba(76,76,76,0.25)\u00a0\u00bb text_orientation=\u00a0\u00bbjustified\u00a0\u00bb border_width_all_portrait=\u00a0\u00bb3px\u00a0\u00bb border_color_all_portrait=\u00a0\u00bb#ffffff\u00a0\u00bb locked=\u00a0\u00bboff\u00a0\u00bb global_colors_info=\u00a0\u00bb{}\u00a0\u00bb]<\/p>\n<p><span><strong>\u00a0 <a href=\"mailto:damblans@agorah.com\">jeanne@agorah.com<\/a><\/strong><\/span><span> \/ Fort d\u2019une solide exp\u00e9rience acquise en am\u00e9nagement du territoire au sein d\u2019une Chambre consulaire, Gr\u00e9gory JEANNE a r\u00e9cemment int\u00e9gr\u00e9 les rangs de l\u2019AGORAH en tant que charg\u00e9 de mission en urbanisme r\u00e9glementaire. R\u00e9f\u00e9rent sur documents de planification au sein de l\u2019agence, il est amen\u00e9 \u00e0 r\u00e9aliser de nombreuses \u00e9tudes et expertises dans le domaine de l\u2019urbanisme r\u00e9glementaire (analyse des documents d\u2019urbanisme, veille r\u00e9glementaire\u2026). Depuis 2020, il est \u00e9galement r\u00e9f\u00e9rent de l\u2019Observatoire R\u00e9unionnais des Equipements, en charge de mener la mise \u00e0 jour et la r\u00e9organisation de la base des \u00e9quipements.<\/span><\/p>\n<p>[\/et_pb_testimonial][\/et_pb_column][\/et_pb_row][et_pb_row _builder_version=\u00a0\u00bb4.16&Prime; global_colors_info=\u00a0\u00bb{}\u00a0\u00bb][et_pb_column type=\u00a0\u00bb4_4&Prime; _builder_version=\u00a0\u00bb4.16&Prime; custom_padding=\u00a0\u00bb|||\u00a0\u00bb global_colors_info=\u00a0\u00bb{}\u00a0\u00bb custom_padding__hover=\u00a0\u00bb|||\u00a0\u00bb][et_pb_testimonial author=\u00a0\u00bbAng\u00e9lique RIVIERE\u00a0\u00bb job_title=\u00a0\u00bbCharg\u00e9e d\u2019\u00e9tudes SIG et Cartographie\u00a0\u00bb company_name=\u00a0\u00bbAGORAH\u00a0\u00bb portrait_url=\u00a0\u00bbhttp:\/\/www.agorah.com\/wp-content\/uploads\/2019\/04\/carre.jpg\u00a0\u00bb portrait_width=\u00a0\u00bb110px\u00a0\u00bb portrait_height=\u00a0\u00bb110px\u00a0\u00bb _builder_version=\u00a0\u00bb4.22.2&Prime; background_color=\u00a0\u00bbrgba(76,76,76,0.25)\u00a0\u00bb text_orientation=\u00a0\u00bbjustified\u00a0\u00bb border_width_all_portrait=\u00a0\u00bb3px\u00a0\u00bb border_color_all_portrait=\u00a0\u00bb#ffffff\u00a0\u00bb locked=\u00a0\u00bboff\u00a0\u00bb global_colors_info=\u00a0\u00bb{}\u00a0\u00bb]<\/p>\n<p><strong><span style=\"color: #0c71c3;\">\u00a0riviere.angelique@agorah.com<\/span><\/strong> \/ Cartographe de formation, elle ma\u00eetrise les logiciels SIG permettant la valorisation des analyses de l\u2019agence. Dans ses productions cartographiques, elle recherche en permanence la pr\u00e9sentation la plus claire et la plus explicite possible de chaque th\u00e9matique abord\u00e9e, en attachant une attention toute particuli\u00e8re \u00e0 la qualit\u00e9 graphique.<\/p>\n<p>[\/et_pb_testimonial][\/et_pb_column][\/et_pb_row][\/et_pb_section][et_pb_section fb_built=\u00a0\u00bb1&Prime; theme_builder_area=\u00a0\u00bbpost_content\u00a0\u00bb _builder_version=\u00a0\u00bb4.27.4&Prime; _module_preset=\u00a0\u00bbdefault\u00a0\u00bb min_height=\u00a0\u00bb271.2px\u00a0\u00bb background_color=\u00a0\u00bb#efefef\u00a0\u00bb hover_enabled=\u00a0\u00bb0&Prime; sticky_enabled=\u00a0\u00bb0&Prime;][et_pb_row _builder_version=\u00a0\u00bb4.27.4&Prime; _module_preset=\u00a0\u00bbdefault\u00a0\u00bb theme_builder_area=\u00a0\u00bbpost_content\u00a0\u00bb][et_pb_column _builder_version=\u00a0\u00bb4.27.4&Prime; _module_preset=\u00a0\u00bbdefault\u00a0\u00bb type=\u00a0\u00bb4_4&Prime; theme_builder_area=\u00a0\u00bbpost_content\u00a0\u00bb][et_pb_text _builder_version=\u00a0\u00bb4.27.4&Prime; _module_preset=\u00a0\u00bbdefault\u00a0\u00bb theme_builder_area=\u00a0\u00bbpost_content\u00a0\u00bb hover_enabled=\u00a0\u00bb0&Prime; sticky_enabled=\u00a0\u00bb0&Prime; header_2_font_size=\u00a0\u00bb33px\u00a0\u00bb header_2_font=\u00a0\u00bb|||on|||||\u00a0\u00bb min_height=\u00a0\u00bb19px\u00a0\u00bb custom_padding=\u00a0\u00bb29px|||||\u00a0\u00bb]<\/p>\n<h2><strong>Pour aller plus loin<\/strong><\/h2>\n<p>[\/et_pb_text][et_pb_toggle title=\u00a0\u00bbRetrouvez toute la documentation sur l&rsquo;Observatoire des Equipements\u00a0\u00bb _builder_version=\u00a0\u00bb4.27.4&Prime; _module_preset=\u00a0\u00bbdefault\u00a0\u00bb global_colors_info=\u00a0\u00bb{}\u00a0\u00bb theme_builder_area=\u00a0\u00bbpost_content\u00a0\u00bb]<\/p>\n<p><strong>Observatoire des Equipements<br \/><\/strong><\/p>\n<blockquote>\n<p><a href=\"https:\/\/www.agorah.com\/upload\/urbanisme\/Agorahscope-n5-equipements-web.pdf\"><strong>AGORAH&rsquo;SCOPE N\u00b0 5 &#8211; Les \u00e9quipements \u00e0 La R\u00e9union<\/strong><\/a><\/p>\n<p><a href=\"..\/..\/upload\/urbanisme\/AGORAH_SGAR_vFinalev9.pdf\"><strong>2020 &#8211; Etude<\/strong> &#8211; Evolution &amp; regard prospectif sur le niveau d&rsquo;\u00e9quipements du territoire de La R\u00e9union<\/a><\/p>\n<\/blockquote>\n<p>[\/et_pb_toggle][\/et_pb_column][\/et_pb_row][\/et_pb_section]<\/p>\n","protected":false},"excerpt":{"rendered":"<p>L&rsquo;Observatoire R\u00e9unionnais des \u00e9quipements En 2001, l\u2019AGORAH lance sa premi\u00e8re base des \u00e9quipements publics de La R\u00e9union. Il s\u2019agit alors de localiser et cartographier les \u00e9quipements puis de les classer dans les diff\u00e9rents th\u00e8mes et sous-th\u00e8mes d\u2019une nomenclature \u00e9labor\u00e9e en amont. Ces cartographies sont associ\u00e9es \u00e0 un fichier pr\u00e9cisant des informations compl\u00e9mentaires sur les \u00e9quipements, [&hellip;]<\/p>\n","protected":false},"author":1,"featured_media":0,"parent":0,"menu_order":0,"comment_status":"closed","ping_status":"closed","template":"","meta":{"_et_pb_use_builder":"on","_et_pb_old_content":"","_et_gb_content_width":"","_monsterinsights_skip_tracking":false,"_monsterinsights_sitenote_active":false,"_monsterinsights_sitenote_note":"","_monsterinsights_sitenote_category":0,"footnotes":""},"yoast_head":"<!-- This site is optimized with the Yoast SEO plugin v23.2 - https:\/\/yoast.com\/wordpress\/plugins\/seo\/ -->\n<title>La base des \u00e9quipements - AGORAH Agence d&#039;urbanisme de La R\u00e9union<\/title>\n<meta name=\"robots\" content=\"index, follow, max-snippet:-1, max-image-preview:large, max-video-preview:-1\" \/>\n<link rel=\"canonical\" href=\"https:\/\/www.agorah.com\/index.php\/la-base-des-equipements\/\" \/>\n<meta property=\"og:locale\" content=\"fr_FR\" \/>\n<meta property=\"og:type\" content=\"article\" \/>\n<meta property=\"og:title\" content=\"La base des \u00e9quipements - AGORAH Agence d&#039;urbanisme de La R\u00e9union\" \/>\n<meta property=\"og:description\" content=\"L&#039;Observatoire R\u00e9unionnais des \u00e9quipements En 2001, l\u2019AGORAH lance sa premi\u00e8re base des \u00e9quipements publics de La R\u00e9union. Il s\u2019agit alors de localiser et cartographier les \u00e9quipements puis de les classer dans les diff\u00e9rents th\u00e8mes et sous-th\u00e8mes d\u2019une nomenclature \u00e9labor\u00e9e en amont. Ces cartographies sont associ\u00e9es \u00e0 un fichier pr\u00e9cisant des informations compl\u00e9mentaires sur les \u00e9quipements, [&hellip;]\" \/>\n<meta property=\"og:url\" content=\"https:\/\/www.agorah.com\/index.php\/la-base-des-equipements\/\" \/>\n<meta property=\"og:site_name\" content=\"AGORAH Agence d&#039;urbanisme de La R\u00e9union\" \/>\n<meta property=\"article:publisher\" content=\"https:\/\/www.facebook.com\/AgorahReunion\" \/>\n<meta property=\"article:modified_time\" content=\"2025-10-01T05:44:37+00:00\" \/>\n<meta name=\"twitter:card\" content=\"summary_large_image\" \/>\n<meta name=\"twitter:label1\" content=\"Dur\u00e9e de lecture estim\u00e9e\" \/>\n\t<meta name=\"twitter:data1\" content=\"5 minutes\" \/>\n<script type=\"application\/ld+json\" class=\"yoast-schema-graph\">{\"@context\":\"https:\/\/schema.org\",\"@graph\":[{\"@type\":\"WebPage\",\"@id\":\"https:\/\/www.agorah.com\/index.php\/la-base-des-equipements\/\",\"url\":\"https:\/\/www.agorah.com\/index.php\/la-base-des-equipements\/\",\"name\":\"La base des \u00e9quipements - AGORAH Agence d&#039;urbanisme de La R\u00e9union\",\"isPartOf\":{\"@id\":\"https:\/\/www.agorah.com\/#website\"},\"datePublished\":\"2020-03-30T07:05:36+00:00\",\"dateModified\":\"2025-10-01T05:44:37+00:00\",\"breadcrumb\":{\"@id\":\"https:\/\/www.agorah.com\/index.php\/la-base-des-equipements\/#breadcrumb\"},\"inLanguage\":\"fr-FR\",\"potentialAction\":[{\"@type\":\"ReadAction\",\"target\":[\"https:\/\/www.agorah.com\/index.php\/la-base-des-equipements\/\"]}]},{\"@type\":\"BreadcrumbList\",\"@id\":\"https:\/\/www.agorah.com\/index.php\/la-base-des-equipements\/#breadcrumb\",\"itemListElement\":[{\"@type\":\"ListItem\",\"position\":1,\"name\":\"Accueil\",\"item\":\"https:\/\/www.agorah.com\/\"},{\"@type\":\"ListItem\",\"position\":2,\"name\":\"La base des \u00e9quipements\"}]},{\"@type\":\"WebSite\",\"@id\":\"https:\/\/www.agorah.com\/#website\",\"url\":\"https:\/\/www.agorah.com\/\",\"name\":\"AGORAH Agence d'urbanisme de La R\u00e9union\",\"description\":\"AGORAH  Agence d&#039;urbanisme de La R\u00e9union\",\"publisher\":{\"@id\":\"https:\/\/www.agorah.com\/#organization\"},\"alternateName\":\"AGORAH\",\"potentialAction\":[{\"@type\":\"SearchAction\",\"target\":{\"@type\":\"EntryPoint\",\"urlTemplate\":\"https:\/\/www.agorah.com\/?s={search_term_string}\"},\"query-input\":\"required name=search_term_string\"}],\"inLanguage\":\"fr-FR\"},{\"@type\":\"Organization\",\"@id\":\"https:\/\/www.agorah.com\/#organization\",\"name\":\"AGORAH Agence d'urbanisme de La R\u00e9union\",\"alternateName\":\"AGORAH\",\"url\":\"https:\/\/www.agorah.com\/\",\"logo\":{\"@type\":\"ImageObject\",\"inLanguage\":\"fr-FR\",\"@id\":\"https:\/\/www.agorah.com\/#\/schema\/logo\/image\/\",\"url\":\"https:\/\/www.agorah.com\/wp-content\/uploads\/2020\/05\/LOGO-SITE-BASELINE-4.png\",\"contentUrl\":\"https:\/\/www.agorah.com\/wp-content\/uploads\/2020\/05\/LOGO-SITE-BASELINE-4.png\",\"width\":5111,\"height\":982,\"caption\":\"AGORAH Agence d'urbanisme de La R\u00e9union\"},\"image\":{\"@id\":\"https:\/\/www.agorah.com\/#\/schema\/logo\/image\/\"},\"sameAs\":[\"https:\/\/www.facebook.com\/AgorahReunion\",\"https:\/\/www.linkedin.com\/company\/agorah-agence-durbanisme--la-runion\/mycompany\/?viewAsMember=true\"]}]}<\/script>\n<!-- \/ Yoast SEO plugin. -->","yoast_head_json":{"title":"La base des \u00e9quipements - AGORAH Agence d&#039;urbanisme de La R\u00e9union","robots":{"index":"index","follow":"follow","max-snippet":"max-snippet:-1","max-image-preview":"max-image-preview:large","max-video-preview":"max-video-preview:-1"},"canonical":"https:\/\/www.agorah.com\/index.php\/la-base-des-equipements\/","og_locale":"fr_FR","og_type":"article","og_title":"La base des \u00e9quipements - AGORAH Agence d&#039;urbanisme de La R\u00e9union","og_description":"L'Observatoire R\u00e9unionnais des \u00e9quipements En 2001, l\u2019AGORAH lance sa premi\u00e8re base des \u00e9quipements publics de La R\u00e9union. Il s\u2019agit alors de localiser et cartographier les \u00e9quipements puis de les classer dans les diff\u00e9rents th\u00e8mes et sous-th\u00e8mes d\u2019une nomenclature \u00e9labor\u00e9e en amont. Ces cartographies sont associ\u00e9es \u00e0 un fichier pr\u00e9cisant des informations compl\u00e9mentaires sur les \u00e9quipements, [&hellip;]","og_url":"https:\/\/www.agorah.com\/index.php\/la-base-des-equipements\/","og_site_name":"AGORAH Agence d&#039;urbanisme de La R\u00e9union","article_publisher":"https:\/\/www.facebook.com\/AgorahReunion","article_modified_time":"2025-10-01T05:44:37+00:00","twitter_card":"summary_large_image","twitter_misc":{"Dur\u00e9e de lecture estim\u00e9e":"5 minutes"},"schema":{"@context":"https:\/\/schema.org","@graph":[{"@type":"WebPage","@id":"https:\/\/www.agorah.com\/index.php\/la-base-des-equipements\/","url":"https:\/\/www.agorah.com\/index.php\/la-base-des-equipements\/","name":"La base des \u00e9quipements - AGORAH Agence d&#039;urbanisme de La R\u00e9union","isPartOf":{"@id":"https:\/\/www.agorah.com\/#website"},"datePublished":"2020-03-30T07:05:36+00:00","dateModified":"2025-10-01T05:44:37+00:00","breadcrumb":{"@id":"https:\/\/www.agorah.com\/index.php\/la-base-des-equipements\/#breadcrumb"},"inLanguage":"fr-FR","potentialAction":[{"@type":"ReadAction","target":["https:\/\/www.agorah.com\/index.php\/la-base-des-equipements\/"]}]},{"@type":"BreadcrumbList","@id":"https:\/\/www.agorah.com\/index.php\/la-base-des-equipements\/#breadcrumb","itemListElement":[{"@type":"ListItem","position":1,"name":"Accueil","item":"https:\/\/www.agorah.com\/"},{"@type":"ListItem","position":2,"name":"La base des \u00e9quipements"}]},{"@type":"WebSite","@id":"https:\/\/www.agorah.com\/#website","url":"https:\/\/www.agorah.com\/","name":"AGORAH Agence d'urbanisme de La R\u00e9union","description":"AGORAH  Agence d&#039;urbanisme de La R\u00e9union","publisher":{"@id":"https:\/\/www.agorah.com\/#organization"},"alternateName":"AGORAH","potentialAction":[{"@type":"SearchAction","target":{"@type":"EntryPoint","urlTemplate":"https:\/\/www.agorah.com\/?s={search_term_string}"},"query-input":"required name=search_term_string"}],"inLanguage":"fr-FR"},{"@type":"Organization","@id":"https:\/\/www.agorah.com\/#organization","name":"AGORAH Agence d'urbanisme de La R\u00e9union","alternateName":"AGORAH","url":"https:\/\/www.agorah.com\/","logo":{"@type":"ImageObject","inLanguage":"fr-FR","@id":"https:\/\/www.agorah.com\/#\/schema\/logo\/image\/","url":"https:\/\/www.agorah.com\/wp-content\/uploads\/2020\/05\/LOGO-SITE-BASELINE-4.png","contentUrl":"https:\/\/www.agorah.com\/wp-content\/uploads\/2020\/05\/LOGO-SITE-BASELINE-4.png","width":5111,"height":982,"caption":"AGORAH Agence d'urbanisme de La R\u00e9union"},"image":{"@id":"https:\/\/www.agorah.com\/#\/schema\/logo\/image\/"},"sameAs":["https:\/\/www.facebook.com\/AgorahReunion","https:\/\/www.linkedin.com\/company\/agorah-agence-durbanisme--la-runion\/mycompany\/?viewAsMember=true"]}]}},"_links":{"self":[{"href":"https:\/\/www.agorah.com\/index.php\/wp-json\/wp\/v2\/pages\/977"}],"collection":[{"href":"https:\/\/www.agorah.com\/index.php\/wp-json\/wp\/v2\/pages"}],"about":[{"href":"https:\/\/www.agorah.com\/index.php\/wp-json\/wp\/v2\/types\/page"}],"author":[{"embeddable":true,"href":"https:\/\/www.agorah.com\/index.php\/wp-json\/wp\/v2\/users\/1"}],"replies":[{"embeddable":true,"href":"https:\/\/www.agorah.com\/index.php\/wp-json\/wp\/v2\/comments?post=977"}],"version-history":[{"count":2,"href":"https:\/\/www.agorah.com\/index.php\/wp-json\/wp\/v2\/pages\/977\/revisions"}],"predecessor-version":[{"id":4667,"href":"https:\/\/www.agorah.com\/index.php\/wp-json\/wp\/v2\/pages\/977\/revisions\/4667"}],"wp:attachment":[{"href":"https:\/\/www.agorah.com\/index.php\/wp-json\/wp\/v2\/media?parent=977"}],"curies":[{"name":"wp","href":"https:\/\/api.w.org\/{rel}","templated":true}]}}