{"id":995,"date":"2020-03-30T14:13:05","date_gmt":"2020-03-30T10:13:05","guid":{"rendered":"http:\/\/agorah.com\/?page_id=995"},"modified":"2025-10-21T09:41:55","modified_gmt":"2025-10-21T05:41:55","slug":"observatoire-occupation-du-sol","status":"publish","type":"page","link":"https:\/\/www.agorah.com\/index.php\/observatoire-occupation-du-sol\/","title":{"rendered":"Le groupe \u00e9talement urbain (GEU)"},"content":{"rendered":"<p>[et_pb_section fb_built=\u00a0\u00bb1&Prime; fullwidth=\u00a0\u00bbon\u00a0\u00bb _builder_version=\u00a0\u00bb4.16&Prime; global_colors_info=\u00a0\u00bb{}\u00a0\u00bb][et_pb_fullwidth_image src=\u00a0\u00bbhttp:\/\/www.agorah.com\/wp-content\/uploads\/2020\/03\/JGHDF.png\u00a0\u00bb alt=\u00a0\u00bbBandeau-site\u00a0\u00bb title_text=\u00a0\u00bbBandeau-site\u00a0\u00bb _builder_version=\u00a0\u00bb4.24.0&Prime; global_colors_info=\u00a0\u00bb{}\u00a0\u00bb][\/et_pb_fullwidth_image][\/et_pb_section][et_pb_section fb_built=\u00a0\u00bb1&Prime; _builder_version=\u00a0\u00bb4.16&Prime; custom_padding=\u00a0\u00bb0px|0px|0px|0px\u00a0\u00bb global_colors_info=\u00a0\u00bb{}\u00a0\u00bb][et_pb_row _builder_version=\u00a0\u00bb4.16&Prime; custom_padding=\u00a0\u00bb0px|0px|0px|0px\u00a0\u00bb global_colors_info=\u00a0\u00bb{}\u00a0\u00bb][et_pb_column type=\u00a0\u00bb4_4&Prime; _builder_version=\u00a0\u00bb4.16&Prime; custom_padding=\u00a0\u00bb|||\u00a0\u00bb global_colors_info=\u00a0\u00bb{}\u00a0\u00bb custom_padding__hover=\u00a0\u00bb|||\u00a0\u00bb][et_pb_text _builder_version=\u00a0\u00bb4.16&Prime; global_colors_info=\u00a0\u00bb{}\u00a0\u00bb]<\/p>\n<blockquote>\n<h1 style=\"text-align: justify;\"><span style=\"font-size: x-large;\"><strong>Observatoire de l\u2019occupation du sol<\/strong><\/span><\/h1>\n<\/blockquote>\n<p style=\"text-align: justify;\"><span style=\"font-size: x-large;\"><strong>Les travaux de l\u2019observatoire de l\u2019occupation du sol (ex &#8211; Groupe Etalement Urbain) men\u00e9s avec l\u2019ensemble des partenaires de l\u2019agence depuis 2003 ont permis de mesurer l\u2019\u00e9tat de l\u2019urbanisation \u00e0 la r\u00e9union autour d\u2019une d\u00e9finition partag\u00e9e de l\u2019espace urbain et son \u00e9volution depuis 1997.<\/strong><\/span><\/p>\n<p>[\/et_pb_text][\/et_pb_column][\/et_pb_row][et_pb_row _builder_version=\u00a0\u00bb4.16&Prime; custom_padding=\u00a0\u00bb6px|0px|0px|0px\u00a0\u00bb global_colors_info=\u00a0\u00bb{}\u00a0\u00bb][et_pb_column type=\u00a0\u00bb4_4&Prime; _builder_version=\u00a0\u00bb4.16&Prime; custom_padding=\u00a0\u00bb|||\u00a0\u00bb global_colors_info=\u00a0\u00bb{}\u00a0\u00bb custom_padding__hover=\u00a0\u00bb|||\u00a0\u00bb][et_pb_text _builder_version=\u00a0\u00bb4.16&Prime; global_colors_info=\u00a0\u00bb{}\u00a0\u00bb]<\/p>\n<blockquote>\n<h2><strong>Chiffres cl\u00e9s<\/strong><\/h2>\n<\/blockquote>\n<p>[\/et_pb_text][\/et_pb_column][\/et_pb_row][et_pb_row column_structure=\u00a0\u00bb1_3,1_3,1_3&Prime; _builder_version=\u00a0\u00bb4.16&Prime; custom_padding=\u00a0\u00bb0px|0px|20px|0px\u00a0\u00bb global_colors_info=\u00a0\u00bb{}\u00a0\u00bb][et_pb_column type=\u00a0\u00bb1_3&Prime; _builder_version=\u00a0\u00bb4.16&Prime; custom_padding=\u00a0\u00bb|||\u00a0\u00bb global_colors_info=\u00a0\u00bb{}\u00a0\u00bb custom_padding__hover=\u00a0\u00bb|||\u00a0\u00bb][et_pb_number_counter title=\u00a0\u00bbHA de tache urbaine en Janvier 2024&Prime; number=\u00a0\u00bb30746&Prime; percent_sign=\u00a0\u00bboff\u00a0\u00bb _builder_version=\u00a0\u00bb4.27.4&Prime; title_font=\u00a0\u00bbRoboto Condensed|700|||||||\u00a0\u00bb number_font=\u00a0\u00bbRoboto Condensed|700|||||||\u00a0\u00bb locked=\u00a0\u00bboff\u00a0\u00bb global_colors_info=\u00a0\u00bb{}\u00a0\u00bb][\/et_pb_number_counter][\/et_pb_column][et_pb_column type=\u00a0\u00bb1_3&Prime; _builder_version=\u00a0\u00bb4.16&Prime; custom_padding=\u00a0\u00bb|||\u00a0\u00bb global_colors_info=\u00a0\u00bb{}\u00a0\u00bb custom_padding__hover=\u00a0\u00bb|||\u00a0\u00bb][et_pb_number_counter title=\u00a0\u00bbdu territoire de La R\u00e9union\u00a0\u00bb number=\u00a0\u00bb12&Prime; _builder_version=\u00a0\u00bb4.16&Prime; title_font=\u00a0\u00bbRoboto Condensed|700|||||||\u00a0\u00bb number_font=\u00a0\u00bbRoboto Condensed|700|||||||\u00a0\u00bb locked=\u00a0\u00bboff\u00a0\u00bb global_colors_info=\u00a0\u00bb{}\u00a0\u00bb][\/et_pb_number_counter][\/et_pb_column][et_pb_column type=\u00a0\u00bb1_3&Prime; _builder_version=\u00a0\u00bb4.16&Prime; custom_padding=\u00a0\u00bb|||\u00a0\u00bb global_colors_info=\u00a0\u00bb{}\u00a0\u00bb custom_padding__hover=\u00a0\u00bb|||\u00a0\u00bb][et_pb_number_counter title=\u00a0\u00bbHA suppl\u00e9mentaires entre 2011 et 2021&Prime; number=\u00a0\u00bb+1173&Prime; percent_sign=\u00a0\u00bboff\u00a0\u00bb _builder_version=\u00a0\u00bb4.27.4&Prime; title_font=\u00a0\u00bbRoboto Condensed|700|||||||\u00a0\u00bb number_font=\u00a0\u00bbRoboto Condensed|700|||||||\u00a0\u00bb locked=\u00a0\u00bboff\u00a0\u00bb global_colors_info=\u00a0\u00bb{}\u00a0\u00bb][\/et_pb_number_counter][\/et_pb_column][\/et_pb_row][et_pb_row _builder_version=\u00a0\u00bb4.16&Prime; global_colors_info=\u00a0\u00bb{}\u00a0\u00bb][et_pb_column type=\u00a0\u00bb4_4&Prime; _builder_version=\u00a0\u00bb4.16&Prime; custom_padding=\u00a0\u00bb|||\u00a0\u00bb global_colors_info=\u00a0\u00bb{}\u00a0\u00bb custom_padding__hover=\u00a0\u00bb|||\u00a0\u00bb][et_pb_text _builder_version=\u00a0\u00bb4.16&Prime; global_colors_info=\u00a0\u00bb{}\u00a0\u00bb]<\/p>\n<p><span style=\"font-size: large;\"><strong>2020 <\/strong>: \u00c9talement urbain, z\u00e9ro artificialisation : focus sur d\u2019autres approches m\u00e9thodologiques,<\/span><\/p>\n<p><span style=\"font-size: large;\"><strong>2021<\/strong> : L\u2019objectif Z\u00e9ro Artificialisation Nette et la loi Climat-R\u00e9silience: \u00e9tat des lieux,<\/span><\/p>\n<p><span style=\"font-size: large;\"><strong>2022\u00a0<\/strong>: Mode d\u2019Occupation du Sol R\u00e9union : \u00e9tat d\u2019avancement du projet,<\/span><\/p>\n<p><span style=\"font-size: large;\"><strong>2023\u00a0<\/strong>: L\u2019intelligence artificielle au service de la cartographie de l\u2019occupation du sol,<\/span><\/p>\n<p style=\"text-align: justify;\"><span style=\"font-size: large;\"><strong>2024\u00a0<\/strong>: Pr\u00e9sentation d\u2019une nouvelle m\u00e9thodologie de consommation des espaces naturels, agricoles et forestiers.<\/span><\/p>\n<p><a href=\"https:\/\/peigeo.re\/index.php\/tache-urbaine-2\/\"><span style=\"font-size: large;\">Pour consulter notre page d\u00e9di\u00e9e sur la tache urbaine et acc\u00e9der facilement aux s\u00e9ries temporelles\u00a0:<\/span><\/a><\/p>\n<p><a href=\"https:\/\/peigeo.re\/index.php\/tache-urbaine-2\/\"><span style=\"font-size: large;\">https:\/\/peigeo.re\/index.php\/tache-urbaine-2\/<\/span><\/a><\/p>\n<p style=\"text-align: justify;\"><span style=\"font-size: large;\"><\/span><\/p>\n<ul><\/ul>\n<p>[\/et_pb_text][\/et_pb_column][\/et_pb_row][et_pb_row _builder_version=\u00a0\u00bb4.16&Prime; global_colors_info=\u00a0\u00bb{}\u00a0\u00bb][et_pb_column type=\u00a0\u00bb4_4&Prime; _builder_version=\u00a0\u00bb4.16&Prime; custom_padding=\u00a0\u00bb|||\u00a0\u00bb global_colors_info=\u00a0\u00bb{}\u00a0\u00bb custom_padding__hover=\u00a0\u00bb|||\u00a0\u00bb][et_pb_testimonial author=\u00a0\u00bbPauline SEIGNE\u00a0\u00bb job_title=\u00a0\u00bbCharg\u00e9e d\u2019\u00e9tudes SIG, MOS et Cartographie\u00a0\u00bb company_name=\u00a0\u00bbAGORAH\u00a0\u00bb portrait_url=\u00a0\u00bbhttp:\/\/www.agorah.com\/wp-content\/uploads\/2019\/04\/PS_agorah_web.jpg\u00a0\u00bb portrait_width=\u00a0\u00bb110px\u00a0\u00bb portrait_height=\u00a0\u00bb110px\u00a0\u00bb _builder_version=\u00a0\u00bb4.22.1&Prime; background_color=\u00a0\u00bbrgba(76,76,76,0.25)\u00a0\u00bb text_orientation=\u00a0\u00bbjustified\u00a0\u00bb border_width_all_portrait=\u00a0\u00bb3px\u00a0\u00bb border_color_all_portrait=\u00a0\u00bb#ffffff\u00a0\u00bb locked=\u00a0\u00bboff\u00a0\u00bb global_colors_info=\u00a0\u00bb{}\u00a0\u00bb]<\/p>\n<p><strong>\u00a0seigne@agorah.com<\/strong> \/ Sa formation de g\u00e9ographe avec une sp\u00e9cialit\u00e9 en t\u00e9l\u00e9d\u00e9tection et g\u00e9omatique lui permet d\u2019utiliser les outils de l\u2019information g\u00e9ographique, pour r\u00e9pondre \u00e0 des probl\u00e9matiques environnementales et plus largement \u00e0 des enjeux d\u2019am\u00e9nagement du territoire. Recrut\u00e9e \u00e0 l\u2019AGORAH en Ao\u00fbt 2015, elle valorise les donn\u00e9es de l\u2019agence sous forme de cartographies et participe \u00e0 la mise en \u0153uvre du Mode d\u2019Occupation du Sol \u00e0 La R\u00e9union.<\/p>\n<p>[\/et_pb_testimonial][et_pb_testimonial author=\u00a0\u00bbOlivier BEAUVOIR\u00a0\u00bb job_title=\u00a0\u00bbCharg\u00e9 d\u2019\u00e9tudes SIG et Informatique\u00a0\u00bb company_name=\u00a0\u00bbAGORAH\u00a0\u00bb portrait_url=\u00a0\u00bbhttp:\/\/www.agorah.com\/wp-content\/uploads\/2019\/04\/OlivierRetouch\u00e9.jpg\u00a0\u00bb portrait_width=\u00a0\u00bb110px\u00a0\u00bb portrait_height=\u00a0\u00bb110px\u00a0\u00bb _builder_version=\u00a0\u00bb4.22.1&Prime; background_color=\u00a0\u00bbrgba(76,76,76,0.25)\u00a0\u00bb text_orientation=\u00a0\u00bbjustified\u00a0\u00bb border_width_all_portrait=\u00a0\u00bb3px\u00a0\u00bb border_color_all_portrait=\u00a0\u00bb#ffffff\u00a0\u00bb locked=\u00a0\u00bboff\u00a0\u00bb global_colors_info=\u00a0\u00bb{}\u00a0\u00bb]<\/p>\n<p><strong>beauvoir@agorah.com<\/strong> \/ G\u00e9ographe de formation et passionn\u00e9 par les technologies num\u00e9riques, il a su d\u00e9velopper dans son parcours professionnel des comp\u00e9tences dans le domaine de l\u2019informatique. Il ma\u00eetrise ainsi les logiciels de pointe en Syst\u00e8me d\u2019Information G\u00e9ographique. Apr\u00e8s avoir enrichi ses comp\u00e9tences techniques par une exp\u00e9rience terrain des enjeux du d\u00e9veloppement local, il est aujourd\u2019hui en charge du traitement et de l\u2019analyse de donn\u00e9es complexes \u00e0 l\u2019AGORAH.<\/p>\n<p>[\/et_pb_testimonial][\/et_pb_column][\/et_pb_row][et_pb_row _builder_version=\u00a0\u00bb4.16&Prime; custom_padding=\u00a0\u00bb29px|0px|21px|0px\u00a0\u00bb global_colors_info=\u00a0\u00bb{}\u00a0\u00bb][et_pb_column type=\u00a0\u00bb4_4&Prime; _builder_version=\u00a0\u00bb4.16&Prime; custom_padding=\u00a0\u00bb|||\u00a0\u00bb global_colors_info=\u00a0\u00bb{}\u00a0\u00bb custom_padding__hover=\u00a0\u00bb|||\u00a0\u00bb][et_pb_text _builder_version=\u00a0\u00bb4.16&Prime; global_colors_info=\u00a0\u00bb{}\u00a0\u00bb]<\/p>\n<blockquote>\n<h2><strong>Tableau de bord interactif<\/strong><\/h2>\n<\/blockquote>\n<p>[\/et_pb_text][\/et_pb_column][\/et_pb_row][\/et_pb_section][et_pb_section fb_built=\u00a0\u00bb1&Prime; fullwidth=\u00a0\u00bbon\u00a0\u00bb _builder_version=\u00a0\u00bb4.16&Prime; global_colors_info=\u00a0\u00bb{}\u00a0\u00bb][et_pb_fullwidth_code _builder_version=\u00a0\u00bb4.27.4&Prime; global_colors_info=\u00a0\u00bb{}\u00a0\u00bb]<!-- [et_pb_line_break_holder] --><iframe<!-- [et_pb_line_break_holder] -->scrolling=\u00a0\u00bbno\u00a0\u00bb <!-- [et_pb_line_break_holder] -->width=\u00a0\u00bb100%\u00a0\u00bb;<!-- [et_pb_line_break_holder] -->        height=\u00a0\u00bb800&Prime;; style=\u00a0\u00bboverflow=hidden\u00a0\u00bb style=\u00a0\u00bbmargin-top:300px\u00a0\u00bb height=\u00a0\u00bb800&Prime; style=\u00a0\u00bboverflow=hidden<!-- [et_pb_line_break_holder] -->  src=\u00a0\u00bbhttps:\/\/peigeo.re\/dashboard\/Suivi_tache_urbaine_intermediaire\/Suivi_tache_urbaine_intermediaire.html\u00a0\u00bb><!-- [et_pb_line_break_holder] --><\/iframe>[\/et_pb_fullwidth_code][\/et_pb_section][et_pb_section fb_built=\u00a0\u00bb1&Prime; _builder_version=\u00a0\u00bb4.16&Prime; global_colors_info=\u00a0\u00bb{}\u00a0\u00bb][et_pb_row _builder_version=\u00a0\u00bb4.16&Prime; custom_padding=\u00a0\u00bb29px|0px|42.6563px|0px\u00a0\u00bb global_colors_info=\u00a0\u00bb{}\u00a0\u00bb][et_pb_column type=\u00a0\u00bb4_4&Prime; _builder_version=\u00a0\u00bb4.16&Prime; custom_padding=\u00a0\u00bb|||\u00a0\u00bb global_colors_info=\u00a0\u00bb{}\u00a0\u00bb custom_padding__hover=\u00a0\u00bb|||\u00a0\u00bb][et_pb_text _builder_version=\u00a0\u00bb4.16&Prime; global_colors_info=\u00a0\u00bb{}\u00a0\u00bb]<\/p>\n<blockquote>\n<h2><strong>Pour aller plus loin \u2026<\/strong><\/h2>\n<\/blockquote>\n<p>[\/et_pb_text][et_pb_toggle title=\u00a0\u00bbGroupe Etalement Urbain (GEU)\u00a0\u00bb open=\u00a0\u00bbon\u00a0\u00bb _builder_version=\u00a0\u00bb4.27.4&Prime; _module_preset=\u00a0\u00bbdefault\u00a0\u00bb global_colors_info=\u00a0\u00bb{}\u00a0\u00bb]<\/p>\n<blockquote>\n<p><strong><\/strong><\/p>\n<p><a href=\"https:\/\/www.agorah.com\/upload\/ressources\/Obs_OcSol_2024.pdf\"><strong>=&gt; 2024 &#8211; <\/strong>Observatoire de l\u2019Occupation du Sol<\/a><\/p>\n<p><a href=\"https:\/\/www.agorah.com\/upload\/ressources\/GEU_2023.pdf\"><strong>=&gt; 2023 &#8211;<\/strong>\u00a0Pr\u00e9sentation au Groupe \u00c9talement Urbain<\/a><\/p>\n<p><strong><a href=\"https:\/\/www.agorah.com\/upload\/ressources\/GEU_2022.pdf\">=&gt; 2022<\/a><\/strong><a href=\"https:\/\/www.agorah.com\/upload\/ressources\/GEU_2022.pdf\"> &#8211;\u00a0Pr\u00e9sentation au Groupe \u00c9talement Urbain<\/a><\/p>\n<p><a href=\"https:\/\/www.agorah.com\/upload\/ressources\/GEU_2021.pdf\"><strong>=&gt; 2021 &#8211;<\/strong>\u00a0Pr\u00e9sentation au Groupe \u00c9talement Urbain<\/a><\/p>\n<p><a href=\"https:\/\/www.agorah.com\/upload\/ressources\/Note_methodologique_TU-2021.pdf\"><strong> =&gt; 2021 &#8211;<\/strong> Note m\u00e9thodologique &#8211; Calcul de la tache urbaine \u00e0 partir de la BD TOPO 2017<\/a><\/p>\n<p><a href=\"https:\/\/www.agorah.com\/upload\/ressources\/GEU_2020.pdf\"><strong>=&gt; 2020 &#8211;<\/strong>\u00a0Pr\u00e9sentation au Groupe \u00c9talement Urbain<\/a><\/p>\n<p><a href=\"..\/..\/upload\/ressources\/GEU_2019.pdf\"><strong>=&gt; 2019 &#8211;<\/strong>\u00a0<\/a><a href=\"..\/..\/upload\/ressources\/GEU_2019.pdf\">Pr\u00e9sentation au Groupe \u00c9talement Urbain<\/a><\/p>\n<p><strong> =&gt; 2019 &#8211;<\/strong><a href=\"..\/..\/upload\/ressources\/ATTRACTIVITE_X_TU_20181023_V3.pdf\">\u00a0Note technique &#8211; Attractivit\u00e9 de l&rsquo;espace urbain<\/a><\/p>\n<p><a href=\"..\/..\/upload\/ressources\/GEU_2018.pdf\"><strong> =&gt; 2018 &#8211;<\/strong><\/a><a href=\"..\/..\/upload\/ressources\/GEU_2018.pdf\">\u00a0Pr\u00e9sentation au Groupe \u00c9talement Urbain 2018 <\/a><\/p>\n<p><strong> =&gt; 2018 &#8211;<\/strong><a href=\"..\/..\/upload\/ressources\/UtilisationDesDonneesPOS-PLUv14_Compresse.pdf\">\u00a0Utilisation des donn\u00e9es POS\/PLU &#8211; Localisation du foncier non urbanis\u00e9<\/a><\/p>\n<p><strong> =&gt; 2017 &#8211;<\/strong><a href=\"..\/..\/upload\/ressources\/GEU_2017.pdf\">\u00a0Pr\u00e9sentation au Groupe \u00c9talement Urbain<\/a><\/p>\n<p><strong> =&gt; 2016 &#8211;<\/strong><a href=\"..\/..\/upload\/ressources\/GEU_2016.pdf\">\u00a0Pr\u00e9sentation au Groupe \u00c9talement Urbain <\/a><\/p>\n<p><strong> =&gt; 2016 &#8211;\u00a0<\/strong><a href=\"..\/..\/upload\/ressources\/4.1-4.2-4.3-6.2_DenseEtaleeDispersee_Analyse20160701_V4.pdf\">Suivi des 23 indicateurs environnementaux du SAR : Indicateurs \u00ab zone dense, \u00e9tal\u00e9e et dispers\u00e9e \u00bb<\/a><\/p>\n<p><strong> =&gt; 2015 &#8211;<\/strong><a href=\"..\/..\/upload\/ressources\/ComposanteDeLespaceUrbainV4.pdf\">\u00a0Composantes de l\u2019espace urbain <\/a><\/p>\n<p><a href=\"..\/..\/upload\/ressources\/GEU_2014.pdf\"><strong> =&gt; 2014 &#8211;\u00a0<\/strong>Pr\u00e9sentation au Groupe \u00c9talement Urbain<\/a><\/p>\n<p><a href=\"..\/..\/upload\/ressources\/ProspectiveTU2030.pdf\"><strong> =&gt; 2014<\/strong><strong> &#8211;<\/strong> Prospective sur l\u2019\u00e9volution de l\u2019urbanisation en 2030<\/a><\/p>\n<\/blockquote>\n<blockquote><\/blockquote>\n<p>[\/et_pb_toggle][\/et_pb_column][\/et_pb_row][\/et_pb_section]<\/p>\n","protected":false},"excerpt":{"rendered":"<p>Observatoire de l\u2019occupation du sol Les travaux de l\u2019observatoire de l\u2019occupation du sol (ex &#8211; Groupe Etalement Urbain) men\u00e9s avec l\u2019ensemble des partenaires de l\u2019agence depuis 2003 ont permis de mesurer l\u2019\u00e9tat de l\u2019urbanisation \u00e0 la r\u00e9union autour d\u2019une d\u00e9finition partag\u00e9e de l\u2019espace urbain et son \u00e9volution depuis 1997. Chiffres cl\u00e9s 2020 : \u00c9talement urbain, [&hellip;]<\/p>\n","protected":false},"author":1,"featured_media":0,"parent":0,"menu_order":0,"comment_status":"closed","ping_status":"closed","template":"","meta":{"_et_pb_use_builder":"on","_et_pb_old_content":"","_et_gb_content_width":"","_monsterinsights_skip_tracking":false,"_monsterinsights_sitenote_active":false,"_monsterinsights_sitenote_note":"","_monsterinsights_sitenote_category":0,"footnotes":""},"yoast_head":"<!-- This site is optimized with the Yoast SEO plugin v23.2 - https:\/\/yoast.com\/wordpress\/plugins\/seo\/ -->\n<title>Le groupe \u00e9talement urbain (GEU) - AGORAH Agence d&#039;urbanisme de La R\u00e9union<\/title>\n<meta name=\"robots\" content=\"index, follow, max-snippet:-1, max-image-preview:large, max-video-preview:-1\" \/>\n<link rel=\"canonical\" href=\"https:\/\/www.agorah.com\/index.php\/observatoire-occupation-du-sol\/\" \/>\n<meta property=\"og:locale\" content=\"fr_FR\" \/>\n<meta property=\"og:type\" content=\"article\" \/>\n<meta property=\"og:title\" content=\"Le groupe \u00e9talement urbain (GEU) - AGORAH Agence d&#039;urbanisme de La R\u00e9union\" \/>\n<meta property=\"og:description\" content=\"Observatoire de l\u2019occupation du sol Les travaux de l\u2019observatoire de l\u2019occupation du sol (ex - Groupe Etalement Urbain) men\u00e9s avec l\u2019ensemble des partenaires de l\u2019agence depuis 2003 ont permis de mesurer l\u2019\u00e9tat de l\u2019urbanisation \u00e0 la r\u00e9union autour d\u2019une d\u00e9finition partag\u00e9e de l\u2019espace urbain et son \u00e9volution depuis 1997. Chiffres cl\u00e9s 2020 : \u00c9talement urbain, [&hellip;]\" \/>\n<meta property=\"og:url\" content=\"https:\/\/www.agorah.com\/index.php\/observatoire-occupation-du-sol\/\" \/>\n<meta property=\"og:site_name\" content=\"AGORAH Agence d&#039;urbanisme de La R\u00e9union\" \/>\n<meta property=\"article:publisher\" content=\"https:\/\/www.facebook.com\/AgorahReunion\" \/>\n<meta property=\"article:modified_time\" content=\"2025-10-21T05:41:55+00:00\" \/>\n<meta name=\"twitter:card\" content=\"summary_large_image\" \/>\n<meta name=\"twitter:label1\" content=\"Dur\u00e9e de lecture estim\u00e9e\" \/>\n\t<meta name=\"twitter:data1\" content=\"2 minutes\" \/>\n<script type=\"application\/ld+json\" class=\"yoast-schema-graph\">{\"@context\":\"https:\/\/schema.org\",\"@graph\":[{\"@type\":\"WebPage\",\"@id\":\"https:\/\/www.agorah.com\/index.php\/observatoire-occupation-du-sol\/\",\"url\":\"https:\/\/www.agorah.com\/index.php\/observatoire-occupation-du-sol\/\",\"name\":\"Le groupe \u00e9talement urbain (GEU) - AGORAH Agence d&#039;urbanisme de La R\u00e9union\",\"isPartOf\":{\"@id\":\"https:\/\/www.agorah.com\/#website\"},\"datePublished\":\"2020-03-30T10:13:05+00:00\",\"dateModified\":\"2025-10-21T05:41:55+00:00\",\"breadcrumb\":{\"@id\":\"https:\/\/www.agorah.com\/index.php\/observatoire-occupation-du-sol\/#breadcrumb\"},\"inLanguage\":\"fr-FR\",\"potentialAction\":[{\"@type\":\"ReadAction\",\"target\":[\"https:\/\/www.agorah.com\/index.php\/observatoire-occupation-du-sol\/\"]}]},{\"@type\":\"BreadcrumbList\",\"@id\":\"https:\/\/www.agorah.com\/index.php\/observatoire-occupation-du-sol\/#breadcrumb\",\"itemListElement\":[{\"@type\":\"ListItem\",\"position\":1,\"name\":\"Accueil\",\"item\":\"https:\/\/www.agorah.com\/\"},{\"@type\":\"ListItem\",\"position\":2,\"name\":\"Le groupe \u00e9talement urbain (GEU)\"}]},{\"@type\":\"WebSite\",\"@id\":\"https:\/\/www.agorah.com\/#website\",\"url\":\"https:\/\/www.agorah.com\/\",\"name\":\"AGORAH Agence d'urbanisme de La R\u00e9union\",\"description\":\"AGORAH  Agence d&#039;urbanisme de La R\u00e9union\",\"publisher\":{\"@id\":\"https:\/\/www.agorah.com\/#organization\"},\"alternateName\":\"AGORAH\",\"potentialAction\":[{\"@type\":\"SearchAction\",\"target\":{\"@type\":\"EntryPoint\",\"urlTemplate\":\"https:\/\/www.agorah.com\/?s={search_term_string}\"},\"query-input\":\"required name=search_term_string\"}],\"inLanguage\":\"fr-FR\"},{\"@type\":\"Organization\",\"@id\":\"https:\/\/www.agorah.com\/#organization\",\"name\":\"AGORAH Agence d'urbanisme de La R\u00e9union\",\"alternateName\":\"AGORAH\",\"url\":\"https:\/\/www.agorah.com\/\",\"logo\":{\"@type\":\"ImageObject\",\"inLanguage\":\"fr-FR\",\"@id\":\"https:\/\/www.agorah.com\/#\/schema\/logo\/image\/\",\"url\":\"https:\/\/www.agorah.com\/wp-content\/uploads\/2020\/05\/LOGO-SITE-BASELINE-4.png\",\"contentUrl\":\"https:\/\/www.agorah.com\/wp-content\/uploads\/2020\/05\/LOGO-SITE-BASELINE-4.png\",\"width\":5111,\"height\":982,\"caption\":\"AGORAH Agence d'urbanisme de La R\u00e9union\"},\"image\":{\"@id\":\"https:\/\/www.agorah.com\/#\/schema\/logo\/image\/\"},\"sameAs\":[\"https:\/\/www.facebook.com\/AgorahReunion\",\"https:\/\/www.linkedin.com\/company\/agorah-agence-durbanisme--la-runion\/mycompany\/?viewAsMember=true\"]}]}<\/script>\n<!-- \/ Yoast SEO plugin. -->","yoast_head_json":{"title":"Le groupe \u00e9talement urbain (GEU) - AGORAH Agence d&#039;urbanisme de La R\u00e9union","robots":{"index":"index","follow":"follow","max-snippet":"max-snippet:-1","max-image-preview":"max-image-preview:large","max-video-preview":"max-video-preview:-1"},"canonical":"https:\/\/www.agorah.com\/index.php\/observatoire-occupation-du-sol\/","og_locale":"fr_FR","og_type":"article","og_title":"Le groupe \u00e9talement urbain (GEU) - AGORAH Agence d&#039;urbanisme de La R\u00e9union","og_description":"Observatoire de l\u2019occupation du sol Les travaux de l\u2019observatoire de l\u2019occupation du sol (ex - Groupe Etalement Urbain) men\u00e9s avec l\u2019ensemble des partenaires de l\u2019agence depuis 2003 ont permis de mesurer l\u2019\u00e9tat de l\u2019urbanisation \u00e0 la r\u00e9union autour d\u2019une d\u00e9finition partag\u00e9e de l\u2019espace urbain et son \u00e9volution depuis 1997. Chiffres cl\u00e9s 2020 : \u00c9talement urbain, [&hellip;]","og_url":"https:\/\/www.agorah.com\/index.php\/observatoire-occupation-du-sol\/","og_site_name":"AGORAH Agence d&#039;urbanisme de La R\u00e9union","article_publisher":"https:\/\/www.facebook.com\/AgorahReunion","article_modified_time":"2025-10-21T05:41:55+00:00","twitter_card":"summary_large_image","twitter_misc":{"Dur\u00e9e de lecture estim\u00e9e":"2 minutes"},"schema":{"@context":"https:\/\/schema.org","@graph":[{"@type":"WebPage","@id":"https:\/\/www.agorah.com\/index.php\/observatoire-occupation-du-sol\/","url":"https:\/\/www.agorah.com\/index.php\/observatoire-occupation-du-sol\/","name":"Le groupe \u00e9talement urbain (GEU) - AGORAH Agence d&#039;urbanisme de La R\u00e9union","isPartOf":{"@id":"https:\/\/www.agorah.com\/#website"},"datePublished":"2020-03-30T10:13:05+00:00","dateModified":"2025-10-21T05:41:55+00:00","breadcrumb":{"@id":"https:\/\/www.agorah.com\/index.php\/observatoire-occupation-du-sol\/#breadcrumb"},"inLanguage":"fr-FR","potentialAction":[{"@type":"ReadAction","target":["https:\/\/www.agorah.com\/index.php\/observatoire-occupation-du-sol\/"]}]},{"@type":"BreadcrumbList","@id":"https:\/\/www.agorah.com\/index.php\/observatoire-occupation-du-sol\/#breadcrumb","itemListElement":[{"@type":"ListItem","position":1,"name":"Accueil","item":"https:\/\/www.agorah.com\/"},{"@type":"ListItem","position":2,"name":"Le groupe \u00e9talement urbain (GEU)"}]},{"@type":"WebSite","@id":"https:\/\/www.agorah.com\/#website","url":"https:\/\/www.agorah.com\/","name":"AGORAH Agence d'urbanisme de La R\u00e9union","description":"AGORAH  Agence d&#039;urbanisme de La R\u00e9union","publisher":{"@id":"https:\/\/www.agorah.com\/#organization"},"alternateName":"AGORAH","potentialAction":[{"@type":"SearchAction","target":{"@type":"EntryPoint","urlTemplate":"https:\/\/www.agorah.com\/?s={search_term_string}"},"query-input":"required name=search_term_string"}],"inLanguage":"fr-FR"},{"@type":"Organization","@id":"https:\/\/www.agorah.com\/#organization","name":"AGORAH Agence d'urbanisme de La R\u00e9union","alternateName":"AGORAH","url":"https:\/\/www.agorah.com\/","logo":{"@type":"ImageObject","inLanguage":"fr-FR","@id":"https:\/\/www.agorah.com\/#\/schema\/logo\/image\/","url":"https:\/\/www.agorah.com\/wp-content\/uploads\/2020\/05\/LOGO-SITE-BASELINE-4.png","contentUrl":"https:\/\/www.agorah.com\/wp-content\/uploads\/2020\/05\/LOGO-SITE-BASELINE-4.png","width":5111,"height":982,"caption":"AGORAH Agence d'urbanisme de La R\u00e9union"},"image":{"@id":"https:\/\/www.agorah.com\/#\/schema\/logo\/image\/"},"sameAs":["https:\/\/www.facebook.com\/AgorahReunion","https:\/\/www.linkedin.com\/company\/agorah-agence-durbanisme--la-runion\/mycompany\/?viewAsMember=true"]}]}},"_links":{"self":[{"href":"https:\/\/www.agorah.com\/index.php\/wp-json\/wp\/v2\/pages\/995"}],"collection":[{"href":"https:\/\/www.agorah.com\/index.php\/wp-json\/wp\/v2\/pages"}],"about":[{"href":"https:\/\/www.agorah.com\/index.php\/wp-json\/wp\/v2\/types\/page"}],"author":[{"embeddable":true,"href":"https:\/\/www.agorah.com\/index.php\/wp-json\/wp\/v2\/users\/1"}],"replies":[{"embeddable":true,"href":"https:\/\/www.agorah.com\/index.php\/wp-json\/wp\/v2\/comments?post=995"}],"version-history":[{"count":7,"href":"https:\/\/www.agorah.com\/index.php\/wp-json\/wp\/v2\/pages\/995\/revisions"}],"predecessor-version":[{"id":4717,"href":"https:\/\/www.agorah.com\/index.php\/wp-json\/wp\/v2\/pages\/995\/revisions\/4717"}],"wp:attachment":[{"href":"https:\/\/www.agorah.com\/index.php\/wp-json\/wp\/v2\/media?parent=995"}],"curies":[{"name":"wp","href":"https:\/\/api.w.org\/{rel}","templated":true}]}}